{"id":2910,"date":"2024-06-03T09:41:54","date_gmt":"2024-06-03T07:41:54","guid":{"rendered":"https:\/\/veganbusinesscircle.com\/contact\/"},"modified":"2025-05-05T08:30:33","modified_gmt":"2025-05-05T06:30:33","slug":"contact","status":"publish","type":"page","link":"https:\/\/veganbusinesscircle.com\/de\/contact\/","title":{"rendered":"Contact"},"content":{"rendered":"\t\t<div data-elementor-type=\"wp-page\" data-elementor-id=\"2910\" class=\"elementor elementor-2910 elementor-927\" data-elementor-post-type=\"page\">\n\t\t\t\t<div class=\"elementor-element elementor-element-ed42ca8 e-flex e-con-boxed e-con e-parent\" data-id=\"ed42ca8\" data-element_type=\"container\" data-e-type=\"container\">\n\t\t\t\t\t<div class=\"e-con-inner\">\n\t\t\t\t<div class=\"elementor-element elementor-element-3e0d23c elementor-widget elementor-widget-heading\" data-id=\"3e0d23c\" data-element_type=\"widget\" data-e-type=\"widget\" data-widget_type=\"heading.default\">\n\t\t\t\t<div class=\"elementor-widget-container\">\n\t\t\t\t\t<h2 class=\"elementor-heading-title elementor-size-default\">Contact<\/h2>\t\t\t\t<\/div>\n\t\t\t\t<\/div>\n\t\t\t\t<div class=\"elementor-element elementor-element-8eba52a elementor-widget elementor-widget-text-editor\" data-id=\"8eba52a\" data-element_type=\"widget\" data-e-type=\"widget\" data-widget_type=\"text-editor.default\">\n\t\t\t\t<div class=\"elementor-widget-container\">\n\t\t\t\t\t\t\t\t\t<p><strong>N\u00f6v\u00e9nyi Forradalom Nonprofit Kft.<\/strong><br \/>+36-70-884-2285<br \/>info@veganbusinesscircle.hu<br \/>1138 Budapest, P\u00e1rk\u00e1ny utca 12. 7. floor. 43.   <\/p>\n\t\t\t\t\t\t\t\t<\/div>\n\t\t\t\t<\/div>\n\t\t\t\t<div class=\"elementor-element elementor-element-20671a3 elementor-shape-circle elementor-grid-0 e-grid-align-center elementor-widget elementor-widget-social-icons\" data-id=\"20671a3\" data-element_type=\"widget\" data-e-type=\"widget\" data-widget_type=\"social-icons.default\">\n\t\t\t\t<div class=\"elementor-widget-container\">\n\t\t\t\t\t\t\t<div class=\"elementor-social-icons-wrapper elementor-grid\" role=\"list\">\n\t\t\t\t\t\t\t<span class=\"elementor-grid-item\" role=\"listitem\">\n\t\t\t\t\t<a class=\"elementor-icon elementor-social-icon elementor-social-icon- elementor-repeater-item-519dd0d\" target=\"_blank\">\n\t\t\t\t\t\t<span class=\"elementor-screen-only\"><\/span>\n\t\t\t\t\t\t<svg xmlns=\"http:\/\/www.w3.org\/2000\/svg\" width=\"51\" height=\"50\" viewBox=\"0 0 51 50\" fill=\"none\"><path d=\"M50.3056 25.1524C50.3056 11.2607 39.044 0 25.1533 0C11.2616 0 0 11.2607 0 25.1524C0 37.7071 9.19823 48.1126 21.223 50V32.423H14.8362V25.1524H21.223V19.6118C21.223 13.3072 24.9781 9.82556 30.7233 9.82556C33.4748 9.82556 36.3541 10.3162 36.3541 10.3162V16.5064H33.1817C30.0575 16.5064 29.0826 18.4456 29.0826 20.4348V25.1524H36.0592L34.944 32.423H29.0826V50C41.1074 48.1126 50.3056 37.7071 50.3056 25.1524Z\" fill=\"#8FD400\" fill-opacity=\"0.6\"><\/path><\/svg>\t\t\t\t\t<\/a>\n\t\t\t\t<\/span>\n\t\t\t\t\t\t\t<span class=\"elementor-grid-item\" role=\"listitem\">\n\t\t\t\t\t<a class=\"elementor-icon elementor-social-icon elementor-social-icon- elementor-repeater-item-4c7cb9e\" target=\"_blank\">\n\t\t\t\t\t\t<span class=\"elementor-screen-only\"><\/span>\n\t\t\t\t\t\t<svg xmlns=\"http:\/\/www.w3.org\/2000\/svg\" width=\"50\" height=\"50\" viewBox=\"0 0 50 50\" fill=\"none\"><path fill-rule=\"evenodd\" clip-rule=\"evenodd\" d=\"M13.2006 17.9827C13.2006 17.7447 13.2583 17.6603 13.5106 17.6621C15.1475 17.6727 16.7845 17.6754 18.4215 17.6603C18.7359 17.6567 18.7785 17.7793 18.7776 18.0484C18.7705 20.912 18.7732 23.7747 18.7732 26.6374C18.7732 29.477 18.7679 32.3175 18.7794 35.1571C18.7812 35.4724 18.7021 35.5684 18.3753 35.5648C16.7623 35.5462 15.1484 35.5506 13.5354 35.5621C13.277 35.5639 13.1988 35.4991 13.1997 35.2317C13.2068 29.4824 13.2059 23.733 13.2006 17.9827ZM22.2781 35.23C22.2852 29.4903 22.2852 23.7498 22.2772 18.0093C22.2772 17.7251 22.3705 17.6594 22.6387 17.6621C24.1824 17.6736 25.727 17.6745 27.2707 17.6612C27.5549 17.6585 27.6278 17.75 27.6216 18.0191C27.6056 18.7048 27.6162 19.3914 27.6162 20.078C27.9893 19.6596 28.2957 19.2342 28.6785 18.8736C29.8545 17.7651 31.2463 17.2055 32.87 17.2197C33.7635 17.2268 34.6455 17.2917 35.5062 17.5404C37.4754 18.1097 38.6194 19.4651 39.1647 21.3881C39.5733 22.8297 39.6488 24.3103 39.6515 25.7954C39.6568 28.929 39.6426 32.0617 39.6488 35.1953C39.6497 35.4884 39.568 35.5657 39.2793 35.563C37.6654 35.5497 36.0507 35.5497 34.4368 35.563C34.1526 35.5657 34.0913 35.4778 34.0922 35.2095C34.101 32.2278 34.1037 29.247 34.0939 26.2661C34.0913 25.5192 34.0442 24.7722 33.8346 24.0456C33.4482 22.708 32.4907 22.0258 31.0891 22.1004C29.175 22.2008 28.1793 23.1494 27.9351 25.0955C27.8774 25.56 27.8489 26.0254 27.8498 26.4935C27.8525 29.3926 27.8472 32.2926 27.8578 35.1918C27.8587 35.4804 27.7859 35.5657 27.491 35.563C25.8656 35.5488 24.2393 35.5506 22.6138 35.5621C22.3527 35.5639 22.2772 35.4938 22.2781 35.23ZM15.994 15.1999C14.238 15.2008 12.7787 13.7468 12.7725 11.9917C12.7662 10.2171 14.2247 8.75597 16.0002 8.75775C17.7633 8.75953 19.2164 10.2073 19.2182 11.9642C19.2191 13.7468 17.7722 15.1999 15.994 15.1999ZM0 24.9996C0 38.8068 11.1932 50 25.0004 50C38.8068 50 50 38.8068 50 24.9996C50 11.1932 38.8068 0 25.0004 0C11.1932 0 0 11.1932 0 24.9996Z\" fill=\"#8FD400\" fill-opacity=\"0.6\"><\/path><\/svg>\t\t\t\t\t<\/a>\n\t\t\t\t<\/span>\n\t\t\t\t\t\t\t<span class=\"elementor-grid-item\" role=\"listitem\">\n\t\t\t\t\t<a class=\"elementor-icon elementor-social-icon elementor-social-icon- elementor-repeater-item-981b911\" target=\"_blank\">\n\t\t\t\t\t\t<span class=\"elementor-screen-only\"><\/span>\n\t\t\t\t\t\t<svg xmlns=\"http:\/\/www.w3.org\/2000\/svg\" width=\"50\" height=\"50\" viewBox=\"0 0 50 50\" fill=\"none\"><path d=\"M50 24.9996C50 38.8068 38.8068 50 25.0004 50C11.1932 50 0 38.8068 0 24.9996C0 11.1932 11.1932 0 25.0004 0C38.8068 0 50 11.1932 50 24.9996ZM21.818 29.7728V20.2272L30.0854 24.9996L21.818 29.7728ZM40.2457 17.3414C39.8797 15.9718 38.8014 14.8935 37.4318 14.5276C34.9511 13.8623 25.0004 13.8623 25.0004 13.8623C25.0004 13.8623 15.0489 13.8623 12.5673 14.5276C11.1986 14.8935 10.1203 15.9718 9.75432 17.3414C9.08994 19.8222 9.08994 24.9996 9.08994 24.9996C9.08994 24.9996 9.08994 30.1778 9.75432 32.6586C10.1203 34.0282 11.1986 35.1065 12.5673 35.4724C15.0489 36.1377 25.0004 36.1377 25.0004 36.1377C25.0004 36.1377 34.9511 36.1377 37.4318 35.4724C38.8014 35.1065 39.8797 34.0282 40.2457 32.6586C40.9109 30.1778 40.9109 24.9996 40.9109 24.9996C40.9109 24.9996 40.9109 19.8222 40.2457 17.3414Z\" fill=\"#8FD400\" fill-opacity=\"0.6\"><\/path><\/svg>\t\t\t\t\t<\/a>\n\t\t\t\t<\/span>\n\t\t\t\t\t<\/div>\n\t\t\t\t\t\t<\/div>\n\t\t\t\t<\/div>\n\t\t\t\t\t<\/div>\n\t\t\t\t<\/div>\n\t\t\t\t<\/div>\n\t\t","protected":false},"excerpt":{"rendered":"<p>Contact N\u00f6v\u00e9nyi Forradalom Nonprofit Kft.+36-70-884-2285info@veganbusinesscircle.hu1138 Budapest, P\u00e1rk\u00e1ny utca 12. 7. floor. 43.<\/p>\n","protected":false},"author":1,"featured_media":0,"parent":0,"menu_order":0,"comment_status":"closed","ping_status":"closed","template":"","meta":{"_acf_changed":false,"inline_featured_image":false,"footnotes":""},"class_list":["post-2910","page","type-page","status-publish","hentry"],"acf":[],"_links":{"self":[{"href":"https:\/\/veganbusinesscircle.com\/de\/wp-json\/wp\/v2\/pages\/2910","targetHints":{"allow":["GET"]}}],"collection":[{"href":"https:\/\/veganbusinesscircle.com\/de\/wp-json\/wp\/v2\/pages"}],"about":[{"href":"https:\/\/veganbusinesscircle.com\/de\/wp-json\/wp\/v2\/types\/page"}],"author":[{"embeddable":true,"href":"https:\/\/veganbusinesscircle.com\/de\/wp-json\/wp\/v2\/users\/1"}],"replies":[{"embeddable":true,"href":"https:\/\/veganbusinesscircle.com\/de\/wp-json\/wp\/v2\/comments?post=2910"}],"version-history":[{"count":1,"href":"https:\/\/veganbusinesscircle.com\/de\/wp-json\/wp\/v2\/pages\/2910\/revisions"}],"predecessor-version":[{"id":2911,"href":"https:\/\/veganbusinesscircle.com\/de\/wp-json\/wp\/v2\/pages\/2910\/revisions\/2911"}],"wp:attachment":[{"href":"https:\/\/veganbusinesscircle.com\/de\/wp-json\/wp\/v2\/media?parent=2910"}],"curies":[{"name":"wp","href":"https:\/\/api.w.org\/{rel}","templated":true}]}}