{"id":9444,"date":"2025-10-20T10:17:20","date_gmt":"2025-10-20T08:17:20","guid":{"rendered":"https:\/\/veganbusinesscircle.com\/code-of-ethics\/"},"modified":"2026-01-21T09:47:34","modified_gmt":"2026-01-21T08:47:34","slug":"code-of-ethics","status":"publish","type":"page","link":"https:\/\/veganbusinesscircle.com\/de\/code-of-ethics\/","title":{"rendered":"Ethikkodex"},"content":{"rendered":"\t\t<div data-elementor-type=\"wp-page\" data-elementor-id=\"9444\" class=\"elementor elementor-9444 elementor-8026\" data-elementor-post-type=\"page\">\n\t\t\t\t<div class=\"elementor-element elementor-element-42c7fca1 e-flex e-con-boxed e-con e-parent\" data-id=\"42c7fca1\" data-element_type=\"container\" data-e-type=\"container\">\n\t\t\t\t\t<div class=\"e-con-inner\">\n\t\t\t\t<div class=\"elementor-element elementor-element-5f1e49ff elementor-widget elementor-widget-heading\" data-id=\"5f1e49ff\" data-element_type=\"widget\" data-e-type=\"widget\" data-widget_type=\"heading.default\">\n\t\t\t\t<div class=\"elementor-widget-container\">\n\t\t\t\t\t<h2 class=\"elementor-heading-title elementor-size-default\">Betriebs- und Ethikkodex<\/h2>\t\t\t\t<\/div>\n\t\t\t\t<\/div>\n\t\t\t\t<div class=\"elementor-element elementor-element-1a3366e4 elementor-widget elementor-widget-text-editor\" data-id=\"1a3366e4\" data-element_type=\"widget\" data-e-type=\"widget\" data-widget_type=\"text-editor.default\">\n\t\t\t\t<div class=\"elementor-widget-container\">\n\t\t\t\t\t\t\t\t\t<p><span style=\"font-weight: 400;\">Der VBC ist eine Business-Community f\u00fcr Unternehmen, die die pflanzenbasierte Revolution unterst\u00fctzen. Unsere Vision ist es, pflanzenbasierte Produkte an mehr Orten in besserer Qualit\u00e4t verf\u00fcgbar zu machen, die Nutzung von Tieren zu reduzieren und zu einer friedlicheren, ges\u00fcnderen und nachhaltigeren Welt beizutragen. Der VBC ist eine internationale Organisation, die sich aus Unternehmern und F\u00fchrungskr\u00e4ften zusammensetzt, die sich mit dieser Vision und Mission identifizieren. Ihr Ziel ist es, das Wachstum ihrer eigenen Unternehmen, der Unternehmen ihrer Mitstreiter sowie des VBC als Organisation zu f\u00f6rdern.<\/span><\/p>\n<p><span style=\"font-weight: 400;\">Wir bauen eine gut funktionierende internationale Business-Community auf, in der sich die Mitglieder dem Tierschutz, der Nachhaltigkeit sowie hochwertigen und echten Gesch\u00e4ftsbeziehungen verpflichten. Der VBC bietet seinen Mitgliedern M\u00f6glichkeiten zum Austausch von Netzwerken und Wissen und f\u00f6rdert gegenseitige Unterst\u00fctzung.<br \/><br \/><\/span><\/p>\n<h3><b>VBC Ethikkodex<\/b><\/h3>\n<ol>\n<li><span style=\"font-weight: 400;\">Ich trage aktiv dazu bei, die VBC Community zu einem unterst\u00fctzenden und erfolgreichen Umfeld zu machen.<\/span><\/li>\n<li><span style=\"font-weight: 400;\">W\u00e4hrend VBC Veranstaltungen handle ich nach Treu und Glauben und unterst\u00fctze die anderen Gruppenmitglieder.<\/span><span style=\"font-weight: 400;\"><br \/><\/span><\/li>\n<li><span style=\"font-weight: 400;\">Ich bin ehrlich gegen\u00fcber Mitgliedern sowie gegen\u00fcber Gesch\u00e4ftspartnern, die mir empfohlen werden.<\/span><\/li>\n<li><span style=\"font-weight: 400;\">Ich baue Wohlwollen und Vertrauen zu Mitgliedern und empfohlenen Partnern auf.<\/span><span style=\"font-weight: 400;\"><br \/><\/span><\/li>\n<li><span style=\"font-weight: 400;\">Ich \u00fcbernehme Verantwortung f\u00fcr die Nachverfolgung erhaltener Gesch\u00e4ftsempfehlungen.<\/span><span style=\"font-weight: 400;\"><br \/><\/span><\/li>\n<li><span style=\"font-weight: 400;\">Ich \u00fcbernehme Verantwortung f\u00fcr die Authentizit\u00e4t und Zuverl\u00e4ssigkeit der von mir empfohlenen Gesch\u00e4ftspartner.<\/span><span style=\"font-weight: 400;\"><br \/><\/span><\/li>\n<li><span style=\"font-weight: 400;\">Ich unterst\u00fctze aktiv die Mission und den Betrieb des VBC.<br \/><\/span><\/li>\n<\/ol>\n<h3><b>VBC Kernwerte<\/b><\/h3>\n<ol>\n<li><span style=\"font-weight: 400;\">Hochwertige Produkte und Dienstleistungen ohne tierische Bestandteile und ohne Objektifizierung von Tieren.<\/span><span style=\"font-weight: 400;\"><br \/><\/span><\/li>\n<li><span style=\"font-weight: 400;\">Kontinuierlicher und konsequenter Aufbau von Beziehungen.<\/span><span style=\"font-weight: 400;\"><br \/><\/span><\/li>\n<li><span style=\"font-weight: 400;\">Bildung und lebenslanges Lernen.<\/span><span style=\"font-weight: 400;\"><br \/><\/span><\/li>\n<li><span style=\"font-weight: 400;\">Positive Haltung.<\/span><span style=\"font-weight: 400;\"><br \/><\/span><\/li>\n<li><span style=\"font-weight: 400;\">Ehrlichkeit, Treu und Glauben sowie Vertrauen.<br \/><\/span><\/li>\n<\/ol>\n<h2><b>Betriebsregeln<\/b><\/h2>\n<ol>\n<li><span style=\"font-weight: 400;\">Jede Person, die der Mission und den Kernwerten des VBC zustimmt, kann Mitglied einer VBC Gruppe werden.<\/span><\/li>\n<li><span style=\"font-weight: 400;\">Die Mitgliedschaft setzt die Anerkennung der Allgemeinen Gesch\u00e4ftsbedingungen sowie der Betriebs- und Ethikrichtlinien, die Zustimmung der Gruppenleitung und die Zahlung des Mitgliedsbeitrags voraus.<\/span><\/li>\n<li><span style=\"font-weight: 400;\">Mitglieder m\u00fcssen regelm\u00e4ssig an Gruppentreffen teilnehmen, p\u00fcnktlich erscheinen und f\u00fcr die gesamte Dauer anwesend sein.<\/span><\/li>\n<li><span style=\"font-weight: 400;\">Die Teilnahme ist entscheidend f\u00fcr den Erfolg der Gruppe. Kann ein Mitglied nicht teilnehmen, darf es eine Vertretung entsenden, die kein Gruppenmitglied ist, zum Beispiel einen Kunden, Klienten, Patienten, Freund, potenziellen Partner oder Kollegen. Die Gruppenleitung ist \u00fcber die Vertretung zu informieren.<\/span><\/li>\n<li><span style=\"font-weight: 400;\">Ein nicht der Gruppe angeh\u00f6render Gast darf innerhalb eines zusammenh\u00e4ngenden Zeitraums von 12 Monaten maximal zweimal an VBC Gruppentreffen teilnehmen.<\/span><\/li>\n<li><span style=\"font-weight: 400;\">Eine Person kann jeweils nur Mitglied einer einzigen VBC Gruppe sein, darf jedoch ohne Einschr\u00e4nkungen jede VBC Gruppe als Gast besuchen.<\/span><\/li>\n<li><span style=\"font-weight: 400;\">Von den Mitgliedern wird erwartet, dass sie hochwertige Gesch\u00e4ftsempfehlungen sowie Gastbesucher in ihre VBC Gruppe einbringen. Jede Gruppe kann eine Mindestanzahl an Empfehlungen und G\u00e4sten festlegen, die zur Aufrechterhaltung der Mitgliedschaft erforderlich ist.<\/span><\/li>\n<li><span style=\"font-weight: 400;\">Der Zweck der VBC Mitgliederlisten besteht in der Erm\u00f6glichung von Gesch\u00e4ftsempfehlungen. Die Daten der Mitglieder d\u00fcrfen daher nicht f\u00fcr andere Zwecke verwendet werden, zum Beispiel f\u00fcr unerw\u00fcnschte E Mails oder Direktmarketing, sofern keine vorherige Zustimmung vorliegt. Mitglieder erkl\u00e4ren sich jedoch damit einverstanden, gelegentlich Mitteilungen vom VBC zur Unterst\u00fctzung ihres Gesch\u00e4ftserfolgs zu erhalten.<\/span><\/li>\n<li><span style=\"font-weight: 400;\">Innerhalb der ersten 30 Tage der Mitgliedschaft m\u00fcssen alle neuen VBC Mitglieder an einem Einf\u00fchrungskurs teilnehmen, um ihren Erfolg zu maximieren.<\/span><\/li>\n<li><span style=\"font-weight: 400;\">Mitgliedern ist es nicht gestattet, geistiges Eigentum des VBC wie Logos, Marken, Namen, Slogans oder urheberrechtlich gesch\u00fctzte Materialien ohne vorherige schriftliche Zustimmung der internationalen VBC Leitung f\u00fcr Herstellung, Vertrieb, Verkauf, Werbung oder andere Zwecke zu verwenden.<\/span><\/li>\n<li><span style=\"font-weight: 400;\">Der VBC kann Gruppen in jeder Stadt oder Gemeinschaft gr\u00fcnden und beh\u00e4lt sich das Recht vor, bei entsprechender Nachfrage mehrere Gruppen an einem Standort einzurichten.<\/span><\/li>\n<li><span style=\"font-weight: 400;\">Die Mitgliedschaft in einer VBC Gruppe erfordert die Zahlung eines Mitgliedsbeitrags mit j\u00e4hrlicher Verl\u00e4ngerung. Die genaue H\u00f6he der Beitr\u00e4ge wird von der Gruppenleitung bekannt gegeben und ist auf der offiziellen VBC Website einsehbar. Neue Mitglieder m\u00fcssen den Beitrag innerhalb von 8 Tagen nach Einreichung ihres Antrags begleichen. Die Zahlung gilt als erfolgt, sobald der Betrag dem VBC Konto gutgeschrieben wurde.<\/span><\/li>\n<li><span style=\"font-weight: 400;\">Der j\u00e4hrliche Mitgliedsbeitrag ist jedes Jahr zu entrichten. Erfolgt die Zahlung nicht innerhalb von 8 Tagen nach dem Verl\u00e4ngerungsdatum, wird das Mitglied aus dem VBC ausgeschlossen. Ein erneuter Beitritt erfordert die erneute Zahlung der Aufnahmegeb\u00fchr.<\/span><\/li>\n<li><span style=\"font-weight: 400;\">Mitgliedsbeitr\u00e4ge sind nach Annahme der Mitgliedschaft nicht r\u00fcckerstattbar. Mitglieder k\u00f6nnen jedoch eine Best\u00e4tigung \u00fcber nicht genutzte Mitgliedschaftszeitr\u00e4ume anfordern.<\/span><\/li>\n<li><span style=\"font-weight: 400;\">Mitgliedsbeitr\u00e4ge sind nicht auf andere Personen oder juristische Einheiten \u00fcbertragbar, es sei denn, der Beitrag wurde von einem Unternehmen bezahlt. In diesem Fall kann das Unternehmen einen anderen Mitarbeiter als Ersatz benennen.<\/span><\/li>\n<li><span style=\"font-weight: 400;\">Beantragt ein Mitglied den Wechsel in eine andere VBC Gruppe, ist ein entsprechender \u00dcbertragungsantrag einzureichen. Betr\u00e4gt der im Voraus bezahlte Mitgliedschaftszeitraum weniger als 12 Monate, ist bei einem Wechsel ein zus\u00e4tzlicher voller Jahresbeitrag zu entrichten. Bei Genehmigung wird die verbleibende Mitgliedschaftsdauer zur neuen 12 monatigen Laufzeit hinzugef\u00fcgt.<\/span><\/li>\n<li><span style=\"font-weight: 400;\">Ist ein VBC Mitglied im Multi Level Marketing t\u00e4tig, darf es seine Produkte und Dienstleistungen vorstellen, jedoch weder die Vorteile eines Beitritts zum MLM System bewerben noch G\u00e4ste daf\u00fcr rekrutieren.<\/span><\/li>\n<\/ol>\n<p><span style=\"font-weight: 400;\">Dieses Dokument legt die ethischen und betrieblichen Grunds\u00e4tze fest, die den VBC bei der F\u00f6rderung eines erfolgreichen, ethischen und nachhaltigen Business Netzwerks leiten.<\/span><\/p>\t\t\t\t\t\t\t\t<\/div>\n\t\t\t\t<\/div>\n\t\t\t\t\t<\/div>\n\t\t\t\t<\/div>\n\t\t\t\t<\/div>\n\t\t","protected":false},"excerpt":{"rendered":"<p>Betriebs- und Ethikkodex Der VBC ist eine Business-Community f\u00fcr Unternehmen, die die pflanzenbasierte Revolution unterst\u00fctzen. Unsere Vision ist es, pflanzenbasierte Produkte an mehr Orten in besserer Qualit\u00e4t verf\u00fcgbar zu machen, die Nutzung von Tieren zu reduzieren und zu einer friedlicheren, ges\u00fcnderen und nachhaltigeren Welt beizutragen. Der VBC ist eine internationale Organisation, die sich aus Unternehmern [&hellip;]<\/p>\n","protected":false},"author":15,"featured_media":0,"parent":0,"menu_order":0,"comment_status":"closed","ping_status":"closed","template":"","meta":{"_acf_changed":false,"inline_featured_image":false,"footnotes":""},"class_list":["post-9444","page","type-page","status-publish","hentry"],"acf":[],"_links":{"self":[{"href":"https:\/\/veganbusinesscircle.com\/de\/wp-json\/wp\/v2\/pages\/9444","targetHints":{"allow":["GET"]}}],"collection":[{"href":"https:\/\/veganbusinesscircle.com\/de\/wp-json\/wp\/v2\/pages"}],"about":[{"href":"https:\/\/veganbusinesscircle.com\/de\/wp-json\/wp\/v2\/types\/page"}],"author":[{"embeddable":true,"href":"https:\/\/veganbusinesscircle.com\/de\/wp-json\/wp\/v2\/users\/15"}],"replies":[{"embeddable":true,"href":"https:\/\/veganbusinesscircle.com\/de\/wp-json\/wp\/v2\/comments?post=9444"}],"version-history":[{"count":7,"href":"https:\/\/veganbusinesscircle.com\/de\/wp-json\/wp\/v2\/pages\/9444\/revisions"}],"predecessor-version":[{"id":9647,"href":"https:\/\/veganbusinesscircle.com\/de\/wp-json\/wp\/v2\/pages\/9444\/revisions\/9647"}],"wp:attachment":[{"href":"https:\/\/veganbusinesscircle.com\/de\/wp-json\/wp\/v2\/media?parent=9444"}],"curies":[{"name":"wp","href":"https:\/\/api.w.org\/{rel}","templated":true}]}}