{"id":9601,"date":"2024-05-25T09:32:06","date_gmt":"2024-05-25T07:32:06","guid":{"rendered":"https:\/\/veganbusinesscircle.com\/impressum-2\/"},"modified":"2026-01-19T14:49:43","modified_gmt":"2026-01-19T13:49:43","slug":"impressum-2","status":"publish","type":"page","link":"https:\/\/veganbusinesscircle.com\/de\/impressum-2\/","title":{"rendered":"Impressum"},"content":{"rendered":"\t\t<div data-elementor-type=\"wp-page\" data-elementor-id=\"9601\" class=\"elementor elementor-9601 elementor-2898\" data-elementor-post-type=\"page\">\n\t\t\t\t<div class=\"elementor-element elementor-element-47cd1058 e-flex e-con-boxed e-con e-parent\" data-id=\"47cd1058\" data-element_type=\"container\" data-e-type=\"container\">\n\t\t\t\t\t<div class=\"e-con-inner\">\n\t\t\t\t<div class=\"elementor-element elementor-element-55e65e4 elementor-widget elementor-widget-text-editor\" data-id=\"55e65e4\" data-element_type=\"widget\" data-e-type=\"widget\" data-widget_type=\"text-editor.default\">\n\t\t\t\t<div class=\"elementor-widget-container\">\n\t\t\t\t\t\t\t\t\t<p><b>Betreiber der Website <\/b><b>impressum<\/b><\/p><table><tbody><tr><td colspan=\"2\"><p><b>  DATEN DES F\u00dcR DIE VERARBEITUNG VERANTWORTLICHEN<\/b><\/p><\/td><\/tr><tr><td><p><span style=\"font-weight: 400;\">Name: <\/span><\/p><p><span style=\"font-weight: 400;\">Adresse:<\/span><\/p><p><span style=\"font-weight: 400;\">Kontakt:<\/span><\/p><p><span style=\"font-weight: 400;\">Registrierungsnummer des Unternehmens:<\/span><\/p><p><span style=\"font-weight: 400;\">Steuernummer:<\/span><\/p><p><span style=\"font-weight: 400;\">Bankkontonummer:<\/span><\/p><p><span style=\"font-weight: 400;\">Registrierungsbeh\u00f6rde:<\/span><\/p><\/td><td><p><span style=\"font-weight: 400;\">N\u00f6v\u00e9nyi Forradalom Nonprofit Kft.  <\/span><\/p><p><span style=\"font-weight: 400;\">1138 Budapest, P\u00e1rk\u00e1ny u. 12. 7.em.43.<\/span><\/p><p><a href=\"mailto:info@veganbusinesscircle.com\"><span style=\"font-weight: 400;\">info@veganbusinesscircle.com<\/span><\/a><\/p><p><span style=\"font-weight: 400;\">Cg.01-09-403212<\/span><\/p><p><span style=\"font-weight: 400;\">32024551-2-41<\/span><\/p><p><span style=\"font-weight: 400;\">16200223-10167205-00000000<\/span><\/p><p><span style=\"font-weight: 400;\">Gerichtshof von Budapest (F\u0151v\u00e1rosi T\u00f6rv\u00e9nysz\u00e9k C\u00e9gb\u00edr\u00f3s\u00e1ga)<\/span><\/p><\/td><\/tr><\/tbody><\/table>\t\t\t\t\t\t\t\t<\/div>\n\t\t\t\t<\/div>\n\t\t\t\t\t<\/div>\n\t\t\t\t<\/div>\n\t\t\t\t<\/div>\n\t\t","protected":false},"excerpt":{"rendered":"<p>Betreiber der Website impressum DATEN DES F\u00dcR DIE VERARBEITUNG VERANTWORTLICHEN Name: Adresse: Kontakt: Registrierungsnummer des Unternehmens: Steuernummer: Bankkontonummer: Registrierungsbeh\u00f6rde: N\u00f6v\u00e9nyi Forradalom Nonprofit Kft. 1138 Budapest, P\u00e1rk\u00e1ny u. 12. 7.em.43. info@veganbusinesscircle.com Cg.01-09-403212 32024551-2-41 16200223-10167205-00000000 Gerichtshof von Budapest (F\u0151v\u00e1rosi T\u00f6rv\u00e9nysz\u00e9k C\u00e9gb\u00edr\u00f3s\u00e1ga)<\/p>\n","protected":false},"author":1,"featured_media":0,"parent":0,"menu_order":0,"comment_status":"closed","ping_status":"closed","template":"","meta":{"_acf_changed":false,"inline_featured_image":false,"footnotes":""},"class_list":["post-9601","page","type-page","status-publish","hentry"],"acf":[],"_links":{"self":[{"href":"https:\/\/veganbusinesscircle.com\/de\/wp-json\/wp\/v2\/pages\/9601","targetHints":{"allow":["GET"]}}],"collection":[{"href":"https:\/\/veganbusinesscircle.com\/de\/wp-json\/wp\/v2\/pages"}],"about":[{"href":"https:\/\/veganbusinesscircle.com\/de\/wp-json\/wp\/v2\/types\/page"}],"author":[{"embeddable":true,"href":"https:\/\/veganbusinesscircle.com\/de\/wp-json\/wp\/v2\/users\/1"}],"replies":[{"embeddable":true,"href":"https:\/\/veganbusinesscircle.com\/de\/wp-json\/wp\/v2\/comments?post=9601"}],"version-history":[{"count":1,"href":"https:\/\/veganbusinesscircle.com\/de\/wp-json\/wp\/v2\/pages\/9601\/revisions"}],"predecessor-version":[{"id":9602,"href":"https:\/\/veganbusinesscircle.com\/de\/wp-json\/wp\/v2\/pages\/9601\/revisions\/9602"}],"wp:attachment":[{"href":"https:\/\/veganbusinesscircle.com\/de\/wp-json\/wp\/v2\/media?parent=9601"}],"curies":[{"name":"wp","href":"https:\/\/api.w.org\/{rel}","templated":true}]}}