{"id":5909,"date":"2025-04-11T14:11:40","date_gmt":"2025-04-11T12:11:40","guid":{"rendered":"https:\/\/veganbusinesscircle.com\/sinscrire-sur-le-site\/"},"modified":"2025-06-10T09:14:06","modified_gmt":"2025-06-10T07:14:06","slug":"sinscrire-sur-le-site","status":"publish","type":"page","link":"https:\/\/veganbusinesscircle.com\/fr\/sinscrire-sur-le-site\/","title":{"rendered":"S&rsquo;inscrire sur le site"},"content":{"rendered":"\t\t<div data-elementor-type=\"wp-page\" data-elementor-id=\"5909\" class=\"elementor elementor-5909 elementor-4620\" data-elementor-post-type=\"page\">\n\t\t\t\t<div class=\"elementor-element elementor-element-589e4a1 e-flex e-con-boxed e-con e-parent\" data-id=\"589e4a1\" data-element_type=\"container\" data-e-type=\"container\">\n\t\t\t\t\t<div class=\"e-con-inner\">\n\t\t<div class=\"elementor-element elementor-element-19dc2af e-con-full e-flex e-con e-child\" data-id=\"19dc2af\" data-element_type=\"container\" data-e-type=\"container\">\n\t\t\t\t<div class=\"elementor-element elementor-element-be9c4a8 elementor-widget elementor-widget-heading\" data-id=\"be9c4a8\" data-element_type=\"widget\" data-e-type=\"widget\" data-widget_type=\"heading.default\">\n\t\t\t\t<div class=\"elementor-widget-container\">\n\t\t\t\t\t<h2 class=\"elementor-heading-title elementor-size-default\">Un pas de plus !<\/h2>\t\t\t\t<\/div>\n\t\t\t\t<\/div>\n\t\t\t\t<div class=\"elementor-element elementor-element-8419632 elementor-widget elementor-widget-heading\" data-id=\"8419632\" data-element_type=\"widget\" data-e-type=\"widget\" data-widget_type=\"heading.default\">\n\t\t\t\t<div class=\"elementor-widget-container\">\n\t\t\t\t\t<h2 class=\"elementor-heading-title elementor-size-default\">V\u00e9rifiez votre courrier \u00e9lectronique !<\/h2>\t\t\t\t<\/div>\n\t\t\t\t<\/div>\n\t\t\t\t<div class=\"elementor-element elementor-element-75090bf elementor-widget__width-initial elementor-widget elementor-widget-text-editor\" data-id=\"75090bf\" data-element_type=\"widget\" data-e-type=\"widget\" data-widget_type=\"text-editor.default\">\n\t\t\t\t<div class=\"elementor-widget-container\">\n\t\t\t\t\t\t\t\t\t<p>Nous vous avons envoy\u00e9 un e-mail de confirmation &#8211; <b>veuillez cliquer sur le lien <\/b>contenu dans cet e-mail pour terminer la configuration de votre compte.<br>Si vous ne voyez pas l&rsquo;e-mail, v\u00e9rifiez dans le dossier spam !<\/p>\n<p><br>Une fois que vous aurez d\u00e9fini votre mot de passe et que vous vous serez connect\u00e9, vous pourrez profiter des avantages de votre compte.<br>Si vous rencontrez des difficult\u00e9s lors de la proc\u00e9dure d&rsquo;inscription, contactez-nous \u00e0 l&rsquo;adresse <a href=\"mailto:info@veganbusinesscircle.com\">info@veganbusinesscircle.com<\/a>.<\/p>\t\t\t\t\t\t\t\t<\/div>\n\t\t\t\t<\/div>\n\t\t\t\t<\/div>\n\t\t\t\t\t<\/div>\n\t\t\t\t<\/div>\n\t\t\t\t<\/div>\n\t\t","protected":false},"excerpt":{"rendered":"<p>Un pas de plus ! V\u00e9rifiez votre courrier \u00e9lectronique ! Nous vous avons envoy\u00e9 un e-mail de confirmation &#8211; veuillez cliquer sur le lien contenu dans cet e-mail pour terminer la configuration de votre compte.Si vous ne voyez pas l&rsquo;e-mail, v\u00e9rifiez dans le dossier spam ! Une fois que vous aurez d\u00e9fini votre mot de [&hellip;]<\/p>\n","protected":false},"author":15,"featured_media":0,"parent":0,"menu_order":0,"comment_status":"closed","ping_status":"closed","template":"","meta":{"_acf_changed":false,"inline_featured_image":false,"footnotes":""},"class_list":["post-5909","page","type-page","status-publish","hentry"],"acf":[],"_links":{"self":[{"href":"https:\/\/veganbusinesscircle.com\/fr\/wp-json\/wp\/v2\/pages\/5909","targetHints":{"allow":["GET"]}}],"collection":[{"href":"https:\/\/veganbusinesscircle.com\/fr\/wp-json\/wp\/v2\/pages"}],"about":[{"href":"https:\/\/veganbusinesscircle.com\/fr\/wp-json\/wp\/v2\/types\/page"}],"author":[{"embeddable":true,"href":"https:\/\/veganbusinesscircle.com\/fr\/wp-json\/wp\/v2\/users\/15"}],"replies":[{"embeddable":true,"href":"https:\/\/veganbusinesscircle.com\/fr\/wp-json\/wp\/v2\/comments?post=5909"}],"version-history":[{"count":1,"href":"https:\/\/veganbusinesscircle.com\/fr\/wp-json\/wp\/v2\/pages\/5909\/revisions"}],"predecessor-version":[{"id":5910,"href":"https:\/\/veganbusinesscircle.com\/fr\/wp-json\/wp\/v2\/pages\/5909\/revisions\/5910"}],"wp:attachment":[{"href":"https:\/\/veganbusinesscircle.com\/fr\/wp-json\/wp\/v2\/media?parent=5909"}],"curies":[{"name":"wp","href":"https:\/\/api.w.org\/{rel}","templated":true}]}}