{"id":5915,"date":"2024-04-28T09:52:30","date_gmt":"2024-04-28T07:52:30","guid":{"rendered":"https:\/\/veganbusinesscircle.com\/maitre-de-lesprit\/"},"modified":"2025-06-19T11:19:22","modified_gmt":"2025-06-19T09:19:22","slug":"maitre-de-lesprit","status":"publish","type":"page","link":"https:\/\/veganbusinesscircle.com\/fr\/maitre-de-lesprit\/","title":{"rendered":"MasterMind"},"content":{"rendered":"\t\t<div data-elementor-type=\"wp-page\" data-elementor-id=\"5915\" class=\"elementor elementor-5915 elementor-2876\" data-elementor-post-type=\"page\">\n\t\t\t\t<div class=\"elementor-element elementor-element-41d1290 e-flex e-con-boxed e-con e-parent\" data-id=\"41d1290\" data-element_type=\"container\" data-e-type=\"container\">\n\t\t\t\t\t<div class=\"e-con-inner\">\n\t\t<div class=\"elementor-element elementor-element-acc2715 e-con-full e-flex e-con e-child\" data-id=\"acc2715\" data-element_type=\"container\" data-e-type=\"container\">\n\t\t<div class=\"elementor-element elementor-element-822e60d e-flex e-con-boxed e-con e-child\" data-id=\"822e60d\" data-element_type=\"container\" data-e-type=\"container\">\n\t\t\t\t\t<div class=\"e-con-inner\">\n\t\t\t\t<div class=\"elementor-element elementor-element-3f85c62 elementor-widget elementor-widget-heading\" data-id=\"3f85c62\" data-element_type=\"widget\" data-e-type=\"widget\" data-widget_type=\"heading.default\">\n\t\t\t\t<div class=\"elementor-widget-container\">\n\t\t\t\t\t<h2 class=\"elementor-heading-title elementor-size-default\"><a href=\"https:\/\/veganbusinesscircle.com\/fr\/\">Page d'accueil<\/a><\/h2>\t\t\t\t<\/div>\n\t\t\t\t<\/div>\n\t\t\t\t<div class=\"elementor-element elementor-element-73ce079 elementor-widget elementor-widget-heading\" data-id=\"73ce079\" data-element_type=\"widget\" data-e-type=\"widget\" data-widget_type=\"heading.default\">\n\t\t\t\t<div class=\"elementor-widget-container\">\n\t\t\t\t\t<h2 class=\"elementor-heading-title elementor-size-default\">\u00bb<\/h2>\t\t\t\t<\/div>\n\t\t\t\t<\/div>\n\t\t\t\t\t<\/div>\n\t\t\t\t<\/div>\n\t\t\t\t<div class=\"elementor-element elementor-element-003cd18 elementor-widget elementor-widget-heading\" data-id=\"003cd18\" data-element_type=\"widget\" data-e-type=\"widget\" data-widget_type=\"heading.default\">\n\t\t\t\t<div class=\"elementor-widget-container\">\n\t\t\t\t\t<h2 class=\"elementor-heading-title elementor-size-default\">MasterMind<\/h2>\t\t\t\t<\/div>\n\t\t\t\t<\/div>\n\t\t\t\t<div class=\"elementor-element elementor-element-0ff4917 elementor-widget elementor-widget-text-editor\" data-id=\"0ff4917\" data-element_type=\"widget\" data-e-type=\"widget\" data-widget_type=\"text-editor.default\">\n\t\t\t\t<div class=\"elementor-widget-container\">\n\t\t\t\t\t\t\t\t\t<p>L&rsquo;entrepreneuriat est souvent synonyme de solitude. Le soutien d&rsquo;une communaut\u00e9 d&rsquo;affaires partageant les m\u00eames valeurs peut vous aider \u00e0 surmonter les hauts et les bas. Vous pouvez demander \u00e0 un groupe d&rsquo;entrepreneurs qui partagent votre parcours de vous aider \u00e0 r\u00e9soudre vos probl\u00e8mes et \u00e0 surmonter les obstacles, ou vous pouvez aider les autres \u00e0 r\u00e9soudre les leurs. C&rsquo;est l&rsquo;un des outils les plus efficaces que vous puissiez utiliser pour vous am\u00e9liorer et am\u00e9liorer votre entreprise.   <\/p>\t\t\t\t\t\t\t\t<\/div>\n\t\t\t\t<\/div>\n\t\t\t\t<div class=\"elementor-element elementor-element-fa123de elementor-widget elementor-widget-image\" data-id=\"fa123de\" data-element_type=\"widget\" data-e-type=\"widget\" data-widget_type=\"image.default\">\n\t\t\t\t<div class=\"elementor-widget-container\">\n\t\t\t\t\t\t\t\t\t\t\t\t\t\t\t<img fetchpriority=\"high\" decoding=\"async\" width=\"2560\" height=\"1617\" src=\"https:\/\/veganbusinesscircle.com\/wp-content\/uploads\/2024\/06\/KB_14864-scaled.jpg\" class=\"attachment-full size-full wp-image-5916\" alt=\"\" srcset=\"https:\/\/veganbusinesscircle.com\/wp-content\/uploads\/2024\/06\/KB_14864-scaled.jpg 2560w, https:\/\/veganbusinesscircle.com\/wp-content\/uploads\/2024\/06\/KB_14864-300x190.jpg 300w, https:\/\/veganbusinesscircle.com\/wp-content\/uploads\/2024\/06\/KB_14864-1024x647.jpg 1024w, https:\/\/veganbusinesscircle.com\/wp-content\/uploads\/2024\/06\/KB_14864-768x485.jpg 768w, https:\/\/veganbusinesscircle.com\/wp-content\/uploads\/2024\/06\/KB_14864-1536x970.jpg 1536w, https:\/\/veganbusinesscircle.com\/wp-content\/uploads\/2024\/06\/KB_14864-2048x1294.jpg 2048w, https:\/\/veganbusinesscircle.com\/wp-content\/uploads\/2024\/06\/KB_14864-600x379.jpg 600w\" sizes=\"(max-width: 2560px) 100vw, 2560px\" \/>\t\t\t\t\t\t\t\t\t\t\t\t\t\t\t<\/div>\n\t\t\t\t<\/div>\n\t\t\t\t<div class=\"elementor-element elementor-element-cb8f9c7 elementor-widget elementor-widget-text-editor\" data-id=\"cb8f9c7\" data-element_type=\"widget\" data-e-type=\"widget\" data-widget_type=\"text-editor.default\">\n\t\t\t\t<div class=\"elementor-widget-container\">\n\t\t\t\t\t\t\t\t\t<p>Nos groupes MasterMind sont compos\u00e9s de cinq \u00e0 neuf entrepreneurs et chefs d&rsquo;entreprise qui partagent des valeurs similaires et s&rsquo;engagent \u00e0 se soutenir mutuellement. Les membres du groupe se rencontrent r\u00e9guli\u00e8rement en personne et en ligne pour trouver des solutions aux d\u00e9fis de chacun, obtenir des commentaires et des conseils, et se tenir mutuellement responsables et motiv\u00e9s pour am\u00e9liorer leurs entreprises et eux-m\u00eames. Rejoignez-nous la prochaine fois et d\u00e9couvrez la puissance de MasterMind !    <\/p>\n\t\t\t\t\t\t\t\t<\/div>\n\t\t\t\t<\/div>\n\t\t\t\t<\/div>\n\t\t\t\t\t<\/div>\n\t\t\t\t<\/div>\n\t\t\t\t<\/div>\n\t\t","protected":false},"excerpt":{"rendered":"<p>Page d&rsquo;accueil \u00bb MasterMind L&rsquo;entrepreneuriat est souvent synonyme de solitude. Le soutien d&rsquo;une communaut\u00e9 d&rsquo;affaires partageant les m\u00eames valeurs peut vous aider \u00e0 surmonter les hauts et les bas. Vous pouvez demander \u00e0 un groupe d&rsquo;entrepreneurs qui partagent votre parcours de vous aider \u00e0 r\u00e9soudre vos probl\u00e8mes et \u00e0 surmonter les obstacles, ou vous pouvez [&hellip;]<\/p>\n","protected":false},"author":1,"featured_media":0,"parent":0,"menu_order":0,"comment_status":"closed","ping_status":"closed","template":"","meta":{"_acf_changed":false,"inline_featured_image":false,"footnotes":""},"class_list":["post-5915","page","type-page","status-publish","hentry"],"acf":[],"_links":{"self":[{"href":"https:\/\/veganbusinesscircle.com\/fr\/wp-json\/wp\/v2\/pages\/5915","targetHints":{"allow":["GET"]}}],"collection":[{"href":"https:\/\/veganbusinesscircle.com\/fr\/wp-json\/wp\/v2\/pages"}],"about":[{"href":"https:\/\/veganbusinesscircle.com\/fr\/wp-json\/wp\/v2\/types\/page"}],"author":[{"embeddable":true,"href":"https:\/\/veganbusinesscircle.com\/fr\/wp-json\/wp\/v2\/users\/1"}],"replies":[{"embeddable":true,"href":"https:\/\/veganbusinesscircle.com\/fr\/wp-json\/wp\/v2\/comments?post=5915"}],"version-history":[{"count":6,"href":"https:\/\/veganbusinesscircle.com\/fr\/wp-json\/wp\/v2\/pages\/5915\/revisions"}],"predecessor-version":[{"id":6152,"href":"https:\/\/veganbusinesscircle.com\/fr\/wp-json\/wp\/v2\/pages\/5915\/revisions\/6152"}],"wp:attachment":[{"href":"https:\/\/veganbusinesscircle.com\/fr\/wp-json\/wp\/v2\/media?parent=5915"}],"curies":[{"name":"wp","href":"https:\/\/api.w.org\/{rel}","templated":true}]}}