{"id":9603,"date":"2024-05-25T09:32:06","date_gmt":"2024-05-25T07:32:06","guid":{"rendered":"https:\/\/veganbusinesscircle.com\/impressum\/"},"modified":"2026-01-19T14:49:50","modified_gmt":"2026-01-19T13:49:50","slug":"impressum","status":"publish","type":"page","link":"https:\/\/veganbusinesscircle.com\/fr\/impressum\/","title":{"rendered":"Impressum"},"content":{"rendered":"\t\t<div data-elementor-type=\"wp-page\" data-elementor-id=\"9603\" class=\"elementor elementor-9603 elementor-2898\" data-elementor-post-type=\"page\">\n\t\t\t\t<div class=\"elementor-element elementor-element-47cd1058 e-flex e-con-boxed e-con e-parent\" data-id=\"47cd1058\" data-element_type=\"container\" data-e-type=\"container\">\n\t\t\t\t\t<div class=\"e-con-inner\">\n\t\t\t\t<div class=\"elementor-element elementor-element-55e65e4 elementor-widget elementor-widget-text-editor\" data-id=\"55e65e4\" data-element_type=\"widget\" data-e-type=\"widget\" data-widget_type=\"text-editor.default\">\n\t\t\t\t<div class=\"elementor-widget-container\">\n\t\t\t\t\t\t\t\t\t<p><b>Op\u00e9rateurs de sites web <\/b><b>impressum<\/b><\/p><table><tbody><tr><td colspan=\"2\"><p><b>  DONN\u00c9ES DU RESPONSABLE DU TRAITEMENT<\/b><\/p><\/td><\/tr><tr><td><p><span style=\"font-weight: 400;\">Nom :  <\/span><\/p><p><span style=\"font-weight: 400;\">Adresse :<\/span><\/p><p><span style=\"font-weight: 400;\">Contact :<\/span><\/p><p><span style=\"font-weight: 400;\">Num\u00e9ro d&rsquo;enregistrement de la soci\u00e9t\u00e9 :<\/span><\/p><p><span style=\"font-weight: 400;\">Num\u00e9ro de taxe :<\/span><\/p><p><span style=\"font-weight: 400;\">Num\u00e9ro de compte bancaire :<\/span><\/p><p><span style=\"font-weight: 400;\">Autorit\u00e9 d&rsquo;enregistrement :<\/span><\/p><\/td><td><p><span style=\"font-weight: 400;\">N\u00f6v\u00e9nyi Forradalom Nonprofit Kft.  <\/span><\/p><p><span style=\"font-weight: 400;\">1138 Budapest, P\u00e1rk\u00e1ny u. 12. 7.em.43.<\/span><\/p><p><a href=\"mailto:info@veganbusinesscircle.hu\"><span style=\"font-weight: 400;\">info@veganbusinesscircle.hu<\/span><\/a><\/p><p><span style=\"font-weight: 400;\">Cg.01-09-403212<\/span><\/p><p><span style=\"font-weight: 400;\">32024551-2-41<\/span><\/p><p><span style=\"font-weight: 400;\">16200223-10167205-00000000<\/span><\/p><p><span style=\"font-weight: 400;\">Cour de justice de Budapest (F\u0151v\u00e1rosi T\u00f6rv\u00e9nysz\u00e9k C\u00e9gb\u00edr\u00f3s\u00e1ga)<\/span><\/p><\/td><\/tr><\/tbody><\/table>\t\t\t\t\t\t\t\t<\/div>\n\t\t\t\t<\/div>\n\t\t\t\t\t<\/div>\n\t\t\t\t<\/div>\n\t\t\t\t<\/div>\n\t\t","protected":false},"excerpt":{"rendered":"<p>Op\u00e9rateurs de sites web impressum DONN\u00c9ES DU RESPONSABLE DU TRAITEMENT Nom : Adresse : Contact : Num\u00e9ro d&rsquo;enregistrement de la soci\u00e9t\u00e9 : Num\u00e9ro de taxe : Num\u00e9ro de compte bancaire : Autorit\u00e9 d&rsquo;enregistrement : N\u00f6v\u00e9nyi Forradalom Nonprofit Kft. 1138 Budapest, P\u00e1rk\u00e1ny u. 12. 7.em.43. info@veganbusinesscircle.hu Cg.01-09-403212 32024551-2-41 16200223-10167205-00000000 Cour de justice de Budapest (F\u0151v\u00e1rosi T\u00f6rv\u00e9nysz\u00e9k [&hellip;]<\/p>\n","protected":false},"author":1,"featured_media":0,"parent":0,"menu_order":0,"comment_status":"closed","ping_status":"closed","template":"","meta":{"_acf_changed":false,"inline_featured_image":false,"footnotes":""},"class_list":["post-9603","page","type-page","status-publish","hentry"],"acf":[],"_links":{"self":[{"href":"https:\/\/veganbusinesscircle.com\/fr\/wp-json\/wp\/v2\/pages\/9603","targetHints":{"allow":["GET"]}}],"collection":[{"href":"https:\/\/veganbusinesscircle.com\/fr\/wp-json\/wp\/v2\/pages"}],"about":[{"href":"https:\/\/veganbusinesscircle.com\/fr\/wp-json\/wp\/v2\/types\/page"}],"author":[{"embeddable":true,"href":"https:\/\/veganbusinesscircle.com\/fr\/wp-json\/wp\/v2\/users\/1"}],"replies":[{"embeddable":true,"href":"https:\/\/veganbusinesscircle.com\/fr\/wp-json\/wp\/v2\/comments?post=9603"}],"version-history":[{"count":1,"href":"https:\/\/veganbusinesscircle.com\/fr\/wp-json\/wp\/v2\/pages\/9603\/revisions"}],"predecessor-version":[{"id":9604,"href":"https:\/\/veganbusinesscircle.com\/fr\/wp-json\/wp\/v2\/pages\/9603\/revisions\/9604"}],"wp:attachment":[{"href":"https:\/\/veganbusinesscircle.com\/fr\/wp-json\/wp\/v2\/media?parent=9603"}],"curies":[{"name":"wp","href":"https:\/\/api.w.org\/{rel}","templated":true}]}}