{"id":4613,"date":"2025-04-11T09:14:55","date_gmt":"2025-04-11T07:14:55","guid":{"rendered":"https:\/\/veganbusinesscircle.com\/privacy-statement-uk\/"},"modified":"2025-04-11T09:14:55","modified_gmt":"2025-04-11T07:14:55","slug":"privacy-statement-uk","status":"publish","type":"page","link":"https:\/\/veganbusinesscircle.com\/hr\/privacy-statement-uk\/","title":{"rendered":"Privacy Statement (UK)"},"content":{"rendered":"\n<!-- Legal document generated by Complianz | GDPR\/CCPA Cookie Consent https:\/\/wordpress.org\/plugins\/complianz-gdpr -->\n<div id=\"cmplz-document\" class=\"cmplz-document privacy-statement cmplz-document-uk\"><p><i>This privacy statement was last updated on 2. velja\u010da 2026. and applies to citizens and legal permanent residents of the United Kingdom.<\/i><br><br><\/p><p>In this privacy statement, we explain what we do with the data we obtain about you via <a href=\"https:\/\/veganbusinesscircle.com\/hr\/\">https:\/\/veganbusinesscircle.com\/hr\/<\/a>. We recommend you carefully read this statement. In our processing we comply with the requirements of privacy legislation. That means, among other things, that:<\/p><ul>\n                <li>we clearly state the purposes for which we process personal data. We do this by means of this privacy statement;<\/li>\n                <li>we aim to limit our collection of personal data to only the personal data required for legitimate purposes;<\/li>\n                <li>we first request your explicit consent to process your personal data in cases requiring your consent;<\/li>\n                <li>we take appropriate security measures to protect your personal data and also require this from parties that process personal data on our behalf;<\/li>\n                <li>we respect your right to access your personal data or have it corrected or deleted, at your request.<\/li>\n            <\/ul><p>If you have any questions, or want to know exactly what data we keep of you, please contact us.<\/p><h2>1. Svrha, podaci i rok \u010duvanja<\/h2>Mo\u017eemo prikupljati ili primati osobne podatke za brojne svrhe povezane s na\u0161im poslovanjem koje mogu uklju\u010divati sljede\u0107e: (kliknite za pro\u0161irenje)<details class=\"cmplz-dropdown dropdown-privacy-statement\"><summary><div><h3>1.1 Kontakt - putem telefona, po\u0161te, e-po\u0161te i\/ili web-obrazaca<\/h3><\/div><\/summary><p class=\"cmplz-subtitle\">U tu svrhu koristimo sljede\u0107e podatke:<\/p><p><ul><li>Ime i prezime<\/li><li>Naziv ra\u010duna ili alias<\/li><li>Ku\u0107na ili druga fizi\u010dka adresa, uklju\u010duju\u0107i naziv ulice i naziv grada ili mjesta<\/li><li>E-mail adresa<\/li><li>Broj telefona<\/li><li>IP adresa<\/li><li>Geolokacijski podaci<\/li><\/ul><\/p><p class=\"cmplz-subtitle\">Osnova na kojoj mo\u017eemo obra\u0111ivati ove podatke je:<\/p><p><a target=\"_blank\" rel=\"noopener noreferrer nofollow\" href=\"https:\/\/cookiedatabase.org\/legal-bases\/#consent\">Po davanju suglasnosti.<\/a><\/p><p class=\"cmplz-subtitle\">Razdoblje zadr\u017eavanja<\/p><p>Ove podatke zadr\u017eavamo nakon prekida usluge sljede\u0107i broj mjeseci: 12<\/p><\/details><details class=\"cmplz-dropdown dropdown-privacy-statement\"><summary><div><h3>1.2 Pla\u0107anja<\/h3><\/div><\/summary><p class=\"cmplz-subtitle\">U tu svrhu koristimo sljede\u0107e podatke:<\/p><p><ul><li>Ime i prezime<\/li><li>Naziv ra\u010duna ili alias<\/li><li>Ku\u0107na ili druga fizi\u010dka adresa, uklju\u010duju\u0107i naziv ulice i naziv grada ili mjesta<\/li><li>E-mail adresa<\/li><li>Broj telefona<\/li><li>IP adresa<\/li><li>Geolokacijski podaci<\/li><\/ul><\/p><p class=\"cmplz-subtitle\">Osnova na kojoj mo\u017eemo obra\u0111ivati ove podatke je:<\/p><p><a target=\"_blank\" rel=\"noopener noreferrer nofollow\" href=\"https:\/\/cookiedatabase.org\/legal-bases\/#consent\">Po davanju suglasnosti.<\/a><\/p><p class=\"cmplz-subtitle\">Razdoblje zadr\u017eavanja<\/p><p>Ove podatke zadr\u017eavamo nakon prekida usluge sljede\u0107i broj mjeseci: 12<\/p><\/details><details class=\"cmplz-dropdown dropdown-privacy-statement\"><summary><div><h3>1.3 Registracija ra\u010duna<\/h3><\/div><\/summary><p class=\"cmplz-subtitle\">U tu svrhu koristimo sljede\u0107e podatke:<\/p><p><ul><li>Ime i prezime<\/li><li>Naziv ra\u010duna ili alias<\/li><li>Ku\u0107na ili druga fizi\u010dka adresa, uklju\u010duju\u0107i naziv ulice i naziv grada ili mjesta<\/li><li>E-mail adresa<\/li><li>Broj telefona<\/li><li>IP adresa<\/li><li>Geolokacijski podaci<\/li><\/ul><\/p><p class=\"cmplz-subtitle\">Osnova na kojoj mo\u017eemo obra\u0111ivati ove podatke je:<\/p><p><a target=\"_blank\" rel=\"noopener noreferrer nofollow\" href=\"https:\/\/cookiedatabase.org\/legal-bases\/#consent\">Po davanju suglasnosti.<\/a><\/p><p class=\"cmplz-subtitle\">Razdoblje zadr\u017eavanja<\/p><p>Ove podatke zadr\u017eavamo nakon prekida usluge sljede\u0107i broj mjeseci: 12<\/p><\/details><details class=\"cmplz-dropdown dropdown-privacy-statement\"><summary><div><h3>1.4 Newsletteri<\/h3><\/div><\/summary><p class=\"cmplz-subtitle\">U tu svrhu koristimo sljede\u0107e podatke:<\/p><p><ul><li>Ime i prezime<\/li><li>Naziv ra\u010duna ili alias<\/li><li>Ku\u0107na ili druga fizi\u010dka adresa, uklju\u010duju\u0107i naziv ulice i naziv grada ili mjesta<\/li><li>Broj telefona<\/li><li>E-mail adresa<\/li><li>IP adresa<\/li><\/ul><\/p><p class=\"cmplz-subtitle\">Osnova na kojoj mo\u017eemo obra\u0111ivati ove podatke je:<\/p><p><a target=\"_blank\" rel=\"noopener noreferrer nofollow\" href=\"https:\/\/cookiedatabase.org\/legal-bases\/#consent\">Po davanju suglasnosti.<\/a><\/p><p class=\"cmplz-subtitle\">Razdoblje zadr\u017eavanja<\/p><p>Ove podatke zadr\u017eavamo nakon prekida usluge sljede\u0107i broj mjeseci: 12<\/p><\/details><details class=\"cmplz-dropdown dropdown-privacy-statement\"><summary><div><h3>1.5 Za podr\u0161ku uslugama ili proizvodima koje kupac \u017eeli kupiti ili je ve\u0107 kupio<\/h3><\/div><\/summary><p class=\"cmplz-subtitle\">U tu svrhu koristimo sljede\u0107e podatke:<\/p><p><ul><li>Ime i prezime<\/li><li>Naziv ra\u010duna ili alias<\/li><li>Ku\u0107na ili druga fizi\u010dka adresa, uklju\u010duju\u0107i naziv ulice i naziv grada ili mjesta<\/li><li>E-mail adresa<\/li><li>Broj telefona<\/li><li>IP adresa<\/li><li>Geolokacijski podaci<\/li><\/ul><\/p><p class=\"cmplz-subtitle\">Osnova na kojoj mo\u017eemo obra\u0111ivati ove podatke je:<\/p><p><a target=\"_blank\" rel=\"noopener noreferrer nofollow\" href=\"https:\/\/cookiedatabase.org\/legal-bases\/#consent\">Po davanju suglasnosti.<\/a><\/p><p class=\"cmplz-subtitle\">Razdoblje zadr\u017eavanja<\/p><p>Ove podatke zadr\u017eavamo nakon prekida usluge sljede\u0107i broj mjeseci: 12<\/p><\/details><details class=\"cmplz-dropdown dropdown-privacy-statement\"><summary><div><h3>1.6 Kako bi se mogli pridr\u017eavati zakonskih obveza<\/h3><\/div><\/summary><p class=\"cmplz-subtitle\">U tu svrhu koristimo sljede\u0107e podatke:<\/p><p><ul><li>Ime i prezime<\/li><li>Naziv ra\u010duna ili alias<\/li><li>Ku\u0107na ili druga fizi\u010dka adresa, uklju\u010duju\u0107i naziv ulice i naziv grada ili mjesta<\/li><li>E-mail adresa<\/li><li>Broj telefona<\/li><li>IP adresa<\/li><li>Geolokacijski podaci<\/li><\/ul><\/p><p class=\"cmplz-subtitle\">Osnova na kojoj mo\u017eemo obra\u0111ivati ove podatke je:<\/p><p><a target=\"_blank\" rel=\"noopener noreferrer nofollow\" href=\"https:\/\/cookiedatabase.org\/legal-bases\/#consent\">Po davanju suglasnosti.<\/a><\/p><p class=\"cmplz-subtitle\">Razdoblje zadr\u017eavanja<\/p><p>Ove podatke zadr\u017eavamo nakon prekida usluge sljede\u0107i broj mjeseci: 12<\/p><\/details><details class=\"cmplz-dropdown dropdown-privacy-statement\"><summary><div><h3>1.7 Sastavljanje i analiza statistike za pobolj\u0161anje web-stranice.<\/h3><\/div><\/summary><p class=\"cmplz-subtitle\">U tu svrhu koristimo sljede\u0107e podatke:<\/p><p><ul><li>Ime i prezime<\/li><li>E-mail adresa<\/li><li>Ku\u0107na ili druga fizi\u010dka adresa, uklju\u010duju\u0107i naziv ulice i naziv grada ili mjesta<\/li><li>Naziv ra\u010duna ili alias<\/li><li>Broj telefona<\/li><li>IP adresa<\/li><li>Geolokacijski podaci<\/li><\/ul><\/p><p class=\"cmplz-subtitle\">Osnova na kojoj mo\u017eemo obra\u0111ivati ove podatke je:<\/p><p><a target=\"_blank\" rel=\"noopener noreferrer nofollow\" href=\"https:\/\/cookiedatabase.org\/legal-bases\/#consent\">Po davanju suglasnosti.<\/a><\/p><p class=\"cmplz-subtitle\">Razdoblje zadr\u017eavanja<\/p><p>Ove podatke zadr\u017eavamo nakon prekida usluge sljede\u0107i broj mjeseci: 12<\/p><\/details><details class=\"cmplz-dropdown dropdown-privacy-statement\"><summary><div><h3>1.8 Biti u mogu\u0107nosti ponuditi personalizirane proizvode i usluge<\/h3><\/div><\/summary><p class=\"cmplz-subtitle\">U tu svrhu koristimo sljede\u0107e podatke:<\/p><p><ul><li>Ime i prezime<\/li><li>Broj telefona<\/li><li>Ku\u0107na ili druga fizi\u010dka adresa, uklju\u010duju\u0107i naziv ulice i naziv grada ili mjesta<\/li><li>Naziv ra\u010duna ili alias<\/li><li>E-mail adresa<\/li><li>IP adresa<\/li><li>Geolokacijski podaci<\/li><\/ul><\/p><p class=\"cmplz-subtitle\">Osnova na kojoj mo\u017eemo obra\u0111ivati ove podatke je:<\/p><p><a target=\"_blank\" rel=\"noopener noreferrer nofollow\" href=\"https:\/\/cookiedatabase.org\/legal-bases\/#consent\">Po davanju suglasnosti.<\/a><\/p><p class=\"cmplz-subtitle\">Razdoblje zadr\u017eavanja<\/p><p>Ove podatke zadr\u017eavamo nakon prekida usluge sljede\u0107i broj mjeseci: 12<\/p><\/details><h2>2. Sharing with other parties<\/h2><p>We only share or disclose this data to processors for the following purposes:<\/p><h2>3. Cookies<\/h2><p>Our website uses cookies. For more information about cookies, please refer to our <a href=\"https:\/\/veganbusinesscircle.com\/hr\/cookie-policy-uk\/\">Cookie Policy<\/a>.&nbsp;<\/p><h2>4. Disclosure practices<\/h2><p><p>We disclose personal information if we are required by law or by a court order, in response to a law enforcement agency, to the extent permitted under other provisions of law, to provide information, or for an investigation on a matter related to public safety.<\/p><p>If our website or organisation is taken over, sold, or involved in a merger or acquisition, your details may be disclosed to our advisers and any prospective purchasers and will be passed on to the new owners.<\/p><\/p><h2>5. Security<\/h2><p>We are committed to the security of personal data. We take appropriate security measures to limit abuse of and unauthorised access to personal data. This ensures that only the necessary persons have access to your data, that access to the data is protected, and that our security measures are regularly reviewed.<\/p><h2>6. Third-party websites<\/h2><p>This privacy statement does not apply to third-party websites connected by links on our website. We cannot guarantee that these third parties handle your personal data in a reliable or secure manner. We recommend you read the privacy statements of these websites prior to making use of these websites.<\/p><h2>7. Amendments to this privacy statement<\/h2><p>We reserve the right to make amendments to this privacy statement. It is recommended that you consult this privacy statement regularly in order to be aware of any changes. In addition, we will actively inform you wherever possible.<\/p><h2>8. Accessing and modifying your data<\/h2><p>If you have any questions or want to know which personal data we have about you, please contact us. You can contact us by using the information below. You have the following rights:<\/p><ul>\n                <li>You have the right to know why your personal data is needed, what will happen to it, and how long it will be retained for.<\/li>\n                <li>Right of access: You have the right to access your personal data that is known to us.<\/li>\n                <li>Right to rectification: you have the right to supplement, correct, have deleted or blocked your personal data whenever you wish.<\/li>\n                <li>If you give us your consent to process your data, you have the right to revoke that consent and to have your personal data deleted.<\/li>\n                <li>Right to transfer your data: you have the right to request all your personal data from the controller and transfer it in its entirety to another controller.<\/li>\n                <li>Right to object: you may object to the processing of your data. We comply with this, unless there are justified grounds for processing.<\/li>\n            <\/ul><p>Please make sure to always clearly state who you are, so that we can be certain that we do not modify or delete any data of the wrong person.<\/p><h2>9. Submitting a complaint<\/h2><p>If you are not satisfied with the way in which we handle (a complaint about) the processing of your personal data, you have the right to submit a complaint to the Information Commissioner's Office:<\/p><p><br>Wycliffe House<br>\n                        Water Lane<br>\n                        Wilmslow<br>\n                        Cheshire<br>\n                        SK9 5AF<\/p><h2>10. Children<\/h2><p>Our website is not designed to attract children and it is not our intent to collect personal data from children under the age of consent in their country of residence. We therefore request that children under the age of consent do not submit any personal data to us.<\/p><h2>11. Contact details<\/h2><p>N\u00f6v\u00e9nyi Forradalom Nonprofit Kft.<br>\n        1138 Budapest, P\u00e1rk\u00e1ny u. 12. 7. em. 43.<br>\n        Ma\u0111arska<br>\n        Website: <a href=\"https:\/\/veganbusinesscircle.com\/hr\/\">https:\/\/veganbusinesscircle.com\/hr\/<\/a> <br>\n        Email: <span class=\"cmplz-obfuscate\">&#105;&#110;&#102;&#111;@<span class=\"cmplz-fmail-domain\">&#101;&#120;.c&#111;m<\/span>&#118;&#101;&#103;&#097;n&#098;&#117;&#115;i&#110;&#101;s&#115;&#099;&#105;&#114;cl&#101;.hu<\/span> <br>\n        <\/p><\/div>\n","protected":false},"excerpt":{"rendered":"","protected":false},"author":15,"featured_media":0,"parent":0,"menu_order":0,"comment_status":"closed","ping_status":"closed","template":"","meta":{"_acf_changed":false,"inline_featured_image":false,"footnotes":""},"class_list":["post-4613","page","type-page","status-publish","hentry"],"acf":[],"_links":{"self":[{"href":"https:\/\/veganbusinesscircle.com\/hr\/wp-json\/wp\/v2\/pages\/4613","targetHints":{"allow":["GET"]}}],"collection":[{"href":"https:\/\/veganbusinesscircle.com\/hr\/wp-json\/wp\/v2\/pages"}],"about":[{"href":"https:\/\/veganbusinesscircle.com\/hr\/wp-json\/wp\/v2\/types\/page"}],"author":[{"embeddable":true,"href":"https:\/\/veganbusinesscircle.com\/hr\/wp-json\/wp\/v2\/users\/15"}],"replies":[{"embeddable":true,"href":"https:\/\/veganbusinesscircle.com\/hr\/wp-json\/wp\/v2\/comments?post=4613"}],"version-history":[{"count":0,"href":"https:\/\/veganbusinesscircle.com\/hr\/wp-json\/wp\/v2\/pages\/4613\/revisions"}],"wp:attachment":[{"href":"https:\/\/veganbusinesscircle.com\/hr\/wp-json\/wp\/v2\/media?parent=4613"}],"curies":[{"name":"wp","href":"https:\/\/api.w.org\/{rel}","templated":true}]}}