{"id":8529,"date":"2025-04-11T14:11:40","date_gmt":"2025-04-11T12:11:40","guid":{"rendered":"https:\/\/veganbusinesscircle.com\/objavite-prijavu\/"},"modified":"2025-12-16T20:39:44","modified_gmt":"2025-12-16T19:39:44","slug":"objavite-prijavu","status":"publish","type":"page","link":"https:\/\/veganbusinesscircle.com\/hr\/objavite-prijavu\/","title":{"rendered":"Objavite prijavu"},"content":{"rendered":"\t\t<div data-elementor-type=\"wp-page\" data-elementor-id=\"8529\" class=\"elementor elementor-8529 elementor-4620\" data-elementor-post-type=\"page\">\n\t\t\t\t<div class=\"elementor-element elementor-element-589e4a1 e-flex e-con-boxed e-con e-parent\" data-id=\"589e4a1\" data-element_type=\"container\" data-e-type=\"container\">\n\t\t\t\t\t<div class=\"e-con-inner\">\n\t\t<div class=\"elementor-element elementor-element-19dc2af e-con-full e-flex e-con e-child\" data-id=\"19dc2af\" data-element_type=\"container\" data-e-type=\"container\">\n\t\t\t\t<div class=\"elementor-element elementor-element-be9c4a8 elementor-widget elementor-widget-heading\" data-id=\"be9c4a8\" data-element_type=\"widget\" data-e-type=\"widget\" data-widget_type=\"heading.default\">\n\t\t\t\t<div class=\"elementor-widget-container\">\n\t\t\t\t\t<h2 class=\"elementor-heading-title elementor-size-default\">Jo\u0161 jedan korak!<\/h2>\t\t\t\t<\/div>\n\t\t\t\t<\/div>\n\t\t\t\t<div class=\"elementor-element elementor-element-8419632 elementor-widget elementor-widget-heading\" data-id=\"8419632\" data-element_type=\"widget\" data-e-type=\"widget\" data-widget_type=\"heading.default\">\n\t\t\t\t<div class=\"elementor-widget-container\">\n\t\t\t\t\t<h2 class=\"elementor-heading-title elementor-size-default\">Provjerite svoj e-mail!<\/h2>\t\t\t\t<\/div>\n\t\t\t\t<\/div>\n\t\t\t\t<div class=\"elementor-element elementor-element-75090bf elementor-widget__width-initial elementor-widget elementor-widget-text-editor\" data-id=\"75090bf\" data-element_type=\"widget\" data-e-type=\"widget\" data-widget_type=\"text-editor.default\">\n\t\t\t\t<div class=\"elementor-widget-container\">\n\t\t\t\t\t\t\t\t\t<p>Poslali smo vam e-mail s potvrdom &#8211; <b>kliknite na poveznicu<\/b> u e-mail poruci kako biste dovr\u0161ili postavljanje ra\u010duna.<br>Ako ne vidite e-mail, provjerite mapu ne\u017eeljene po\u0161te!<\/p>\n<p><br>Nakon \u0161to postavite lozinku i prijavite se, mo\u0107i \u0107ete u\u017eivati \u200b\u200bu pogodnostima svog ra\u010duna.<br>Ako imate bilo kakvih problema s postupkom prijave, kontaktirajte nas na <a href=\"mailto:info@veganbusinesscircle.com\">info@veganbusinesscircle.com<\/a><\/p>\t\t\t\t\t\t\t\t<\/div>\n\t\t\t\t<\/div>\n\t\t\t\t<\/div>\n\t\t\t\t\t<\/div>\n\t\t\t\t<\/div>\n\t\t\t\t<\/div>\n\t\t","protected":false},"excerpt":{"rendered":"<p>Jo\u0161 jedan korak! Provjerite svoj e-mail! Poslali smo vam e-mail s potvrdom &#8211; kliknite na poveznicu u e-mail poruci kako biste dovr\u0161ili postavljanje ra\u010duna.Ako ne vidite e-mail, provjerite mapu ne\u017eeljene po\u0161te! Nakon \u0161to postavite lozinku i prijavite se, mo\u0107i \u0107ete u\u017eivati \u200b\u200bu pogodnostima svog ra\u010duna.Ako imate bilo kakvih problema s postupkom prijave, kontaktirajte nas na [&hellip;]<\/p>\n","protected":false},"author":15,"featured_media":0,"parent":0,"menu_order":0,"comment_status":"closed","ping_status":"closed","template":"","meta":{"_acf_changed":false,"inline_featured_image":false,"footnotes":""},"class_list":["post-8529","page","type-page","status-publish","hentry"],"acf":[],"_links":{"self":[{"href":"https:\/\/veganbusinesscircle.com\/hr\/wp-json\/wp\/v2\/pages\/8529","targetHints":{"allow":["GET"]}}],"collection":[{"href":"https:\/\/veganbusinesscircle.com\/hr\/wp-json\/wp\/v2\/pages"}],"about":[{"href":"https:\/\/veganbusinesscircle.com\/hr\/wp-json\/wp\/v2\/types\/page"}],"author":[{"embeddable":true,"href":"https:\/\/veganbusinesscircle.com\/hr\/wp-json\/wp\/v2\/users\/15"}],"replies":[{"embeddable":true,"href":"https:\/\/veganbusinesscircle.com\/hr\/wp-json\/wp\/v2\/comments?post=8529"}],"version-history":[{"count":5,"href":"https:\/\/veganbusinesscircle.com\/hr\/wp-json\/wp\/v2\/pages\/8529\/revisions"}],"predecessor-version":[{"id":8799,"href":"https:\/\/veganbusinesscircle.com\/hr\/wp-json\/wp\/v2\/pages\/8529\/revisions\/8799"}],"wp:attachment":[{"href":"https:\/\/veganbusinesscircle.com\/hr\/wp-json\/wp\/v2\/media?parent=8529"}],"curies":[{"name":"wp","href":"https:\/\/api.w.org\/{rel}","templated":true}]}}