{"id":9442,"date":"2025-10-20T10:17:20","date_gmt":"2025-10-20T08:17:20","guid":{"rendered":"https:\/\/veganbusinesscircle.com\/code-of-ethics\/"},"modified":"2026-01-23T09:05:28","modified_gmt":"2026-01-23T08:05:28","slug":"code-of-ethics","status":"publish","type":"page","link":"https:\/\/veganbusinesscircle.com\/hr\/code-of-ethics\/","title":{"rendered":"Eti\u010dki kodeks"},"content":{"rendered":"\t\t<div data-elementor-type=\"wp-page\" data-elementor-id=\"9442\" class=\"elementor elementor-9442 elementor-8026\" data-elementor-post-type=\"page\">\n\t\t\t\t<div class=\"elementor-element elementor-element-42c7fca1 e-flex e-con-boxed e-con e-parent\" data-id=\"42c7fca1\" data-element_type=\"container\" data-e-type=\"container\">\n\t\t\t\t\t<div class=\"e-con-inner\">\n\t\t\t\t<div class=\"elementor-element elementor-element-5f1e49ff elementor-widget elementor-widget-heading\" data-id=\"5f1e49ff\" data-element_type=\"widget\" data-e-type=\"widget\" data-widget_type=\"heading.default\">\n\t\t\t\t<div class=\"elementor-widget-container\">\n\t\t\t\t\t<h2 class=\"elementor-heading-title elementor-size-default\">Kodeks poslovanja i etike<\/h2>\t\t\t\t<\/div>\n\t\t\t\t<\/div>\n\t\t\t\t<div class=\"elementor-element elementor-element-1a3366e4 elementor-widget elementor-widget-text-editor\" data-id=\"1a3366e4\" data-element_type=\"widget\" data-e-type=\"widget\" data-widget_type=\"text-editor.default\">\n\t\t\t\t<div class=\"elementor-widget-container\">\n\t\t\t\t\t\t\t\t\t<p><span style=\"font-weight: 400;\">VBC je poslovna zajednica za kompanije koje podr\u017eavaju revoluciju zasnovanu na biljkama. Na\u0161a vizija je da biljni proizvodi budu dostupni na vi\u0161e mesta i boljeg kvaliteta, smanjuju\u0107i upotrebu \u017eivotinja i doprinose\u0107i mirnijem, zdravijem i odr\u017eivijem svetu. VBC je me\u0111unarodna organizacija sastavljena od preduzetnika i poslovnih lidera koji se sla\u017eu sa njenom vizijom i misijom. Njihov cilj je da promovi\u0161u rast sopstvenih preduze\u0107a, preduze\u0107a svojih kolega \u010dlanova i VBC kao organizacije.<\/span><\/p>\n<p><span style=\"font-weight: 400;\">Gradimo dobro funkcioni\u0161u\u0107u me\u0111unarodnu poslovnu zajednicu u kojoj su \u010dlanovi posve\u0107eni za\u0161titi \u017eivotinja, odr\u017eivosti i visokokvalitetnim, iskrenim poslovnim odnosima. VBC svojim \u010dlanovima pru\u017ea mogu\u0107nosti da dele svoje mre\u017ee i znanje, podsti\u010du\u0107i me\u0111usobnu podr\u0161ku.<br \/><br \/><\/span><\/p>\n<h3><strong>Eti\u010dki kodeks VBC:<\/strong><\/h3>\n<ol>\n<li style=\"font-weight: 400;\" aria-level=\"1\"><span style=\"font-weight: 400;\">Aktivno doprinosim da zajednica VBC bude podr\u017eavaju\u0107e i prosperitetno okru\u017eenje.<\/span><\/li>\n<li style=\"font-weight: 400;\" aria-level=\"1\"><span style=\"font-weight: 400;\">Tokom VBC doga\u0111aja postupam u dobroj veri i podr\u017eavam ostale \u010dlanove grupe.<\/span><\/li>\n<li style=\"font-weight: 400;\" aria-level=\"1\"><span style=\"font-weight: 400;\">Bi\u0107u iskren prema \u010dlanovima i poslovnim partnerima koji su mi preporu\u010deni.<\/span><\/li>\n<li style=\"font-weight: 400;\" aria-level=\"1\"><span style=\"font-weight: 400;\">Gradi\u0107u dobronamernost i poverenje sa \u010dlanovima i preporu\u010denim partnerima.<\/span><\/li>\n<li style=\"font-weight: 400;\" aria-level=\"1\"><span style=\"font-weight: 400;\">Preuzimam odgovornost za pra\u0107enje primljenih poslovnih preporuka.<\/span><\/li>\n<li style=\"font-weight: 400;\" aria-level=\"1\"><span style=\"font-weight: 400;\">Preuzimam odgovornost za autenti\u010dnost i pouzdanost poslovnih partnera koje preporu\u010dujem.<\/span><\/li>\n<li style=\"font-weight: 400;\" aria-level=\"1\"><span style=\"font-weight: 400;\">Aktivno podr\u017eavam misiju i operativne aktivnosti VBC-a.<br \/><br \/><\/span><\/li>\n<\/ol>\n<h3><strong>Osnovne vrednosti VBC:<\/strong><\/h3>\n<ol>\n<li style=\"font-weight: 400;\" aria-level=\"1\"><span style=\"font-weight: 400;\">Visokokvalitetni proizvodi i usluge bez materijala poreklom od \u017eivotinja i bez objektivizacije \u017eivotinja.<\/span><\/li>\n<li style=\"font-weight: 400;\" aria-level=\"1\"><span style=\"font-weight: 400;\">Kontinuirano i dosledno izgradnju odnosa.<\/span><\/li>\n<li style=\"font-weight: 400;\" aria-level=\"1\"><span style=\"font-weight: 400;\">Edukacija i do\u017eivotno u\u010denje.<\/span><\/li>\n<li style=\"font-weight: 400;\" aria-level=\"1\"><span style=\"font-weight: 400;\">Pozitivan stav.<\/span><\/li>\n<li style=\"font-weight: 400;\" aria-level=\"1\"><span style=\"font-weight: 400;\">Iskrenost, dobra volja i poverenje.<br \/><br \/><\/span><\/li>\n<\/ol>\n<h3><strong>Poslovni propisi:<\/strong><\/h3>\n<ol>\n<li style=\"font-weight: 400;\" aria-level=\"1\"><span style=\"font-weight: 400;\">Svi koji se sla\u017eu sa misijom i osnovnim vrednostima VBC-a mogu da se pridru\u017ee grupi VBC kao \u010dlanovi.<\/span><\/li>\n<li style=\"font-weight: 400;\" aria-level=\"1\"><span style=\"font-weight: 400;\">\u010clanstvo zahteva prihvatanje Uslova i odredbi i Operativnih i eti\u010dkih propisa, odobrenje rukovodstva grupe i uplatu \u010dlanarine.<\/span><\/li>\n<li style=\"font-weight: 400;\" aria-level=\"1\"><span style=\"font-weight: 400;\">\u010clanovi moraju redovno da prisustvuju sastancima grupe, da dolaze na vreme i da ostanu do kraja trajanja.<\/span><\/li>\n<li style=\"font-weight: 400;\" aria-level=\"1\"><span style=\"font-weight: 400;\">Prisustvo je od presudne va\u017enosti za uspeh grupe. Ukoliko \u010dlan ne mo\u017ee da prisustvuje, mo\u017ee poslati zamenu (nekoga ko nije \u010dlan grupe), kao \u0161to su klijent, kupac, pacijent, prijatelj, potencijalni partner ili kolega. \u010clanovi moraju obavestiti vo\u0111u grupe o svojoj zameni.<\/span><\/li>\n<li style=\"font-weight: 400;\" aria-level=\"1\"><span style=\"font-weight: 400;\">Gost koji nije \u010dlan mo\u017ee prisustvovati sastancima VBC grupe najvi\u0161e dva puta u uzastopnom periodu od 12 meseci.<\/span><\/li>\n<li style=\"font-weight: 400;\" aria-level=\"1\"><span style=\"font-weight: 400;\">Jedna osoba mo\u017ee biti \u010dlan samo jedne VBC grupe u isto vreme, ali mo\u017ee bez ograni\u010denja pose\u0107ivati bilo koju VBC grupu kao gost.<\/span><\/li>\n<li style=\"font-weight: 400;\" aria-level=\"1\"><span style=\"font-weight: 400;\">O\u010dekuje se da \u010dlanovi donose kvalitetne poslovne preporuke i goste u svoju VBC grupu. Svaka grupa mo\u017ee da postavi minimalni uslov za broj preporuka i gostiju neophodnih za o\u010duvanje \u010dlanstva.<\/span><\/li>\n<li style=\"font-weight: 400;\" aria-level=\"1\"><span style=\"font-weight: 400;\">Svrha liste \u010dlanova VBC-a je olak\u0161avanje poslovnih preporuka; s\u2019toga se podaci \u010dlanova ne mogu koristiti u druge svrhe (npr. ne\u017eeljene e-poruke ili kampanje direktne po\u0161te) bez prethodne saglasnosti. Me\u0111utim, \u010dlanovi se sla\u017eu da povremeno primaju komunikacije od VBC-a radi postizanja poslovnog uspeha.<\/span><\/li>\n<li style=\"font-weight: 400;\" aria-level=\"1\"><span style=\"font-weight: 400;\">U prvih 30 dana \u010dlanstva, svi novi \u010dlanovi VBC moraju da poha\u0111aju orijentacioni kurs kako bi maksimizovali svoj uspeh.<\/span><\/li>\n<li style=\"font-weight: 400;\" aria-level=\"1\"><span style=\"font-weight: 400;\">\u010clanovi nisu ovla\u0161\u0107eni da koriste intelektualnu svojinu VBC-a (npr. logotipe, \u017eigove, nazive, slogane, materijale za\u0161ti\u0107ene autorskim pravima) za proizvodnju, distribuciju, prodaju, ogla\u0161avanje ili bilo koju drugu svrhu bez prethodnog pismenog pristanka me\u0111unarodnog rukovodstva VBC-a.<\/span><\/li>\n<li style=\"font-weight: 400;\" aria-level=\"1\"><span style=\"font-weight: 400;\">VBC mo\u017ee da osnuje grupe u bilo kom gradu ili zajednici i zadr\u017eava pravo da u okviru jedne lokacije formira vi\u0161e grupa ukoliko postoji potra\u017enja za njenim uslugama.<\/span><\/li>\n<li style=\"font-weight: 400;\" aria-level=\"1\"><span style=\"font-weight: 400;\">\u010clanstvo u VBC grupi zahteva uplatu \u010dlanarine uz godi\u0161nju obnovu. Ta\u010dne iznose \u010dlanarina utvr\u0111uje vo\u0111a grupe i oni su dostupni na zvani\u010dnom sajtu VBC-a. Novi \u010dlanovi moraju izmiriti \u010dlanarinu u roku od 8 dana od podno\u0161enja prijave. Uplata se smatra izvr\u0161enom kada se iznos primi na VBC ra\u010dun.<\/span><\/li>\n<li style=\"font-weight: 400;\" aria-level=\"1\"><span style=\"font-weight: 400;\">Godi\u0161nja \u010dlanarina mora da se plati svake godine. Ako se ne izmiri u roku od 8 dana od datuma obnove, \u010dlan \u0107e biti isklju\u010den iz VBC-a, a ponovno pridru\u017eivanje \u0107e zahtevati ponovno pla\u0107anje kotizacije.<\/span><\/li>\n<li style=\"font-weight: 400;\" aria-level=\"1\"><span style=\"font-weight: 400;\">\u010clanarine nisu povratne nakon prijema, ali \u010dlanovi mogu zatra\u017eiti potvrdu o neiskori\u0161\u0107enim periodima \u010dlanstva.<\/span><\/li>\n<li style=\"font-weight: 400;\" aria-level=\"1\"><span style=\"font-weight: 400;\">\u010clanarine nisu prenosive izme\u0111u pojedinaca ili pravnih lica, osim ako je \u010dlanarina pla\u0107ena od strane kompanije, koja mo\u017ee da delegira drugog zaposlenog kao zamenu.<\/span><\/li>\n<li style=\"font-weight: 400;\" aria-level=\"1\"><span style=\"font-weight: 400;\">Ako \u010dlan zatra\u017ei preme\u0161taj u drugu VBC grupu, mora da podnese zahtev za preme\u0161taj. Ako je unapred pla\u0107eni period \u010dlanstva kra\u0107i od 12 meseci, \u010dlan mora da plati punu dodatnu godinu prilikom preme\u0161taja. Ako se zahtev odobri, preostali period \u010dlanstva bi\u0107e dodatan na novi 12-mese\u010dni period.<\/span><\/li>\n<li style=\"font-weight: 400;\" aria-level=\"1\"><span style=\"font-weight: 400;\">Ako je \u010dlan VBC-a uklju\u010den u multi-level marketing (MLM), mo\u017ee govoriti o svojim proizvodima i uslugama, ali ne sme promovisati prednosti pristupanja MLM sistemu ili regrutovati goste za njega.<\/span><\/li>\n<\/ol>\n<p><span style=\"font-weight: 400;\">Ovaj dokument navodi eti\u010dka i operativna na\u010dela koja usmeravaju VBC u negovanju uspe\u0161ne, eti\u010dke i odr\u017eive poslovne mre\u017ee.<\/span><\/p>\t\t\t\t\t\t\t\t<\/div>\n\t\t\t\t<\/div>\n\t\t\t\t\t<\/div>\n\t\t\t\t<\/div>\n\t\t\t\t<\/div>\n\t\t","protected":false},"excerpt":{"rendered":"<p>Kodeks poslovanja i etike VBC je poslovna zajednica za kompanije koje podr\u017eavaju revoluciju zasnovanu na biljkama. Na\u0161a vizija je da biljni proizvodi budu dostupni na vi\u0161e mesta i boljeg kvaliteta, smanjuju\u0107i upotrebu \u017eivotinja i doprinose\u0107i mirnijem, zdravijem i odr\u017eivijem svetu. VBC je me\u0111unarodna organizacija sastavljena od preduzetnika i poslovnih lidera koji se sla\u017eu sa njenom [&hellip;]<\/p>\n","protected":false},"author":15,"featured_media":0,"parent":0,"menu_order":0,"comment_status":"closed","ping_status":"closed","template":"","meta":{"_acf_changed":false,"inline_featured_image":false,"footnotes":""},"class_list":["post-9442","page","type-page","status-publish","hentry"],"acf":[],"_links":{"self":[{"href":"https:\/\/veganbusinesscircle.com\/hr\/wp-json\/wp\/v2\/pages\/9442","targetHints":{"allow":["GET"]}}],"collection":[{"href":"https:\/\/veganbusinesscircle.com\/hr\/wp-json\/wp\/v2\/pages"}],"about":[{"href":"https:\/\/veganbusinesscircle.com\/hr\/wp-json\/wp\/v2\/types\/page"}],"author":[{"embeddable":true,"href":"https:\/\/veganbusinesscircle.com\/hr\/wp-json\/wp\/v2\/users\/15"}],"replies":[{"embeddable":true,"href":"https:\/\/veganbusinesscircle.com\/hr\/wp-json\/wp\/v2\/comments?post=9442"}],"version-history":[{"count":5,"href":"https:\/\/veganbusinesscircle.com\/hr\/wp-json\/wp\/v2\/pages\/9442\/revisions"}],"predecessor-version":[{"id":9728,"href":"https:\/\/veganbusinesscircle.com\/hr\/wp-json\/wp\/v2\/pages\/9442\/revisions\/9728"}],"wp:attachment":[{"href":"https:\/\/veganbusinesscircle.com\/hr\/wp-json\/wp\/v2\/media?parent=9442"}],"curies":[{"name":"wp","href":"https:\/\/api.w.org\/{rel}","templated":true}]}}