{"id":9599,"date":"2024-05-25T09:32:06","date_gmt":"2024-05-25T07:32:06","guid":{"rendered":"https:\/\/veganbusinesscircle.com\/impresum-2\/"},"modified":"2026-01-19T14:49:20","modified_gmt":"2026-01-19T13:49:20","slug":"impresum-2","status":"publish","type":"page","link":"https:\/\/veganbusinesscircle.com\/hr\/impresum-2\/","title":{"rendered":"Impresum"},"content":{"rendered":"\t\t<div data-elementor-type=\"wp-page\" data-elementor-id=\"9599\" class=\"elementor elementor-9599 elementor-2898\" data-elementor-post-type=\"page\">\n\t\t\t\t<div class=\"elementor-element elementor-element-47cd1058 e-flex e-con-boxed e-con e-parent\" data-id=\"47cd1058\" data-element_type=\"container\" data-e-type=\"container\">\n\t\t\t\t\t<div class=\"e-con-inner\">\n\t\t\t\t<div class=\"elementor-element elementor-element-55e65e4 elementor-widget elementor-widget-text-editor\" data-id=\"55e65e4\" data-element_type=\"widget\" data-e-type=\"widget\" data-widget_type=\"text-editor.default\">\n\t\t\t\t<div class=\"elementor-widget-container\">\n\t\t\t\t\t\t\t\t\t<p><b>Impresum operatera web stranice<\/b><\/p><table><tbody><tr><td colspan=\"2\"><p><b> PODACI UPRAVITELJA PODATAKA<\/b><\/p><\/td><\/tr><tr><td><p><span style=\"font-weight: 400;\">Naziv: <\/span><\/p><p><span style=\"font-weight: 400;\">Adresa:<\/span><\/p><p><span style=\"font-weight: 400;\">Kontakt:<\/span><\/p><p><span style=\"font-weight: 400;\">Mati\u010dni broj:<\/span><\/p><p><span style=\"font-weight: 400;\">OIB:<\/span><\/p><p><span style=\"font-weight: 400;\">IBAN:<\/span><\/p><p><span style=\"font-weight: 400;\">Registarsko tijelo:<\/span><\/p><\/td><td><p><span style=\"font-weight: 400;\">N\u00f6v\u00e9nyi Forradalom Nonprofit Kft. <\/span><\/p><p><span style=\"font-weight: 400;\">1138 Budapest, P\u00e1rk\u00e1ny u. 12. 7.em.43.<\/span><\/p><p><a href=\"mailto:info@veganbusinesscircle.hu\"><span style=\"font-weight: 400;\">info@veganbusinesscircle.hu<\/span><\/a><\/p><p><span style=\"font-weight: 400;\">Cg.01-09-403212<\/span><\/p><p><span style=\"font-weight: 400;\">32024551-2-41<\/span><\/p><p><span style=\"font-weight: 400;\">16200223-10167205-00000000<\/span><\/p><p><span style=\"font-weight: 400;\">Court of Justice of Budapest (F\u0151v\u00e1rosi T\u00f6rv\u00e9nysz\u00e9k C\u00e9gb\u00edr\u00f3s\u00e1ga)<\/span><\/p><\/td><\/tr><\/tbody><\/table>\t\t\t\t\t\t\t\t<\/div>\n\t\t\t\t<\/div>\n\t\t\t\t\t<\/div>\n\t\t\t\t<\/div>\n\t\t\t\t<\/div>\n\t\t","protected":false},"excerpt":{"rendered":"<p>Impresum operatera web stranice PODACI UPRAVITELJA PODATAKA Naziv: Adresa: Kontakt: Mati\u010dni broj: OIB: IBAN: Registarsko tijelo: N\u00f6v\u00e9nyi Forradalom Nonprofit Kft. 1138 Budapest, P\u00e1rk\u00e1ny u. 12. 7.em.43. info@veganbusinesscircle.hu Cg.01-09-403212 32024551-2-41 16200223-10167205-00000000 Court of Justice of Budapest (F\u0151v\u00e1rosi T\u00f6rv\u00e9nysz\u00e9k C\u00e9gb\u00edr\u00f3s\u00e1ga)<\/p>\n","protected":false},"author":1,"featured_media":0,"parent":0,"menu_order":0,"comment_status":"closed","ping_status":"closed","template":"","meta":{"_acf_changed":false,"inline_featured_image":false,"footnotes":""},"class_list":["post-9599","page","type-page","status-publish","hentry"],"acf":[],"_links":{"self":[{"href":"https:\/\/veganbusinesscircle.com\/hr\/wp-json\/wp\/v2\/pages\/9599","targetHints":{"allow":["GET"]}}],"collection":[{"href":"https:\/\/veganbusinesscircle.com\/hr\/wp-json\/wp\/v2\/pages"}],"about":[{"href":"https:\/\/veganbusinesscircle.com\/hr\/wp-json\/wp\/v2\/types\/page"}],"author":[{"embeddable":true,"href":"https:\/\/veganbusinesscircle.com\/hr\/wp-json\/wp\/v2\/users\/1"}],"replies":[{"embeddable":true,"href":"https:\/\/veganbusinesscircle.com\/hr\/wp-json\/wp\/v2\/comments?post=9599"}],"version-history":[{"count":1,"href":"https:\/\/veganbusinesscircle.com\/hr\/wp-json\/wp\/v2\/pages\/9599\/revisions"}],"predecessor-version":[{"id":9600,"href":"https:\/\/veganbusinesscircle.com\/hr\/wp-json\/wp\/v2\/pages\/9599\/revisions\/9600"}],"wp:attachment":[{"href":"https:\/\/veganbusinesscircle.com\/hr\/wp-json\/wp\/v2\/media?parent=9599"}],"curies":[{"name":"wp","href":"https:\/\/api.w.org\/{rel}","templated":true}]}}