{"id":41,"date":"2024-04-28T09:54:36","date_gmt":"2024-04-28T09:54:36","guid":{"rendered":"https:\/\/veganbusinesscircle.com\/?page_id=41"},"modified":"2025-04-07T10:33:42","modified_gmt":"2025-04-07T08:33:42","slug":"belepes","status":"publish","type":"page","link":"https:\/\/veganbusinesscircle.com\/hu\/belepes\/","title":{"rendered":"Bel\u00e9p\u00e9s"},"content":{"rendered":"\t\t<div data-elementor-type=\"wp-page\" data-elementor-id=\"41\" class=\"elementor elementor-41\" data-elementor-post-type=\"page\">\n\t\t\t\t<div class=\"elementor-element elementor-element-681578b8 e-flex e-con-boxed e-con e-parent\" data-id=\"681578b8\" data-element_type=\"container\" data-e-type=\"container\">\n\t\t\t\t\t<div class=\"e-con-inner\">\n\t\t<div class=\"elementor-element elementor-element-355fb0bc e-flex e-con-boxed e-con e-child\" data-id=\"355fb0bc\" data-element_type=\"container\" data-e-type=\"container\">\n\t\t\t\t\t<div class=\"e-con-inner\">\n\t\t<div class=\"elementor-element elementor-element-2d75f3a7 e-con-full e-flex e-con e-child\" data-id=\"2d75f3a7\" data-element_type=\"container\" data-e-type=\"container\">\n\t\t\t\t<div class=\"elementor-element elementor-element-46a241e elementor-button-align-center elementor-widget elementor-widget-login\" data-id=\"46a241e\" data-element_type=\"widget\" data-e-type=\"widget\" data-widget_type=\"login.default\">\n\t\t\t\t<div class=\"elementor-widget-container\">\n\t\t\t\t\t\t\t<form class=\"elementor-login elementor-form\" method=\"post\" action=\"https:\/\/veganbusinesscircle.com\/wp-login.php\" aria-label=\"Login form\">\n\t\t\t<input type=\"hidden\" name=\"redirect_to\" value=\"\/hu\/wp-json\/wp\/v2\/pages\/41\">\n\t\t\t<div class=\"elementor-form-fields-wrapper\">\n\t\t\t\t<div class=\"elementor-field-type-text elementor-field-group elementor-column elementor-col-100 elementor-field-required\">\n\t\t\t\t\t<label for=\"user-46a241e\" class=\"elementor-field-label\">Email c\u00edm<\/label>\n\t\t\t\t\t<input size=\"1\" type=\"text\" name=\"log\" id=\"user-46a241e\" placeholder=\"Email c\u00edm vagy felhaszn\u00e1l\u00f3n\u00e9v\" class=\"elementor-field elementor-field-textual elementor-size-lg\">\n\t\t\t\t<\/div>\n\t\t\t\t<div class=\"elementor-field-type-text elementor-field-group elementor-column elementor-col-100 elementor-field-required\">\n\t\t\t\t\t<label for=\"password-46a241e\" class=\"elementor-field-label\">Jelsz\u00f3<\/label>\n\t\t\t\t\t<input size=\"1\" type=\"password\" name=\"pwd\" id=\"password-46a241e\" placeholder=\"Jelsz\u00f3\" class=\"elementor-field elementor-field-textual elementor-size-lg\">\n\t\t\t\t<\/div>\n\n\t\t\t\t\n\t\t\t\t<div class=\"elementor-field-group elementor-column elementor-field-type-submit elementor-col-100\">\n\t\t\t\t\t<button type=\"submit\" class=\"elementor-size-md elementor-button\" name=\"wp-submit\">\n\t\t\t\t\t\t\t\t\t\t\t\t\t\t\t<span class=\"elementor-button-text\">Bejelentkez\u00e9s<\/span>\n\t\t\t\t\t\t\t\t\t\t\t\t<\/button>\n\t\t\t\t<\/div>\n\n\t\t\t\t\t\t\t\t\t<div class=\"elementor-field-group elementor-column elementor-col-100\">\n\t\t\t\t\t\t\t\t\t\t\t\t\t\t\t\t\t\t\t\t<a class=\"elementor-lost-password\" href=\"https:\/\/veganbusinesscircle.com\/wp-login.php?action=lostpassword&redirect_to=%2Fhu%2Fwp-json%2Fwp%2Fv2%2Fpages%2F41\">\n\t\t\t\t\t\t\t\tElfelejtetted a jelszavad?\t\t\t\t\t\t\t<\/a>\n\t\t\t\t\t\t\n\t\t\t\t\t\t\t\t\t\t\t<\/div>\n\t\t\t\t\t\t\t<\/div>\n\t\t<\/form>\n\t\t\t\t\t\t<\/div>\n\t\t\t\t<\/div>\n\t\t\t\t<div class=\"elementor-element elementor-element-50229413 elementor-align-center elementor-widget elementor-widget-button\" data-id=\"50229413\" data-element_type=\"widget\" data-e-type=\"widget\" data-widget_type=\"button.default\">\n\t\t\t\t<div class=\"elementor-widget-container\">\n\t\t\t\t\t\t\t\t\t<div class=\"elementor-button-wrapper\">\n\t\t\t\t\t<a class=\"elementor-button elementor-button-link elementor-size-sm\" href=\"https:\/\/veganbusinesscircle.com\/fiokom\">\n\t\t\t\t\t\t<span class=\"elementor-button-content-wrapper\">\n\t\t\t\t\t\t<span class=\"elementor-button-icon\">\n\t\t\t\t<svg xmlns=\"http:\/\/www.w3.org\/2000\/svg\" width=\"17\" height=\"13\" viewBox=\"0 0 17 13\" fill=\"none\"><path d=\"M10.6356 0.125L9.91313 0.831562L15.0716 5.99531L0 5.99531L0 7.00469L15.0716 7.00469L9.91313 12.1737L10.6356 12.875L17 6.5L10.6356 0.125Z\" fill=\"#8FD400\"><\/path><\/svg>\t\t\t<\/span>\n\t\t\t\t\t\t\t\t\t<span class=\"elementor-button-text\">Regisztr\u00e1ci\u00f3<\/span>\n\t\t\t\t\t<\/span>\n\t\t\t\t\t<\/a>\n\t\t\t\t<\/div>\n\t\t\t\t\t\t\t\t<\/div>\n\t\t\t\t<\/div>\n\t\t\t\t<\/div>\n\t\t\t\t\t<\/div>\n\t\t\t\t<\/div>\n\t\t\t\t\t<\/div>\n\t\t\t\t<\/div>\n\t\t\t\t<\/div>\n\t\t","protected":false},"excerpt":{"rendered":"<p>Regisztr\u00e1ci\u00f3<\/p>\n","protected":false},"author":1,"featured_media":0,"parent":0,"menu_order":0,"comment_status":"closed","ping_status":"closed","template":"","meta":{"_acf_changed":false,"inline_featured_image":false,"footnotes":""},"class_list":["post-41","page","type-page","status-publish","hentry"],"acf":[],"_links":{"self":[{"href":"https:\/\/veganbusinesscircle.com\/hu\/wp-json\/wp\/v2\/pages\/41","targetHints":{"allow":["GET"]}}],"collection":[{"href":"https:\/\/veganbusinesscircle.com\/hu\/wp-json\/wp\/v2\/pages"}],"about":[{"href":"https:\/\/veganbusinesscircle.com\/hu\/wp-json\/wp\/v2\/types\/page"}],"author":[{"embeddable":true,"href":"https:\/\/veganbusinesscircle.com\/hu\/wp-json\/wp\/v2\/users\/1"}],"replies":[{"embeddable":true,"href":"https:\/\/veganbusinesscircle.com\/hu\/wp-json\/wp\/v2\/comments?post=41"}],"version-history":[{"count":19,"href":"https:\/\/veganbusinesscircle.com\/hu\/wp-json\/wp\/v2\/pages\/41\/revisions"}],"predecessor-version":[{"id":3750,"href":"https:\/\/veganbusinesscircle.com\/hu\/wp-json\/wp\/v2\/pages\/41\/revisions\/3750"}],"wp:attachment":[{"href":"https:\/\/veganbusinesscircle.com\/hu\/wp-json\/wp\/v2\/media?parent=41"}],"curies":[{"name":"wp","href":"https:\/\/api.w.org\/{rel}","templated":true}]}}