{"id":744,"date":"2025-10-20T10:17:20","date_gmt":"2025-10-20T08:17:20","guid":{"rendered":"https:\/\/veganbusinesscircle.com\/?page_id=744"},"modified":"2025-10-17T14:57:18","modified_gmt":"2025-10-17T12:57:18","slug":"etikai-kodex","status":"publish","type":"page","link":"https:\/\/veganbusinesscircle.com\/hu\/etikai-kodex\/","title":{"rendered":"Etikai k\u00f3dex"},"content":{"rendered":"\t\t<div data-elementor-type=\"wp-page\" data-elementor-id=\"744\" class=\"elementor elementor-744 elementor-8026\" data-elementor-post-type=\"page\">\n\t\t\t\t<div class=\"elementor-element elementor-element-42c7fca1 e-flex e-con-boxed e-con e-parent\" data-id=\"42c7fca1\" data-element_type=\"container\" data-e-type=\"container\">\n\t\t\t\t\t<div class=\"e-con-inner\">\n\t\t\t\t<div class=\"elementor-element elementor-element-5f1e49ff elementor-widget elementor-widget-heading\" data-id=\"5f1e49ff\" data-element_type=\"widget\" data-e-type=\"widget\" data-widget_type=\"heading.default\">\n\t\t\t\t<div class=\"elementor-widget-container\">\n\t\t\t\t\t<h2 class=\"elementor-heading-title elementor-size-default\">M\u0171k\u00f6d\u00e9si \u00e9s etikai szab\u00e1lyzat\u200b<\/h2>\t\t\t\t<\/div>\n\t\t\t\t<\/div>\n\t\t\t\t<div class=\"elementor-element elementor-element-1a3366e4 elementor-widget elementor-widget-text-editor\" data-id=\"1a3366e4\" data-element_type=\"widget\" data-e-type=\"widget\" data-widget_type=\"text-editor.default\">\n\t\t\t\t<div class=\"elementor-widget-container\">\n\t\t\t\t\t\t\t\t\t<p><span style=\"font-weight: 400;\">A VBC a n\u00f6v\u00e9nyi forradalmat seg\u00edt\u0151 v\u00e1llalkoz\u00e1sok \u00fczleti k\u00f6z\u00f6ss\u00e9ge.V\u00edzi\u00f3nk, hogy a n\u00f6v\u00e9nyi alap\u00fa term\u00e9kek min\u00e9l t\u00f6bb helyen, min\u00e9l jobb min\u0151s\u00e9gben el\u00e9rhet\u0151ek legyenek, ez\u00e1ltal cs\u00f6kkents\u00fck az \u00e1llathaszn\u00e1latot \u00e9s a hozz\u00e1j\u00e1ruljunk egy b\u00e9k\u00e9sebb, eg\u00e9szs\u00e9gesebb \u00e9s fenntarthat\u00f3bb vil\u00e1g l\u00e9trej\u00f6tt\u00e9hez. A VBC nemzetk\u00f6zi szervezete olyan v\u00e1llalkoz\u00f3kb\u00f3l \u00e9s c\u00e9gvezet\u0151kb\u0151l \u00e1ll, akik egyet\u00e9rtenek a VBC v\u00edzi\u00f3j\u00e1val \u00e9s k\u00fcldet\u00e9s\u00e9vel. C\u00e9ljuk az \u00e1ltaluk k\u00e9pviselt c\u00e9g, tagt\u00e1rsaik v\u00e1llalkoz\u00e1sainak, valamint a VBC, mint szervezet fejl\u0151d\u00e9s\u00e9nek \u00e9s n\u00f6veked\u00e9s\u00e9nek el\u0151seg\u00edt\u00e9se \u00e9s k\u00fcldet\u00e9s\u00e9nek el\u0151seg\u00edt\u00e9se. Egy olyan nemzetk\u00f6zi szinten kiterjedt \u00e9s j\u00f3l m\u0171k\u00f6d\u0151 \u00fczleti k\u00f6z\u00f6ss\u00e9get \u00e9p\u00edt\u00fcnk, ahol a tagok elk\u00f6telezettek az \u00e1llatv\u00e9delem, a fenntarthat\u00f3s\u00e1g \u00e9s a magas min\u0151s\u00e9g\u0171 \u00e9s val\u00f3s ig\u00e9nyen alapul\u00f3 \u00fczleti kapcsolatok ir\u00e1nt. A VBC lehet\u0151s\u00e9get biztos\u00edt tagjai sz\u00e1m\u00e1ra, hogy megossz\u00e1k egym\u00e1ssal kapcsolati t\u0151k\u00e9j\u00fcket, tud\u00e1sukat \u00e9s ez\u00e1ltal seg\u00edts\u00e9k egym\u00e1st.<\/span><span style=\"font-weight: 400;\"><br \/><\/span><span style=\"font-weight: 400;\"><br \/><\/span><strong>A VBC etikai k\u00f3dexe:<\/strong><\/p><ol><li><span style=\"font-weight: 400;\">Akt\u00edv tev\u00e9kenys\u00e9gemmel hozz\u00e1j\u00e1rulok, hogy a VBC k\u00f6z\u00f6ss\u00e9ge egy t\u00e1mogat\u00f3 \u00e9s prosper\u00e1l\u00f3 k\u00f6z\u00f6ss\u00e9g legyen.\u00a0<\/span><\/li><li><span style=\"font-weight: 400;\"> A VBC rendezv\u00e9nyek sor\u00e1n j\u00f3hiszem\u0171s\u00e9get \u00e9s t\u00e1mogat\u00e1st tan\u00fas\u00edtok a t\u00f6bbi csoporttaggal szemben.\u00a0<\/span><\/li><li><span style=\"font-weight: 400;\"> \u0150szinte leszek a tagokkal \u00e9s a nekem aj\u00e1nlott \u00fczletfeleikkel.\u00a0<\/span><\/li><li><span style=\"font-weight: 400;\"> A tagokkal \u00e9s aj\u00e1nlott partnereikkel j\u00f3indulatot \u00e9s bizalmat \u00e9p\u00edtek.\u00a0<\/span><\/li><li><span style=\"font-weight: 400;\"> Felel\u0151ss\u00e9get v\u00e1llalok, hogy ut\u00e1nk\u00f6vetem a kapott \u00fczleti aj\u00e1nl\u00e1sokat.\u00a0<\/span><\/li><li><span style=\"font-weight: 400;\"> Felel\u0151ss\u00e9get v\u00e1llalok az \u00e1ltalam aj\u00e1nlott \u00fczleti partnerek val\u00f3dis\u00e1g\u00e1\u00e9rt, megb\u00edzhat\u00f3s\u00e1g\u00e1\u00e9rt.<\/span><\/li><li><span style=\"font-weight: 400;\"><span style=\"font-weight: 400;\"> Akt\u00edvan seg\u00edtem a VBC k\u00fcldet\u00e9s\u00e9t \u00e9s m\u0171k\u00f6d\u00e9s\u00e9t.<\/span><\/span><\/li><\/ol><p><strong><br \/>A VBC alap\u00e9rt\u00e9kei:<\/strong><\/p><ol><li><span style=\"font-weight: 400;\">\u00c1llati eredet\u0171 anyagok \u00e9s \u00e1llatok t\u00e1rgyias\u00edt\u00e1sa n\u00e9lk\u00fcli kiv\u00e1l\u00f3 min\u0151s\u00e9g\u0171 szolg\u00e1ltat\u00e1sok \u00e9s term\u00e9kek<\/span><\/li><li><span style=\"font-weight: 400;\">\u00c1lland\u00f3 \u00e9s folyamatos min\u0151s\u00e9gi kapcsolat\u00e9p\u00edt\u00e9s<\/span><\/li><li><span style=\"font-weight: 400;\">K\u00e9pz\u00e9sek \u00e9s oktat\u00e1s, avagy egy \u00e9lethosszig tart\u00f3 tanul\u00e1s<\/span><\/li><li><span style=\"font-weight: 400;\">Pozit\u00edv hozz\u00e1\u00e1ll\u00e1s<\/span><\/li><li>\u0150szintes\u00e9g, j\u00f3hiszem\u0171s\u00e9g \u00e9s bizalom<\/li><\/ol><p><span style=\"font-weight: 400;\"><br \/><\/span><strong>M\u0171k\u00f6d\u00e9si szab\u00e1lyzat:<br \/><\/strong><\/p><ol><li><span style=\"font-weight: 400;\">Egy VBC csoporthoz b\u00e1rki csatlakozhat tagk\u00e9nt, aki egyet\u00e9rt a VBC k\u00fcldet\u00e9s\u00e9vel \u00e9s alap\u00e9rt\u00e9keivel.<\/span><\/li><li><span style=\"font-weight: 400;\">A tagk\u00e9nt val\u00f3 csatlakoz\u00e1snak felt\u00e9tele az \u00c1SZF \u00e9s a M\u0171k\u00f6d\u00e9si \u00e9s Etikai Szab\u00e1lyzat elfogad\u00e1sa, a csoport vezet\u0151s\u00e9g\u00e9nek j\u00f3v\u00e1hagy\u00e1sa, valamint a tags\u00e1gi d\u00edj befizet\u00e9se.<\/span><span style=\"font-weight: 400;\"><br \/><\/span><\/li><li><span style=\"font-weight: 400;\">A tag v\u00e1llalja, hogy rendszeresen r\u00e9szt vesz a csoport tal\u00e1lkoz\u00f3in, azokra pontosan \u00e9rkezik, \u00e9s a tal\u00e1lkoz\u00f3 teljes id\u0151tartam\u00e1ra marad.<\/span><\/li><li><span style=\"font-weight: 400;\">A tagok tal\u00e1lkoz\u00f3kon val\u00f3 r\u00e9szv\u00e9tele d\u00f6nt\u0151 fontoss\u00e1g\u00fa a csoport sikere szempontj\u00e1b\u00f3l. Ha egy tag nem tud r\u00e9szt venni egy tal\u00e1lkoz\u00f3n, helyettest k\u00fcldhet maga helyett (olyan embert, aki nem tagja a csoportnak). Helyettes\u00edt\u0151k\u00e9nt sz\u00e1mba j\u00f6hetnek p\u00e9ld\u00e1ul: saj\u00e1t vev\u0151k\u00f6r tagjai, \u00fcgyfelek, p\u00e1ciensek, bar\u00e1tok, illetve potenci\u00e1lis \u00e9rdekl\u0151d\u0151k, koll\u00e9g\u00e1k. A tagoknak \u00e9rtes\u00edteni kell a csoport vezet\u0151j\u00e9t a helyettes\u00edt\u0151r\u0151l.<\/span><\/li><li><span style=\"font-weight: 400;\">A VBC csoportjainak tal\u00e1lkoz\u00f3in egy tags\u00e1ggal nem rendelkez\u0151 vend\u00e9g egym\u00e1st k\u00f6vet\u0151 12 h\u00f3napban maximum k\u00e9t alkalommal vehet r\u00e9szt.<\/span><\/li><li><span style=\"font-weight: 400;\">Egy szem\u00e9ly egyszerre csak egy VBC csoportnak lehet a tagja, de vend\u00e9gk\u00e9nt b\u00e1rmelyik VBC csoportba korl\u00e1tlan sz\u00e1mban ell\u00e1togathat.<\/span><\/li><li><span style=\"font-weight: 400;\">A tagok fel\u00e9 elv\u00e1r\u00e1s, hogy min\u0151s\u00edtett \u00fczleti aj\u00e1nl\u00e1sokat \u00e9s l\u00e1togat\u00f3 vend\u00e9geket hozzanak VBC csoportjukba. A csoportok saj\u00e1t hat\u00e1sk\u00f6rben meghat\u00e1rozhatj\u00e1k a hozott vend\u00e9gek \u00e9s \u00fczleti aj\u00e1nl\u00e1sok minim\u00e1lis sz\u00e1m\u00e1t, amely sz\u00fcks\u00e9ges az adott csoportban a tags\u00e1g fenntart\u00e1s\u00e1hoz.<\/span><\/li><li><span style=\"font-weight: 400;\">A VBC taglist\u00e1inak c\u00e9lja, hogy seg\u00edts\u00e9k az \u00fczleti aj\u00e1nl\u00e1sok ad\u00e1s\u00e1t, ez\u00e9rt a tagok adatait el\u0151zetes beleegyez\u00e9s\u00fck n\u00e9lk\u00fcl m\u00e1s c\u00e9lokra (pl. k\u00e9retlen e-mail, vagy postai DM k\u00fcldem\u00e9nyek k\u00fcld\u00e9se stb.) nem szabad felhaszn\u00e1lni. A VBC tagok ugyanakkor hozz\u00e1j\u00e1rulnak, hogy siker\u00fck \u00e9rdek\u00e9ben a VBC-t\u0151l id\u0151k\u00f6z\u00f6nk\u00e9nt leveleket, e-maileket, h\u00edv\u00e1sokat stb. fogadnak.<\/span><\/li><li><span style=\"font-weight: 400;\">A tagg\u00e1 v\u00e1l\u00e1st\u00f3l sz\u00e1m\u00edtott els\u0151 30 napon bel\u00fcl minden \u00faj VBC tagnak k\u00f6telez\u0151 r\u00e9szt venni az \u00faj tagoknak sz\u00f3l\u00f3 tanfolyamon, annak \u00e9rdek\u00e9ben, min\u00e9l eredm\u00e9nyesebbek legyenek.<\/span><\/li><li><span style=\"font-weight: 400;\">A tagok nem jogosultak a VBC szellemi tulajdon\u00e1nak (pl. log\u00f3k, v\u00e9djegyek, elnevez\u00e9sek, szlogenek, szerz\u0151i jog \u00e1ltal v\u00e9dett egy\u00e9b anyagok stb.) haszn\u00e1lat\u00e1ra gy\u00e1rt\u00e1suk, eloszt\u00e1suk, elad\u00e1saik, piaci \u00e9rt\u00e9kes\u00edt\u00e9seik \u00e9rdek\u00e9ben vagy b\u00e1rmely term\u00e9k vagy szolg\u00e1ltat\u00e1s rekl\u00e1moz\u00e1sa sor\u00e1n vagy a VBC szellemi tulajdon\u00e1nak egy\u00e9b m\u00e1s m\u00f3don t\u00f6rt\u00e9n\u0151 haszn\u00e1lat\u00e1ra a VBC International vezet\u0151s\u00e9g\u00e9nek el\u0151zetes \u00edr\u00e1sbeli hozz\u00e1j\u00e1rul\u00e1sa n\u00e9lk\u00fcl.<\/span><\/li><li><span style=\"font-weight: 400;\">A VBC b\u00e1rmely v\u00e1rosban vagy k\u00f6z\u00f6ss\u00e9gben l\u00e9trehozhat csoportokat, tov\u00e1bb\u00e1 a VBC fenntartja a jogot, hogy egyn\u00e9l t\u00f6bb csoportot alap\u00edtson egy k\u00f6z\u00f6ss\u00e9gen vagy v\u00e1roson bel\u00fcl, ahol a VBC szolg\u00e1ltat\u00e1saira ig\u00e9ny van.<\/span><\/li><li><span style=\"font-weight: 400;\">A VBC csoportba val\u00f3 bel\u00e9p\u00e9s tagd\u00edjhoz, a tags\u00e1g folyamatos fenntart\u00e1sa \u00e9ves tags\u00e1gi d\u00edj fizet\u00e9shez k\u00f6t\u00f6tt. Az \u00e9rv\u00e9nyes \u00f6sszegekr\u0151l a csoport vezet\u0151je ad t\u00e1j\u00e9koztat\u00e1st, illetve az a VBC hivatalos weboldal\u00e1n is megtal\u00e1lhat\u00f3. <\/span><span style=\"font-weight: 400;\">A tags\u00e1gi d\u00edjat a VBC weboldal\u00e1n bankk\u00e1rty\u00e1val lehet kiegyenl\u00edteni. <\/span><span style=\"font-weight: 400;\">A tags\u00e1gi d\u00edj \u2013 valamint b\u00e1rmilyen egy\u00e9b d\u00edj &#8211; megfizet\u00e9s\u00e9nek az min\u0151s\u00fcl, ha az adott \u00f6sszeg meg\u00e9rkezett a VBC sz\u00e1ml\u00e1j\u00e1ra.<\/span><\/li><li><span style=\"font-weight: 400;\">Az \u00e9ves tagd\u00edj \u00e9vente fizetend\u0151. Ha a tagd\u00edj az \u00e9vfordul\u00f3t k\u00f6vet\u0151 8 napos id\u0151szakon bel\u00fcl nem ker\u00fcl kiegyenl\u00edt\u00e9sre, a tagot kiz\u00e1rj\u00e1k a VBC szervezet\u00e9b\u0151l.<\/span><\/li><li><span style=\"font-weight: 400;\">A VBC tags\u00e1gra jelentkez\u00e9s elfogad\u00e1s\u00e1t\u00f3l a tagd\u00edjak nem visszat\u00e9r\u00edthet\u0151ek, k\u00e9r\u00e9sre azonban igazol\u00e1s adhat\u00f3 ki a fel nem haszn\u00e1lt id\u0151szakr\u00f3l.<\/span><\/li><li><span style=\"font-weight: 400;\">A tagd\u00edjak nem ruh\u00e1zhat\u00f3ak \u00e1t egyik szem\u00e9lyr\u0151l\/jogi szem\u00e9lyr\u0151l a m\u00e1sikra, kiv\u00e9ve, ha a tagd\u00edjat c\u00e9g fizette be, \u00e9s egy m\u00e1sik alkalmazottj\u00e1t deleg\u00e1lja a jelenlegi helyett.<\/span><\/li><li><span style=\"font-weight: 400;\">Amennyiben egy tag \u00e1thelyez\u00e9s\u00e9t k\u00e9ri egyik VBC csoportb\u00f3l a m\u00e1sikba, el\u0151sz\u00f6r \u00e1thelyez\u00e9si k\u00e9relmet kell beny\u00fajtania. Ha az \u00e1thelyez\u00e9s alatt \u00e1ll\u00f3 tag el\u0151re befizetett tagd\u00edja nem \u00e9ri el a 12 h\u00f3napot, \u00e1tjelentkez\u00e9skor ki kell fizetnie az \u00e9ves tagd\u00edjat. Ha k\u00e9relm\u00e9t elfogadt\u00e1k, a fennmaradt tags\u00e1g\u00e1nak idej\u00e9hez az \u00faj 12 h\u00f3nap hozz\u00e1ad\u00f3dik.<\/span><\/li><li><span style=\"font-weight: 400;\">Ha a csoport egy tagja multi-level marketinggel foglalkozik, besz\u00e9lhet term\u00e9keir\u0151l \u00e9s szolg\u00e1ltat\u00e1sair\u00f3l. Nem eml\u00edtheti a multi-level marketing rendszerhez val\u00f3 csatlakoz\u00e1sb\u00f3l sz\u00e1rmaz\u00f3 el\u0151ny\u00f6ket, \u00e9s nem keresheti meg ezzel a csoportba \u00e9rkez\u0151 vend\u00e9geket. <\/span><\/li><\/ol>\t\t\t\t\t\t\t\t<\/div>\n\t\t\t\t<\/div>\n\t\t\t\t\t<\/div>\n\t\t\t\t<\/div>\n\t\t\t\t<\/div>\n\t\t","protected":false},"excerpt":{"rendered":"<p>M\u0171k\u00f6d\u00e9si \u00e9s etikai szab\u00e1lyzat\u200b A VBC a n\u00f6v\u00e9nyi forradalmat seg\u00edt\u0151 v\u00e1llalkoz\u00e1sok \u00fczleti k\u00f6z\u00f6ss\u00e9ge.V\u00edzi\u00f3nk, hogy a n\u00f6v\u00e9nyi alap\u00fa term\u00e9kek min\u00e9l t\u00f6bb helyen, min\u00e9l jobb min\u0151s\u00e9gben el\u00e9rhet\u0151ek legyenek, ez\u00e1ltal cs\u00f6kkents\u00fck az \u00e1llathaszn\u00e1latot \u00e9s a hozz\u00e1j\u00e1ruljunk egy b\u00e9k\u00e9sebb, eg\u00e9szs\u00e9gesebb \u00e9s fenntarthat\u00f3bb vil\u00e1g l\u00e9trej\u00f6tt\u00e9hez. A VBC nemzetk\u00f6zi szervezete olyan v\u00e1llalkoz\u00f3kb\u00f3l \u00e9s c\u00e9gvezet\u0151kb\u0151l \u00e1ll, akik egyet\u00e9rtenek a VBC v\u00edzi\u00f3j\u00e1val \u00e9s [&hellip;]<\/p>\n","protected":false},"author":1,"featured_media":0,"parent":0,"menu_order":0,"comment_status":"closed","ping_status":"closed","template":"","meta":{"_acf_changed":false,"inline_featured_image":false,"footnotes":""},"class_list":["post-744","page","type-page","status-publish","hentry"],"acf":[],"_links":{"self":[{"href":"https:\/\/veganbusinesscircle.com\/hu\/wp-json\/wp\/v2\/pages\/744","targetHints":{"allow":["GET"]}}],"collection":[{"href":"https:\/\/veganbusinesscircle.com\/hu\/wp-json\/wp\/v2\/pages"}],"about":[{"href":"https:\/\/veganbusinesscircle.com\/hu\/wp-json\/wp\/v2\/types\/page"}],"author":[{"embeddable":true,"href":"https:\/\/veganbusinesscircle.com\/hu\/wp-json\/wp\/v2\/users\/1"}],"replies":[{"embeddable":true,"href":"https:\/\/veganbusinesscircle.com\/hu\/wp-json\/wp\/v2\/comments?post=744"}],"version-history":[{"count":40,"href":"https:\/\/veganbusinesscircle.com\/hu\/wp-json\/wp\/v2\/pages\/744\/revisions"}],"predecessor-version":[{"id":7994,"href":"https:\/\/veganbusinesscircle.com\/hu\/wp-json\/wp\/v2\/pages\/744\/revisions\/7994"}],"wp:attachment":[{"href":"https:\/\/veganbusinesscircle.com\/hu\/wp-json\/wp\/v2\/media?parent=744"}],"curies":[{"name":"wp","href":"https:\/\/api.w.org\/{rel}","templated":true}]}}