{"id":754,"date":"2024-05-25T09:33:31","date_gmt":"2024-05-25T09:33:31","guid":{"rendered":"https:\/\/veganbusinesscircle.com\/?page_id=754"},"modified":"2025-04-04T14:41:03","modified_gmt":"2025-04-04T12:41:03","slug":"suti-beallitasok","status":"publish","type":"page","link":"https:\/\/veganbusinesscircle.com\/hu\/suti-beallitasok\/","title":{"rendered":"S\u00fcti be\u00e1ll\u00edt\u00e1sok"},"content":{"rendered":"\t\t<div data-elementor-type=\"wp-page\" data-elementor-id=\"754\" class=\"elementor elementor-754\" data-elementor-post-type=\"page\">\n\t\t\t\t<div class=\"elementor-element elementor-element-4d7c5732 e-flex e-con-boxed e-con e-parent\" data-id=\"4d7c5732\" data-element_type=\"container\" data-e-type=\"container\">\n\t\t\t\t\t<div class=\"e-con-inner\">\n\t\t\t\t<div class=\"elementor-element elementor-element-126a0327 elementor-widget elementor-widget-text-editor\" data-id=\"126a0327\" data-element_type=\"widget\" data-e-type=\"widget\" data-widget_type=\"text-editor.default\">\n\t\t\t\t<div class=\"elementor-widget-container\">\n\t\t\t\t\t\t\t\t\t<p><b>S\u00fcti t\u00e1j\u00e9koztat\u00f3<\/b><\/p><p><br \/><br \/><\/p><p><span style=\"font-weight: 400;\">Az Adatkezel\u0151 \u00e1ltal \u00fczemeltetett <\/span><a href=\"https:\/\/www.veganbusinesscircle.hu\/\"><span style=\"font-weight: 400;\">https:\/\/www.veganbusinesscircle.hu\/<\/span><\/a><span style=\"font-weight: 400;\"> (\u00e9s <\/span><a href=\"https:\/\/novenyikonferencia.hu\/\"><span style=\"font-weight: 400;\">https:\/\/novenyikonferencia.hu\/<\/span><\/a><span style=\"font-weight: 400;\"> )<\/span> <span style=\"font-weight: 400;\">\u00a0weboldal cookie-kat (\u201es\u00fcti\u201d-ket)\u00a0 alkalmaz. Ezek a f\u00e1jlok k\u00fcl\u00f6nb\u00f6z\u0151 inform\u00e1ci\u00f3kat t\u00e1rolnak webes b\u00f6ng\u00e9sz\u0151j\u00e9ben. Ehhez az \u00e9rintett, vagyis az \u00d6n hozz\u00e1j\u00e1rul\u00e1sa sz\u00fcks\u00e9ges az \u00e1ltal\u00e1nos adatv\u00e9delmi rendelet <\/span><b>6. cikk (1) bekezd\u00e9s a)<\/b><span style=\"font-weight: 400;\"> pontj\u00e1ban foglaltak szerint.\u00a0<\/span><\/p><p>\u00a0<\/p><p><span style=\"font-weight: 400;\">Ezzel \u00f6sszef\u00fcgg\u00e9sben azon weblapoknak, melyek az Eur\u00f3pai Uni\u00f3 orsz\u00e1gain bel\u00fcl m\u0171k\u00f6dnek, a \u201es\u00fctik\u201d haszn\u00e1lat\u00e1hoz, \u00e9s ezeknek a felhaszn\u00e1l\u00f3 sz\u00e1m\u00edt\u00f3g\u00e9p\u00e9n vagy egy\u00e9b eszk\u00f6z\u00e9n t\u00f6rt\u00e9n\u0151 t\u00e1rol\u00e1s\u00e1hoz a felhaszn\u00e1l\u00f3k hozz\u00e1j\u00e1rul\u00e1s\u00e1t kell k\u00e9rni\u00fck.<\/span><\/p><p>\u00a0<\/p><p><span style=\"font-weight: 400;\">A n\u00e9lk\u00fcl\u00f6zhetetlen s\u00fctik eset\u00e9ben az adatkezel\u00e9s jogalapja az \u00e1ltal\u00e1nos adatv\u00e9delmi rendelet <\/span><b>6. cikk (1) bekezd\u00e9s f)<\/b><span style=\"font-weight: 400;\"> pontj\u00e1ban foglalt adatkezel\u0151i jogos \u00e9rdek.\u00a0<\/span><\/p><p>\u00a0<\/p><p><span style=\"font-weight: 400;\">A s\u00fctik haszn\u00e1lata sor\u00e1n az Adatkezel\u0151 az elektronikus h\u00edrk\u00f6zl\u00e9sr\u0151l sz\u00f3l\u00f3 2003. \u00e9vi C. t\u00f6rv\u00e9ny, az elektronikus kereskedelmi szolg\u00e1ltat\u00e1sok, az inform\u00e1ci\u00f3s t\u00e1rsadalommal \u00f6sszef\u00fcgg\u0151 szolg\u00e1ltat\u00e1sok egyes k\u00e9rd\u00e9seir\u0151l sz\u00f3l\u00f3 2001. \u00e9vi CVIII. t\u00f6rv\u00e9ny, valamint az Eur\u00f3pai Uni\u00f3\u00a0 ezir\u00e1ny\u00fa el\u0151\u00edr\u00e1sainak betart\u00e1sa mellett j\u00e1r el.\u00a0<\/span><\/p><p><br \/><br \/><\/p><ol><li style=\"font-weight: 400;\" aria-level=\"1\"><span style=\"font-weight: 400;\">A \u201es\u00fctik\u201d haszn\u00e1lat\u00e1nak szab\u00e1lyzata\u00a0<\/span><\/li><\/ol><p><span style=\"font-weight: 400;\">A szab\u00e1lyzat a\u00a0<\/span><\/p><p><a href=\"https:\/\/www.veganbusinesscircle.hu\/\"><span style=\"font-weight: 400;\">https:\/\/www.veganbusinesscircle.hu\/<\/span><\/a><span style=\"font-weight: 400;\"> (\u00e9s <\/span><a href=\"https:\/\/novenyikonferencia.hu\/\"><span style=\"font-weight: 400;\">https:\/\/novenyikonferencia.hu\/<\/span><\/a><span style=\"font-weight: 400;\">) <\/span><span style=\"font-weight: 400;\">\u00a0\u00a0<\/span><span style=\"font-weight: 400;\">weboldal s\u00fctijeire vonatkozik.<\/span><\/p><p>\u00a0<\/p><ol><li style=\"font-weight: 400;\" aria-level=\"1\"><span style=\"font-weight: 400;\">Mik azok a \u201es\u00fctik\u201d?<\/span><\/li><\/ol><p><span style=\"font-weight: 400;\">A \u201es\u00fctik\u201d olyan kism\u00e9ret\u0171 f\u00e1jlok, melyek bet\u0171ket \u00e9s sz\u00e1mokat tartalmaznak. A \u201es\u00fcti\u201d a webszerver \u00e9s a felhaszn\u00e1l\u00f3 b\u00f6ng\u00e9sz\u0151je k\u00f6z\u00f6tti inform\u00e1ci\u00f3csere eszk\u00f6ze. Ezek az adatf\u00e1jlok nem futtathat\u00f3k, nem tartalmaznak k\u00e9mprogramokat \u00e9s v\u00edrusokat, tov\u00e1bb\u00e1 nem f\u00e9rhetnek hozz\u00e1 a felhaszn\u00e1l\u00f3k merevlemez-tartalm\u00e1hoz.<\/span><\/p><p><br \/><br \/><\/p><ol><li style=\"font-weight: 400;\" aria-level=\"1\"><span style=\"font-weight: 400;\">Mire haszn\u00e1lhat\u00f3k a \u201es\u00fctik\u201d?<\/span><\/li><\/ol><p>\u00a0<\/p><p><span style=\"font-weight: 400;\">A \u201es\u00fctik\u201d\u00a0 \u00e1ltal k\u00fcld\u00f6tt inform\u00e1ci\u00f3k seg\u00edts\u00e9g\u00e9vel az internetb\u00f6ng\u00e9sz\u0151k k\u00f6nnyebben felismerhet\u0151k, \u00edgy a felhaszn\u00e1l\u00f3k relev\u00e1ns \u00e9s \u201eszem\u00e9lyre szabott\u201d tartalmat kapnak. A cookie-k k\u00e9nyelmesebb\u00e9 teszik a b\u00f6ng\u00e9sz\u00e9st, k\u00fcl\u00f6n\u00f6sen az online adatbiztons\u00e1ggal kapcsolatos ig\u00e9nyeket \u00e9s a relev\u00e1ns rekl\u00e1mokat. A \u201es\u00fctik\u201d seg\u00edts\u00e9g\u00e9vel a weboldalak \u00fczemeltet\u0151i n\u00e9vtelen (anonim) statisztik\u00e1kat is k\u00e9sz\u00edthetnek az oldall\u00e1togat\u00f3k szok\u00e1sair\u00f3l. Ezek felhaszn\u00e1l\u00e1s\u00e1val az oldal szerkeszt\u0151i m\u00e9g jobban szem\u00e9lyre tudj\u00e1k szabni az oldal kin\u00e9zet\u00e9t \u00e9s tartalm\u00e1t.<\/span><\/p><p>\u00a0<\/p><ol><li style=\"font-weight: 400;\" aria-level=\"1\"><span style=\"font-weight: 400;\">A \u201es\u00fctik\u201d tartalmaznak-e szem\u00e9lyes adatokat?<\/span><\/li><\/ol><p>\u00a0<\/p><p><span style=\"font-weight: 400;\">A s\u00fctik nem tartalmaznak szem\u00e9lyes adatokat, teh\u00e1t seg\u00edts\u00e9g\u00fckkel nem azonos\u00edthat\u00f3 a felhaszn\u00e1l\u00f3. Az adatok t\u00e1rol\u00e1sa a k\u00e9nyelmesebb b\u00f6ng\u00e9sz\u00e9s miatt sz\u00fcks\u00e9ges, a t\u00e1rol\u00e1s oly m\u00f3don t\u00f6rt\u00e9nik, hogy arra jogosulatlan nem f\u00e9rhet az adatokhoz.\u00a0<\/span><\/p><p>\u00a0<\/p><ol><li style=\"font-weight: 400;\" aria-level=\"1\"><span style=\"font-weight: 400;\">A weboldalakon haszn\u00e1lt \u201es\u00fctik\u201d t\u00edpusai<\/span><\/li><\/ol><p>\u00a0<\/p><p><span style=\"font-weight: 400;\">A weboldalak k\u00e9tf\u00e9le s\u00fctit haszn\u00e1lhatnak:<\/span><\/p><ul><li style=\"font-weight: 400;\" aria-level=\"1\"><span style=\"font-weight: 400;\">Ideiglenes \u201es\u00fctik\u201d, melyek addig maradnak a felhaszn\u00e1l\u00f3 eszk\u00f6z\u00e9n, am\u00edg el nem hagyja weboldalt.<\/span><\/li><li style=\"font-weight: 400;\" aria-level=\"1\"><span style=\"font-weight: 400;\">\u00c1lland\u00f3 \u201es\u00fctik\u201d, melyek webes keres\u0151 be\u00e1ll\u00edt\u00e1s\u00e1t\u00f3l f\u00fcgg\u0151en hosszabb ideig, vagy eg\u00e9szen addig a felhaszn\u00e1l\u00f3 eszk\u00f6z\u00e9n maradnak, am\u00edg azokat nem t\u00f6rli.<\/span><\/li><li style=\"font-weight: 400;\" aria-level=\"1\"><span style=\"font-weight: 400;\">Harmadik f\u00e9lt\u0151l sz\u00e1rmaz\u00f3 \u201es\u00fctik\u201d, melyeket harmadik f\u00e9l helyez el a felhaszn\u00e1l\u00f3 b\u00f6ng\u00e9sz\u0151j\u00e9ben (pl. Google Analitika). Ezek abban az esetben ker\u00fclnek a felhaszn\u00e1l\u00f3 b\u00f6ng\u00e9sz\u0151j\u00e9ben elhelyez\u00e9sre, ha a megl\u00e1togatott weboldal haszn\u00e1lja a harmadik f\u00e9l \u00e1ltal ny\u00fajtott szolg\u00e1ltat\u00e1sokat.<\/span><\/li><\/ul><p>\u00a0<\/p><p><b>Elengedhetetlen munkamenet (session-id) \u201es\u00fctik\u201d:<\/b><\/p><p><span style=\"font-weight: 400;\">Ezek haszn\u00e1lata elengedhetetlen a weboldalon t\u00f6rt\u00e9n\u0151 navig\u00e1l\u00e1shoz, a weboldal funkci\u00f3inak m\u0171k\u00f6d\u00e9s\u00e9hez. Ezek elfogad\u00e1sa n\u00e9lk\u00fcl a honlap, illetve annak egyes r\u00e9szei nem, vagy hib\u00e1san jelenhetnek meg.<\/span><\/p><p><b>Analitikai vagy teljes\u00edtm\u00e9nyfigyel\u0151 \u201es\u00fctik\u201d:<\/b><\/p><p><span style=\"font-weight: 400;\">Ezek seg\u00edtenek abban, hogy a weboldal l\u00e1togat\u00f3i megk\u00fcl\u00f6nb\u00f6ztethet\u0151k legyenek, \u00e9s a weboldal \u00fczemeltet\u0151je adatokat gy\u0171jts\u00f6n arr\u00f3l, hogy a l\u00e1togat\u00f3k hogyan viselkednek a weboldalon. Ezekkel a \u201es\u00fctikkel\u201d biztos\u00edthat\u00f3 adott esetben, hogy a weboldal megjegyezze a kor\u00e1bbi bejelentkez\u00e9st. Ezek nem gy\u0171jtenek az \u00e9rintettet azonos\u00edtani k\u00e9pes inform\u00e1ci\u00f3kat, az adatokat \u00f6sszes\u00edtve \u00e9s n\u00e9vtelen\u00fcl t\u00e1rolj\u00e1k. ( pl: Google Analitika)<\/span><\/p><p><b>Funkcion\u00e1lis \u201es\u00fctik\u201d:<\/b><\/p><p><span style=\"font-weight: 400;\">E s\u00fctik feladata a felhaszn\u00e1l\u00f3i \u00e9lm\u00e9ny jav\u00edt\u00e1sa. \u00c9szlelik, \u00e9s t\u00e1rolj\u00e1k p\u00e9ld\u00e1ul, hogy a felhaszn\u00e1l\u00f3 milyen eszk\u00f6zzel nyitotta meg a honlapot, vagy a bejelentkez\u0151 kor\u00e1bban megadott, \u00e9s t\u00e1rolni k\u00e9rt adatait: p\u00e9ld\u00e1ul automatikus bejelentkez\u00e9s, a v\u00e1lasztott nyelv, a sz\u00f6vegm\u00e9retben, bet\u0171t\u00edpusban vagy a honlap egy\u00e9b testre szabhat\u00f3 elem\u00e9ben a felhaszn\u00e1l\u00f3\u00a0 \u00e1ltal v\u00e9grehajtott felhaszn\u00e1l\u00f3i v\u00e1ltoztat\u00e1sok. Ezek a \u201es\u00fctik\u201d nem k\u00f6vetik nyomon a bejelentkez\u0151 m\u00e1s weboldalakon folytatott tev\u00e9kenys\u00e9g\u00e9t. Az \u00e1ltaluk gy\u0171jt\u00f6tt inform\u00e1ci\u00f3kban lehetnek azonban szem\u00e9lyes azonos\u00edt\u00f3 adatok, amelyeket a felhaszn\u00e1l\u00f3 kor\u00e1bban m\u00e1r megosztott.<\/span><\/p><p><b>C\u00e9lzott vagy rekl\u00e1m \u201es\u00fctik\u201d:<\/b><\/p><p><span style=\"font-weight: 400;\">Ezek seg\u00edts\u00e9g\u00e9vel a weboldalak a felhaszn\u00e1l\u00f3 \u00e9rdekl\u0151d\u00e9si k\u00f6r\u00e9nek legink\u00e1bb megfelel\u0151 inform\u00e1ci\u00f3t (marketing) tudnak ny\u00fajtani. Ehhez a felhaszn\u00e1l\u00f3 kifejezett belegyez\u00e9se sz\u00fcks\u00e9ges. Ezek a s\u00fctik r\u00e9szletes inform\u00e1ci\u00f3kat gy\u0171jtenek b\u00f6ng\u00e9sz\u00e9si szok\u00e1sair\u00f3l.<\/span><\/p><p>\u00a0<\/p><ol><li style=\"font-weight: 400;\" aria-level=\"1\"><span style=\"font-weight: 400;\">\u201eS\u00fctik\u201d \u00e9s az adatbiztons\u00e1g\u00a0<\/span><\/li><\/ol><p><span style=\"font-weight: 400;\">A \u201es\u00fctik\u201d nem v\u00edrusok \u00e9s k\u00e9mprogramok. Mivel egyszer\u0171 sz\u00f6veg t\u00edpus\u00fa f\u00e1jlok, ez\u00e9rt nem futtathat\u00f3k, teh\u00e1t nem tekinthet\u0151k programoknak. El\u0151fordulhat azonban, hogy m\u00e1s sz\u00e1nd\u00e9kkal (rosszindulattal) rejtenek el inform\u00e1ci\u00f3kat a \u201es\u00fctiben\u201d, \u00edgy azok spyware-k\u00e9nt m\u0171k\u00f6dhetnek. Emiatt a v\u00edruskeres\u0151 \u00e9s -irt\u00f3 programok a \u201es\u00fctiket\u201d folyamatosan t\u00f6rl\u00e9sre \u00edt\u00e9lhetik.<\/span><\/p><p><span style=\"font-weight: 400;\">Mivel az internet b\u00f6ng\u00e9sz\u00e9sre haszn\u00e1lt eszk\u00f6z \u00e9s a webszerverek folyamatosan kommunik\u00e1lnak, teh\u00e1t oda-vissza k\u00fcldik az adatokat, ez\u00e9rt ha egy t\u00e1mad\u00f3 (hekker) beavatkozik a folyamatba, kinyerheti a \u201es\u00fctik\u201d \u00e1ltal t\u00e1rolt inform\u00e1ci\u00f3kat. Ennek egyik oka lehet p\u00e9ld\u00e1ul a nem megfelel\u0151 m\u00f3don titkos\u00edtott internet (WiFi) be\u00e1ll\u00edt\u00e1s. Ezt a r\u00e9st kihaszn\u00e1lva adatokat nyerhetnek ki a \u201es\u00fctikb\u0151l\u201d.<\/span><\/p><p>\u00a0<\/p><ol><li style=\"font-weight: 400;\" aria-level=\"1\"><span style=\"font-weight: 400;\">A<\/span><span style=\"font-weight: 400;\"> \u00a0 <\/span><a href=\"https:\/\/www.veganbusinesscircle.hu\/\"><span style=\"font-weight: 400;\">https:\/\/www.veganbusinesscircle.hu\/<\/span><\/a><span style=\"font-weight: 400;\"> (\u00e9s <\/span><a href=\"https:\/\/novenyikonferencia.hu\/\"><span style=\"font-weight: 400;\">https:\/\/novenyikonferencia.hu\/<\/span><\/a><span style=\"font-weight: 400;\"> ) <\/span><span style=\"font-weight: 400;\">weboldal\u00a0<\/span><\/li><\/ol><p><span style=\"font-weight: 400;\">A fenti weboldalon a \u201es\u00fctik\u201d-et vagy a honlap \u00fczemeltet\u0151je, vagy harmadik f\u00e9l helyezi el.<\/span><\/p><p><span style=\"font-weight: 400;\">A honlap \u00fczemeltet\u0151je:<\/span><\/p><table><tbody><tr><td colspan=\"2\"><br \/><p><b>\u00a0ADATKEZEL\u0150 ADATAI<\/b><\/p><\/td><\/tr><tr><td><p><span style=\"font-weight: 400;\">N\u00e9v:\u00a0<\/span><\/p><p><span style=\"font-weight: 400;\">Sz\u00e9khely:<\/span><\/p><p><span style=\"font-weight: 400;\">Kapcsolati adatok:<\/span><\/p><p><span style=\"font-weight: 400;\">C\u00e9gjegyz\u00e9ksz\u00e1m:<\/span><\/p><p><span style=\"font-weight: 400;\">Ad\u00f3sz\u00e1m:<\/span><\/p><p><span style=\"font-weight: 400;\">Banksz\u00e1mlasz\u00e1m:<\/span><\/p><p><span style=\"font-weight: 400;\">Nyilv\u00e1ntart\u00e1sba v\u00e9telt elrendel\u0151 hat\u00f3s\u00e1g<\/span><\/p><\/td><td><p><span style=\"font-weight: 400;\">N\u00f6v\u00e9nyi Forradalom Nonprofit Kft.\u00a0<\/span><\/p><p><span style=\"font-weight: 400;\">1138 Budapest, P\u00e1rk\u00e1ny u. 12. 7.em.43.<\/span><\/p><p><a href=\"mailto:info@veganbusinesscircle.hu\"><span style=\"font-weight: 400;\">info@veganbusinesscircle.hu<\/span><\/a><\/p><p><span style=\"font-weight: 400;\">Cg.01-09-403212<\/span><\/p><p><span style=\"font-weight: 400;\">32024551-2-41<\/span><\/p><p><span style=\"font-weight: 400;\">16200223-10167205-00000000<\/span><\/p><br \/><p><span style=\"font-weight: 400;\">F\u0151v\u00e1rosi T\u00f6rv\u00e9nysz\u00e9k C\u00e9gb\u00edr\u00f3s\u00e1ga<\/span><span style=\"font-weight: 400;\">\u00a0<\/span><\/p><\/td><\/tr><\/tbody><\/table><p>\u00a0<\/p><p><span style=\"font-weight: 400;\">Az elhelyezett s\u00fctik:<\/span><\/p><p><span style=\"font-weight: 400;\">\u2026.<\/span><\/p><ol><li style=\"font-weight: 400;\" aria-level=\"1\"><span style=\"font-weight: 400;\">A s\u00fctik kezel\u00e9se, t\u00f6rl\u00e9se\u00a0<\/span><\/li><\/ol><p><span style=\"font-weight: 400;\">A \u201es\u00fctiket\u201d a haszn\u00e1lt b\u00f6ng\u00e9sz\u0151programokban lehet t\u00f6r\u00f6lni vagy letiltani. A b\u00f6ng\u00e9sz\u0151k alap\u00e9rtelmezett m\u00f3don enged\u00e9lyezik a \u201es\u00fctik\u201d elhelyez\u00e9s\u00e9t. Ezt a b\u00f6ng\u00e9sz\u0151 be\u00e1ll\u00edt\u00e1sain\u00e1l lehet letiltani, valamint a megl\u00e9v\u0151ket t\u00f6r\u00f6lni. Mindemellett be\u00e1ll\u00edthat\u00f3 az is, hogy a b\u00f6ng\u00e9sz\u0151 \u00e9rtes\u00edt\u00e9st k\u00fcldj\u00f6n a felhaszn\u00e1l\u00f3nak, amikor \u201es\u00fctit\u201d k\u00fcld az eszk\u00f6zre. Fontos hangs\u00falyozni azonban, hogy ezen f\u00e1jlok letilt\u00e1sa vagy korl\u00e1toz\u00e1sa rontja a b\u00f6ng\u00e9sz\u00e9si \u00e9lm\u00e9nyt, valamint hiba jelentkezhet a weboldal funkci\u00f3j\u00e1ban is.<\/span><\/p><p><span style=\"font-weight: 400;\">A be\u00e1ll\u00edt\u00e1si lehet\u0151s\u00e9gek \u00e1ltal\u00e1ban a b\u00f6ng\u00e9sz\u0151 \u201eOpci\u00f3k\u201d vagy \u201eBe\u00e1ll\u00edt\u00e1sok\u201d men\u00fcpontj\u00e1ban tal\u00e1lhat\u00f3k. Mindegyik webes keres\u0151 k\u00fcl\u00f6nb\u00f6z\u0151, \u00edgy a megfelel\u0151 be\u00e1ll\u00edt\u00e1sokhoz haszn\u00e1lja keres\u0151je \u201cSeg\u00edts\u00e9g\u201d men\u00fcj\u00e9t, illetve az al\u00e1bbi linkeket a s\u00fctik be\u00e1ll\u00edt\u00e1sainak m\u00f3dos\u00edt\u00e1s\u00e1hoz:<\/span><\/p><p><span style=\"font-weight: 400;\"><br \/><\/span><a href=\"https:\/\/support.mozilla.org\/en-US\/kb\/cookies-information-websites-store-on-your-computer?redirectlocale=en-US&amp;redirectslug=Cookies\"><span style=\"font-weight: 400;\">Cookie settings in Firefox<\/span><span style=\"font-weight: 400;\"><br \/><\/span><\/a><a href=\"https:\/\/support.google.com\/chrome\/answer\/95647?hl=en\"><span style=\"font-weight: 400;\">Cookie settings in Chrome<\/span><span style=\"font-weight: 400;\"><br \/><\/span><\/a><a href=\"https:\/\/support.apple.com\/kb\/PH5042?locale=en_US\"><span style=\"font-weight: 400;\">Cookie settings in Safari<\/span><\/a><span style=\"font-weight: 400;\">\u00a0<\/span><\/p><p><span style=\"font-weight: 400;\">Az anonim Google Analitika \u201es\u00fctik\u201d kikapcsol\u00e1s\u00e1hoz egy \u00fagynevezett \u201eGoogle Analytics plug-in\u201d-t (kieg\u00e9sz\u00edt\u0151t) telep\u00edthet a felhaszn\u00e1l\u00f3 b\u00f6ng\u00e9sz\u0151j\u00e9be, mely megakad\u00e1lyozza, hogy a honlap az \u00d6nre vonatkoz\u00f3 inform\u00e1ci\u00f3kat k\u00fcldj\u00f6n a Google Analitik\u00e1nak. Ezzel kapcsolatban tov\u00e1bbi inform\u00e1ci\u00f3kat az al\u00e1bbi linkeken tal\u00e1l:<\/span><\/p><p><a href=\"https:\/\/support.google.com\/analytics\/answer\/6004245\"><span style=\"font-weight: 400;\">Google Analytics &amp; Privacy<\/span><\/a><span style=\"font-weight: 400;\"> vagy <\/span><a href=\"http:\/\/www.google.hu\/intl\/hu\/policies\/technologies\/\"><span style=\"font-weight: 400;\">Google Elvek \u00e9s Ir\u00e1nyelvek<\/span><\/a><\/p><p><span style=\"font-weight: 400;\">Ha szeretne t\u00f6bbet megtudni a \u201es\u00fctik\u201d-r\u0151l, azok felhaszn\u00e1l\u00e1s\u00e1r\u00f3l:<\/span><\/p><p><a href=\"https:\/\/support.microsoft.com\/en-us\/help\/260971\/description-of-cookies\"><span style=\"font-weight: 400;\">Microsoft Description of Cookies<\/span><span style=\"font-weight: 400;\"><br \/><\/span><\/a><a href=\"http:\/\/www.allaboutcookies.org\/\"><span style=\"font-weight: 400;\">All About Cookies<\/span><span style=\"font-weight: 400;\"><br \/><\/span><\/a><a href=\"https:\/\/www.facebook.com\/help\/cookies\/\"><span style=\"font-weight: 400;\">Facebook cookies<\/span><\/a><\/p><p><span style=\"font-weight: 400;\">A jelen T\u00e1j\u00e9koztat\u00f3ban nem szab\u00e1lyozott k\u00e9rd\u00e9sekben &#8211; k\u00fcl\u00f6n\u00f6sen az \u00e9rintetti jogok tekintet\u00e9ben &#8211;\u00a0 a honlapot \u00fczemeltet\u0151 adatkezel\u00e9si t\u00e1j\u00e9koztat\u00f3ja az ir\u00e1nyad\u00f3. A s\u00fctikkel kapcsolatos tov\u00e1bbi k\u00e9rd\u00e9sekben a\u00a0 honlap \u00fczemeltet\u0151i adnak felvil\u00e1gos\u00edt\u00e1st.\u00a0<\/span><\/p>\t\t\t\t\t\t\t\t<\/div>\n\t\t\t\t<\/div>\n\t\t\t\t\t<\/div>\n\t\t\t\t<\/div>\n\t\t\t\t<\/div>\n\t\t","protected":false},"excerpt":{"rendered":"<p>S\u00fcti t\u00e1j\u00e9koztat\u00f3 Az Adatkezel\u0151 \u00e1ltal \u00fczemeltetett https:\/\/www.veganbusinesscircle.hu\/ (\u00e9s https:\/\/novenyikonferencia.hu\/ ) \u00a0weboldal cookie-kat (\u201es\u00fcti\u201d-ket)\u00a0 alkalmaz. Ezek a f\u00e1jlok k\u00fcl\u00f6nb\u00f6z\u0151 inform\u00e1ci\u00f3kat t\u00e1rolnak webes b\u00f6ng\u00e9sz\u0151j\u00e9ben. Ehhez az \u00e9rintett, vagyis az \u00d6n hozz\u00e1j\u00e1rul\u00e1sa sz\u00fcks\u00e9ges az \u00e1ltal\u00e1nos adatv\u00e9delmi rendelet 6. cikk (1) bekezd\u00e9s a) pontj\u00e1ban foglaltak szerint.\u00a0 \u00a0 Ezzel \u00f6sszef\u00fcgg\u00e9sben azon weblapoknak, melyek az Eur\u00f3pai Uni\u00f3 orsz\u00e1gain bel\u00fcl m\u0171k\u00f6dnek, a [&hellip;]<\/p>\n","protected":false},"author":1,"featured_media":0,"parent":0,"menu_order":0,"comment_status":"closed","ping_status":"closed","template":"","meta":{"_acf_changed":false,"inline_featured_image":false,"footnotes":""},"class_list":["post-754","page","type-page","status-publish","hentry"],"acf":[],"_links":{"self":[{"href":"https:\/\/veganbusinesscircle.com\/hu\/wp-json\/wp\/v2\/pages\/754","targetHints":{"allow":["GET"]}}],"collection":[{"href":"https:\/\/veganbusinesscircle.com\/hu\/wp-json\/wp\/v2\/pages"}],"about":[{"href":"https:\/\/veganbusinesscircle.com\/hu\/wp-json\/wp\/v2\/types\/page"}],"author":[{"embeddable":true,"href":"https:\/\/veganbusinesscircle.com\/hu\/wp-json\/wp\/v2\/users\/1"}],"replies":[{"embeddable":true,"href":"https:\/\/veganbusinesscircle.com\/hu\/wp-json\/wp\/v2\/comments?post=754"}],"version-history":[{"count":13,"href":"https:\/\/veganbusinesscircle.com\/hu\/wp-json\/wp\/v2\/pages\/754\/revisions"}],"predecessor-version":[{"id":1583,"href":"https:\/\/veganbusinesscircle.com\/hu\/wp-json\/wp\/v2\/pages\/754\/revisions\/1583"}],"wp:attachment":[{"href":"https:\/\/veganbusinesscircle.com\/hu\/wp-json\/wp\/v2\/media?parent=754"}],"curies":[{"name":"wp","href":"https:\/\/api.w.org\/{rel}","templated":true}]}}