{"id":7617,"date":"2025-09-15T14:03:02","date_gmt":"2025-09-15T12:03:02","guid":{"rendered":"https:\/\/veganbusinesscircle.com\/become-member\/"},"modified":"2025-11-21T11:25:55","modified_gmt":"2025-11-21T10:25:55","slug":"become-member","status":"publish","type":"page","link":"https:\/\/veganbusinesscircle.com\/hu\/become-member\/","title":{"rendered":"become-member"},"content":{"rendered":"\t\t<div data-elementor-type=\"wp-page\" data-elementor-id=\"7617\" class=\"elementor elementor-7617\" data-elementor-post-type=\"page\">\n\t\t\t\t<div class=\"elementor-element elementor-element-4d99463 e-flex e-con-boxed e-con e-parent\" data-id=\"4d99463\" data-element_type=\"container\" data-e-type=\"container\">\n\t\t\t\t\t<div class=\"e-con-inner\">\n\t\t\t\t<div class=\"elementor-element elementor-element-a6d23a9 elementor-widget elementor-widget-heading\" data-id=\"a6d23a9\" data-element_type=\"widget\" data-e-type=\"widget\" data-widget_type=\"heading.default\">\n\t\t\t\t<div class=\"elementor-widget-container\">\n\t\t\t\t\t<h1 class=\"elementor-heading-title elementor-size-default\">V\u00e1lj tagg\u00e1<\/h1>\t\t\t\t<\/div>\n\t\t\t\t<\/div>\n\t\t\t\t\t<\/div>\n\t\t\t\t<\/div>\n\t\t<div class=\"elementor-element elementor-element-abd7021 e-flex e-con-boxed e-con e-parent\" data-id=\"abd7021\" data-element_type=\"container\" data-e-type=\"container\">\n\t\t\t\t\t<div class=\"e-con-inner\">\n\t\t<div class=\"elementor-element elementor-element-1992982 e-con-full e-flex e-con e-child\" data-id=\"1992982\" data-element_type=\"container\" data-e-type=\"container\" data-settings=\"{&quot;background_background&quot;:&quot;classic&quot;}\">\n\t\t<div class=\"elementor-element elementor-element-afbb2c0 e-con-full e-flex e-con e-child\" data-id=\"afbb2c0\" data-element_type=\"container\" data-e-type=\"container\">\n\t\t<div class=\"elementor-element elementor-element-5332833 e-con-full e-flex e-con e-child\" data-id=\"5332833\" data-element_type=\"container\" data-e-type=\"container\" data-settings=\"{&quot;background_background&quot;:&quot;classic&quot;}\">\n\t\t\t\t<div class=\"elementor-element elementor-element-8afd08e elementor-widget elementor-widget-heading\" data-id=\"8afd08e\" data-element_type=\"widget\" data-e-type=\"widget\" data-widget_type=\"heading.default\">\n\t\t\t\t<div class=\"elementor-widget-container\">\n\t\t\t\t\t<h2 class=\"elementor-heading-title elementor-size-default\">Sz\u00e1ml\u00e1z\u00e1si adatok<\/h2>\t\t\t\t<\/div>\n\t\t\t\t<\/div>\n\t\t\t\t<div class=\"elementor-element elementor-element-a2ba260 elementor-align-left elementor-widget-mobile__width-inherit elementor-widget elementor-widget-button\" data-id=\"a2ba260\" data-element_type=\"widget\" data-e-type=\"widget\" data-widget_type=\"button.default\">\n\t\t\t\t<div class=\"elementor-widget-container\">\n\t\t\t\t\t\t\t\t\t<div class=\"elementor-button-wrapper\">\n\t\t\t\t\t<a class=\"elementor-button elementor-button-link elementor-size-sm\" href=\"https:\/\/veganbusinesscircle.com\/profile-account\/\">\n\t\t\t\t\t\t<span class=\"elementor-button-content-wrapper\">\n\t\t\t\t\t\t<span class=\"elementor-button-icon\">\n\t\t\t\t<svg xmlns=\"http:\/\/www.w3.org\/2000\/svg\" width=\"24\" height=\"24\" viewBox=\"0 0 24 24\" fill=\"none\"><g clip-path=\"url(#clip0_340_168)\"><path d=\"M3 17.2501V21.0001H6.75L17.81 9.94009L14.06 6.19009L3 17.2501ZM21.41 6.34009L17.66 2.59009L15.13 5.13009L18.88 8.88009L21.41 6.34009Z\" fill=\"#243305\"><\/path><\/g><defs><clipPath id=\"clip0_340_168\"><rect width=\"24\" height=\"24\" fill=\"white\"><\/rect><\/clipPath><\/defs><\/svg>\t\t\t<\/span>\n\t\t\t\t\t\t\t\t\t<span class=\"elementor-button-text\">Szerkeszt\u00e9s<\/span>\n\t\t\t\t\t<\/span>\n\t\t\t\t\t<\/a>\n\t\t\t\t<\/div>\n\t\t\t\t\t\t\t\t<\/div>\n\t\t\t\t<\/div>\n\t\t\t\t<\/div>\n\t\t\t\t<div class=\"elementor-element elementor-element-abcf847 elementor-widget__width-initial billing-info-text elementor-widget elementor-widget-html\" data-id=\"abcf847\" data-element_type=\"widget\" data-e-type=\"widget\" data-widget_type=\"html.default\">\n\t\t\t\t<div class=\"elementor-widget-container\">\n\t\t\t\t\t  <div class=\"billing-info-main-wrap\">\n  \n  <div class=\"billing-info-wrap\">\n  <b>C\u00e9gn\u00e9v:<\/b>\n  <br>  <span data-o-member=\"Account.Name\"><\/span>\n\n<br><\/div>\n\n<div class=\"billing-info-wrap\">\n<b>Ad\u00f3sz\u00e1m:<\/b>\n<br><span data-o-member=\"Account.TaxId\"><\/span>\n<\/div>\n\n\n<div class=\"billing-info-wrap\">\n<b>K\u00e1rtyasz\u00e1m:<\/b>\n<br><span>**** **** **** <\/span>  \n<span data-o-member=\"Account.PaymentInformation.LastFourDigits\"><\/span>\n\n<\/div>\n\n<div class=\"billing-info-wrap\">\n  \n<b>Sz\u00e1ml\u00e1z\u00e1si c\u00edm:<\/b>\n\n<span data-o-member=\"Account.BillingAddress.Country\"><\/span><br><br><span data-o-member=\"Account.BillingAddress.PostalCode\"><\/span>,\n<span data-o-member=\"Account.BillingAddress.City\"><\/span>\n<br><span data-o-member=\"Account.BillingAddress.AddressLine1\"><\/span>\n<span data-o-member=\"Account.BillingAddress.AddressLine2\"><\/span>\n<span data-o-member=\"Account.BillingAddress.AddressLine3\"><\/span>\n<\/div>\n\n<\/div>\n\t\t\t\t<\/div>\n\t\t\t\t<\/div>\n\t\t<div class=\"elementor-element elementor-element-9178385 e-con-full e-flex e-con e-child\" data-id=\"9178385\" data-element_type=\"container\" data-e-type=\"container\" data-settings=\"{&quot;background_background&quot;:&quot;classic&quot;}\">\n\t\t<div class=\"elementor-element elementor-element-b842efd e-con-full elementor-hidden-tablet elementor-hidden-mobile e-flex e-con e-child\" data-id=\"b842efd\" data-element_type=\"container\" data-e-type=\"container\">\n\t\t\t\t<div class=\"elementor-element elementor-element-3e5f91d elementor-view-default elementor-widget elementor-widget-icon\" data-id=\"3e5f91d\" data-element_type=\"widget\" data-e-type=\"widget\" data-widget_type=\"icon.default\">\n\t\t\t\t<div class=\"elementor-widget-container\">\n\t\t\t\t\t\t\t<div class=\"elementor-icon-wrapper\">\n\t\t\t<div class=\"elementor-icon\">\n\t\t\t<svg xmlns=\"http:\/\/www.w3.org\/2000\/svg\" width=\"24\" height=\"24\" viewBox=\"0 0 24 24\" fill=\"none\"><path d=\"M11 17H13V11H11V17ZM12 2C6.48 2 2 6.48 2 12C2 17.52 6.48 22 12 22C17.52 22 22 17.52 22 12C22 6.48 17.52 2 12 2ZM12 20C7.59 20 4 16.41 4 12C4 7.59 7.59 4 12 4C16.41 4 20 7.59 20 12C20 16.41 16.41 20 12 20ZM11 9H13V7H11V9Z\" fill=\"#8FD400\"><\/path><path d=\"M11 7H13V9H11V7ZM11 11H13V17H11V11Z\" fill=\"#8FD400\"><\/path><path d=\"M12 2C6.48 2 2 6.48 2 12C2 17.52 6.48 22 12 22C17.52 22 22 17.52 22 12C22 6.48 17.52 2 12 2ZM12 20C7.59 20 4 16.41 4 12C4 7.59 7.59 4 12 4C16.41 4 20 7.59 20 12C20 16.41 16.41 20 12 20Z\" fill=\"#8FD400\"><\/path><\/svg>\t\t\t<\/div>\n\t\t<\/div>\n\t\t\t\t\t\t<\/div>\n\t\t\t\t<\/div>\n\t\t\t\t<\/div>\n\t\t<div class=\"elementor-element elementor-element-8895aa0 e-con-full e-flex e-con e-child\" data-id=\"8895aa0\" data-element_type=\"container\" data-e-type=\"container\">\n\t\t\t\t<div class=\"elementor-element elementor-element-824f6da elementor-widget elementor-widget-heading\" data-id=\"824f6da\" data-element_type=\"widget\" data-e-type=\"widget\" data-widget_type=\"heading.default\">\n\t\t\t\t<div class=\"elementor-widget-container\">\n\t\t\t\t\t<h3 class=\"elementor-heading-title elementor-size-default\">C\u00e9gk\u00e9nt szeretn\u00e9l el\u0151fizetni?<\/h3>\t\t\t\t<\/div>\n\t\t\t\t<\/div>\n\t\t\t\t<div class=\"elementor-element elementor-element-bfbc0e0 elementor-widget elementor-widget-text-editor\" data-id=\"bfbc0e0\" data-element_type=\"widget\" data-e-type=\"widget\" data-widget_type=\"text-editor.default\">\n\t\t\t\t<div class=\"elementor-widget-container\">\n\t\t\t\t\t\t\t\t\t<p class=\"p1\">K\u00e9rj\u00fck a sz\u00e1ml\u00e1z\u00e1shoz haszn\u00e1ld a hivatalos c\u00e9gnevet \u00e9s a hozz\u00e1 tartoz\u00f3 ad\u00f3sz\u00e1mot (xxxxxxxx-y-zz).<\/p>\t\t\t\t\t\t\t\t<\/div>\n\t\t\t\t<\/div>\n\t\t\t\t<\/div>\n\t\t\t\t<\/div>\n\t\t\t\t<div class=\"elementor-element elementor-element-b78172b elementor-widget elementor-widget-html\" data-id=\"b78172b\" data-element_type=\"widget\" data-e-type=\"widget\" data-widget_type=\"html.default\">\n\t\t\t\t<div class=\"elementor-widget-container\">\n\t\t\t\t\t<script>jQuery(document).ready(function($) {\n  \/\/ Find the button element by its class\n  var refreshButton = $('.refreshpage');\n\n  \/\/ Add a click event listener to the button\n  refreshButton.on('click', function() {\n    \/\/ Reload the page\n    location.reload();\n  });\n});\n\n<\/script>\t\t\t\t<\/div>\n\t\t\t\t<\/div>\n\t\t\t\t<div class=\"elementor-element elementor-element-1bbc498 refreshpage elementor-hidden-desktop elementor-hidden-tablet elementor-hidden-mobile elementor-widget elementor-widget-heading\" data-id=\"1bbc498\" data-element_type=\"widget\" data-e-type=\"widget\" data-widget_type=\"heading.default\">\n\t\t\t\t<div class=\"elementor-widget-container\">\n\t\t\t\t\t<h2 class=\"elementor-heading-title elementor-size-default\"><a href=\"https:\/\/veganbusinesscircle.com\/profile-account\/\" target=\"_blank\">Adatok friss\u00edt\u00e9se<\/a><\/h2>\t\t\t\t<\/div>\n\t\t\t\t<\/div>\n\t\t\t\t<\/div>\n\t\t\t\t<\/div>\n\t\t<div class=\"elementor-element elementor-element-b9707e3 e-con-full e-flex e-con e-child\" data-id=\"b9707e3\" data-element_type=\"container\" data-e-type=\"container\">\n\t\t\t\t<div class=\"elementor-element elementor-element-de49129 elementor-widget elementor-widget-html\" data-id=\"de49129\" data-element_type=\"widget\" data-e-type=\"widget\" data-widget_type=\"html.default\">\n\t\t\t\t<div class=\"elementor-widget-container\">\n\t\t\t\t\t<script>(function() {\n  const targetUrl = \"https:\/\/veganbusinesscircle.com\/become-member-success\";\n\n  \/\/ Watch for the confirmation button to appear\n  const observer = new MutationObserver(() => {\n    const btn = document.querySelector(\n      \".checkout-member .state-planChangeConfirmation button.o--Button--btn\"\n    );\n    if (btn) {\n      console.log(\"\u2705 Checkout success detected \u2014 redirecting now...\");\n      observer.disconnect(); \/\/ stop watching\n      window.location.href = targetUrl;\n    }\n  });\n\n  observer.observe(document.body, { childList: true, subtree: true });\n})();\n<\/script>\t\t\t\t<\/div>\n\t\t\t\t<\/div>\n\t\t<div class=\"elementor-element elementor-element-b86a212 e-con-full e-flex e-con e-child\" data-id=\"b86a212\" data-element_type=\"container\" data-e-type=\"container\">\n\t\t\t\t<div class=\"elementor-element elementor-element-0ddfda9 elementor-widget elementor-widget-heading\" data-id=\"0ddfda9\" data-element_type=\"widget\" data-e-type=\"widget\" data-widget_type=\"heading.default\">\n\t\t\t\t<div class=\"elementor-widget-container\">\n\t\t\t\t\t<h2 class=\"elementor-heading-title elementor-size-default\">Fizet\u00e9s<\/h2>\t\t\t\t<\/div>\n\t\t\t\t<\/div>\n\t\t\t\t<div class=\"elementor-element elementor-element-a145ba7 checkout-member elementor-widget elementor-widget-html\" data-id=\"a145ba7\" data-element_type=\"widget\" data-e-type=\"widget\" data-widget_type=\"html.default\">\n\t\t\t\t<div class=\"elementor-widget-container\">\n\t\t\t\t\t<div data-o-profile=\"1\" data-tab=\"planChange\" data-state-props=\"&#123;&#034;planUid&#034;&#058;&#034;EWB4POQr&#034;&#044;&#034;planPaymentTerm&#034;&#058;&#034;annual&#034;&#125;\" data-mode=\"embed\">\r\n<\/div>\t\t\t\t<\/div>\n\t\t\t\t<\/div>\n\t\t\t\t<\/div>\n\t\t\t\t<\/div>\n\t\t\t\t\t<\/div>\n\t\t\t\t<\/div>\n\t\t\t\t<\/div>\n\t\t","protected":false},"excerpt":{"rendered":"<p>V\u00e1lj tagg\u00e1 Sz\u00e1ml\u00e1z\u00e1si adatok Szerkeszt\u00e9s C\u00e9gn\u00e9v: Ad\u00f3sz\u00e1m: K\u00e1rtyasz\u00e1m: **** **** **** Sz\u00e1ml\u00e1z\u00e1si c\u00edm: , C\u00e9gk\u00e9nt szeretn\u00e9l el\u0151fizetni? K\u00e9rj\u00fck a sz\u00e1ml\u00e1z\u00e1shoz haszn\u00e1ld a hivatalos c\u00e9gnevet \u00e9s a hozz\u00e1 tartoz\u00f3 ad\u00f3sz\u00e1mot (xxxxxxxx-y-zz). Adatok friss\u00edt\u00e9se Fizet\u00e9s<\/p>\n","protected":false},"author":15,"featured_media":0,"parent":0,"menu_order":0,"comment_status":"closed","ping_status":"closed","template":"","meta":{"_acf_changed":false,"inline_featured_image":false,"footnotes":""},"class_list":["post-7617","page","type-page","status-publish","hentry"],"acf":[],"_links":{"self":[{"href":"https:\/\/veganbusinesscircle.com\/hu\/wp-json\/wp\/v2\/pages\/7617","targetHints":{"allow":["GET"]}}],"collection":[{"href":"https:\/\/veganbusinesscircle.com\/hu\/wp-json\/wp\/v2\/pages"}],"about":[{"href":"https:\/\/veganbusinesscircle.com\/hu\/wp-json\/wp\/v2\/types\/page"}],"author":[{"embeddable":true,"href":"https:\/\/veganbusinesscircle.com\/hu\/wp-json\/wp\/v2\/users\/15"}],"replies":[{"embeddable":true,"href":"https:\/\/veganbusinesscircle.com\/hu\/wp-json\/wp\/v2\/comments?post=7617"}],"version-history":[{"count":13,"href":"https:\/\/veganbusinesscircle.com\/hu\/wp-json\/wp\/v2\/pages\/7617\/revisions"}],"predecessor-version":[{"id":8400,"href":"https:\/\/veganbusinesscircle.com\/hu\/wp-json\/wp\/v2\/pages\/7617\/revisions\/8400"}],"wp:attachment":[{"href":"https:\/\/veganbusinesscircle.com\/hu\/wp-json\/wp\/v2\/media?parent=7617"}],"curies":[{"name":"wp","href":"https:\/\/api.w.org\/{rel}","templated":true}]}}