{"id":7709,"date":"2025-09-15T09:07:23","date_gmt":"2025-09-15T07:07:23","guid":{"rendered":"https:\/\/veganbusinesscircle.com\/become-member-success\/"},"modified":"2025-11-12T09:04:19","modified_gmt":"2025-11-12T08:04:19","slug":"become-member-success","status":"publish","type":"page","link":"https:\/\/veganbusinesscircle.com\/hu\/become-member-success\/","title":{"rendered":"become-member-success"},"content":{"rendered":"\t\t<div data-elementor-type=\"wp-page\" data-elementor-id=\"7709\" class=\"elementor elementor-7709 elementor-7590\" data-elementor-post-type=\"page\">\n\t\t\t\t<div class=\"elementor-element elementor-element-abd7021 e-flex e-con-boxed e-con e-parent\" data-id=\"abd7021\" data-element_type=\"container\" data-e-type=\"container\">\n\t\t\t\t\t<div class=\"e-con-inner\">\n\t\t<div class=\"elementor-element elementor-element-1992982 e-con-full e-flex e-con e-child\" data-id=\"1992982\" data-element_type=\"container\" data-e-type=\"container\" data-settings=\"{&quot;background_background&quot;:&quot;classic&quot;}\">\n\t\t<div class=\"elementor-element elementor-element-afbb2c0 e-con-full e-flex e-con e-child\" data-id=\"afbb2c0\" data-element_type=\"container\" data-e-type=\"container\">\n\t\t\t\t<div class=\"elementor-element elementor-element-c4c3921 elementor-view-default elementor-widget elementor-widget-icon\" data-id=\"c4c3921\" data-element_type=\"widget\" data-e-type=\"widget\" data-widget_type=\"icon.default\">\n\t\t\t\t<div class=\"elementor-widget-container\">\n\t\t\t\t\t\t\t<div class=\"elementor-icon-wrapper\">\n\t\t\t<div class=\"elementor-icon\">\n\t\t\t<svg xmlns=\"http:\/\/www.w3.org\/2000\/svg\" width=\"24\" height=\"24\" viewBox=\"0 0 24 24\" fill=\"none\"><g clip-path=\"url(#clip0_343_346)\"><path d=\"M12 2C6.48 2 2 6.48 2 12C2 17.52 6.48 22 12 22C17.52 22 22 17.52 22 12C22 6.48 17.52 2 12 2ZM10 17L5 12L6.41 10.59L10 14.17L17.59 6.58L19 8L10 17Z\" fill=\"#8FD400\"><\/path><\/g><defs><clipPath id=\"clip0_343_346\"><rect width=\"24\" height=\"24\" fill=\"white\"><\/rect><\/clipPath><\/defs><\/svg>\t\t\t<\/div>\n\t\t<\/div>\n\t\t\t\t\t\t<\/div>\n\t\t\t\t<\/div>\n\t\t<div class=\"elementor-element elementor-element-854f2e9 e-con-full e-flex e-con e-child\" data-id=\"854f2e9\" data-element_type=\"container\" data-e-type=\"container\">\n\t\t\t\t<div class=\"elementor-element elementor-element-900e7f0 elementor-widget elementor-widget-heading\" data-id=\"900e7f0\" data-element_type=\"widget\" data-e-type=\"widget\" data-widget_type=\"heading.default\">\n\t\t\t\t<div class=\"elementor-widget-container\">\n\t\t\t\t\t<h2 class=\"elementor-heading-title elementor-size-default\">Sikeres csatlakoz\u00e1s!<\/h2>\t\t\t\t<\/div>\n\t\t\t\t<\/div>\n\t\t\t\t<div class=\"elementor-element elementor-element-4f6c315 elementor-widget elementor-widget-text-editor\" data-id=\"4f6c315\" data-element_type=\"widget\" data-e-type=\"widget\" data-widget_type=\"text-editor.default\">\n\t\t\t\t<div class=\"elementor-widget-container\">\n\t\t\t\t\t\t\t\t\t<p><span style=\"font-weight: bold; white-space-collapse: preserve;\">Most m\u00e1r hivatalosan is Vegan Business Circle tagg\u00e1 v\u00e1lt\u00e1l!<\/span><br><span style=\"white-space-collapse: preserve;\">Hamarosan e-mailt k\u00fcld\u00fcnk b\u0151vebb inform\u00e1ci\u00f3kkal a tags\u00e1godr\u00f3l, figyeld az email fi\u00f3kodat!<\/span><\/p>\t\t\t\t\t\t\t\t<\/div>\n\t\t\t\t<\/div>\n\t\t\t\t<\/div>\n\t\t\t\t<div class=\"elementor-element elementor-element-d0942a0 elementor-align-center elementor-widget elementor-widget-button\" data-id=\"d0942a0\" data-element_type=\"widget\" data-e-type=\"widget\" data-widget_type=\"button.default\">\n\t\t\t\t<div class=\"elementor-widget-container\">\n\t\t\t\t\t\t\t\t\t<div class=\"elementor-button-wrapper\">\n\t\t\t\t\t<a class=\"elementor-button elementor-button-link elementor-size-sm\" href=\"https:\/\/veganbusinesscircle.com\/hu\/\">\n\t\t\t\t\t\t<span class=\"elementor-button-content-wrapper\">\n\t\t\t\t\t\t<span class=\"elementor-button-icon\">\n\t\t\t\t<svg xmlns=\"http:\/\/www.w3.org\/2000\/svg\" width=\"17\" height=\"13\" viewBox=\"0 0 17 13\" fill=\"none\"><path d=\"M10.6356 0.125L9.91313 0.831562L15.0716 5.99531L0 5.99531L0 7.00469L15.0716 7.00469L9.91313 12.1737L10.6356 12.875L17 6.5L10.6356 0.125Z\" fill=\"#8FD400\"><\/path><\/svg>\t\t\t<\/span>\n\t\t\t\t\t\t\t\t\t<span class=\"elementor-button-text\">Vissza a F\u0151oldalra<\/span>\n\t\t\t\t\t<\/span>\n\t\t\t\t\t<\/a>\n\t\t\t\t<\/div>\n\t\t\t\t\t\t\t\t<\/div>\n\t\t\t\t<\/div>\n\t\t\t\t<\/div>\n\t\t\t\t<\/div>\n\t\t\t\t\t<\/div>\n\t\t\t\t<\/div>\n\t\t\t\t<\/div>\n\t\t","protected":false},"excerpt":{"rendered":"<p>Sikeres csatlakoz\u00e1s! Most m\u00e1r hivatalosan is Vegan Business Circle tagg\u00e1 v\u00e1lt\u00e1l!Hamarosan e-mailt k\u00fcld\u00fcnk b\u0151vebb inform\u00e1ci\u00f3kkal a tags\u00e1godr\u00f3l, figyeld az email fi\u00f3kodat! Vissza a F\u0151oldalra<\/p>\n","protected":false},"author":15,"featured_media":0,"parent":0,"menu_order":0,"comment_status":"closed","ping_status":"closed","template":"","meta":{"_acf_changed":false,"inline_featured_image":false,"footnotes":""},"class_list":["post-7709","page","type-page","status-publish","hentry"],"acf":[],"_links":{"self":[{"href":"https:\/\/veganbusinesscircle.com\/hu\/wp-json\/wp\/v2\/pages\/7709","targetHints":{"allow":["GET"]}}],"collection":[{"href":"https:\/\/veganbusinesscircle.com\/hu\/wp-json\/wp\/v2\/pages"}],"about":[{"href":"https:\/\/veganbusinesscircle.com\/hu\/wp-json\/wp\/v2\/types\/page"}],"author":[{"embeddable":true,"href":"https:\/\/veganbusinesscircle.com\/hu\/wp-json\/wp\/v2\/users\/15"}],"replies":[{"embeddable":true,"href":"https:\/\/veganbusinesscircle.com\/hu\/wp-json\/wp\/v2\/comments?post=7709"}],"version-history":[{"count":3,"href":"https:\/\/veganbusinesscircle.com\/hu\/wp-json\/wp\/v2\/pages\/7709\/revisions"}],"predecessor-version":[{"id":7832,"href":"https:\/\/veganbusinesscircle.com\/hu\/wp-json\/wp\/v2\/pages\/7709\/revisions\/7832"}],"wp:attachment":[{"href":"https:\/\/veganbusinesscircle.com\/hu\/wp-json\/wp\/v2\/media?parent=7709"}],"curies":[{"name":"wp","href":"https:\/\/api.w.org\/{rel}","templated":true}]}}