{"id":799,"date":"2024-05-26T15:26:21","date_gmt":"2024-05-26T15:26:21","guid":{"rendered":"https:\/\/veganbusinesscircle.com\/kosar\/"},"modified":"2025-04-07T10:22:08","modified_gmt":"2025-04-07T08:22:08","slug":"kosar","status":"publish","type":"page","link":"https:\/\/veganbusinesscircle.com\/hu\/kosar\/","title":{"rendered":"Kos\u00e1r"},"content":{"rendered":"\t\t<div data-elementor-type=\"wp-page\" data-elementor-id=\"799\" class=\"elementor elementor-799\" data-elementor-post-type=\"page\">\n\t\t\t\t<div class=\"elementor-element elementor-element-e976b52 e-flex e-con-boxed e-con e-parent\" data-id=\"e976b52\" data-element_type=\"container\" data-e-type=\"container\">\n\t\t\t\t\t<div class=\"e-con-inner\">\n\t\t\t\t\t<\/div>\n\t\t\t\t<\/div>\n\t\t\t\t<\/div>\n\t\t","protected":false},"excerpt":{"rendered":"<p>T\u00e9tel t\u00f6rl\u00e9se B\u00e9lyegk\u00e9p Term\u00e9k \u00c1r Mennyis\u00e9g R\u00e9sz\u00f6sszeg &times; VBC tags\u00e1g &#8211; Havi 19.900&nbsp;&#70;&#116; \/ h\u00f3nap VBC tags\u00e1g &#8211; Havi mennyis\u00e9g 19.900&nbsp;&#70;&#116; \/ h\u00f3nap Kupon hozz\u00e1ad\u00e1sa \u00d6sszesen R\u00e9sz\u00f6sszeg 19.900&nbsp;&#70;&#116; Ad\u00f3 5.373&nbsp;&#070;&#116; \u00d6sszeg 25.273&nbsp;&#70;&#116; Ism\u00e9tl\u0151d\u0151 \u00f6sszesen R\u00e9sz\u00f6sszeg 19.900&nbsp;&#070;&#116; every h\u00f3nap Ad\u00f3 5.373&nbsp;&#070;&#116; every h\u00f3nap Ism\u00e9tl\u0151d\u0151 \u00f6sszesen 25.273&nbsp;&#070;&#116; every h\u00f3napEls\u0151 meg\u00faj\u00edt\u00e1s: 2024.10.09. Tov\u00e1bb a p\u00e9nzt\u00e1rhoz<\/p>\n","protected":false},"author":1,"featured_media":0,"parent":0,"menu_order":0,"comment_status":"closed","ping_status":"closed","template":"","meta":{"_acf_changed":false,"inline_featured_image":false,"footnotes":""},"class_list":["post-799","page","type-page","status-publish","hentry"],"acf":[],"_links":{"self":[{"href":"https:\/\/veganbusinesscircle.com\/hu\/wp-json\/wp\/v2\/pages\/799","targetHints":{"allow":["GET"]}}],"collection":[{"href":"https:\/\/veganbusinesscircle.com\/hu\/wp-json\/wp\/v2\/pages"}],"about":[{"href":"https:\/\/veganbusinesscircle.com\/hu\/wp-json\/wp\/v2\/types\/page"}],"author":[{"embeddable":true,"href":"https:\/\/veganbusinesscircle.com\/hu\/wp-json\/wp\/v2\/users\/1"}],"replies":[{"embeddable":true,"href":"https:\/\/veganbusinesscircle.com\/hu\/wp-json\/wp\/v2\/comments?post=799"}],"version-history":[{"count":27,"href":"https:\/\/veganbusinesscircle.com\/hu\/wp-json\/wp\/v2\/pages\/799\/revisions"}],"predecessor-version":[{"id":2593,"href":"https:\/\/veganbusinesscircle.com\/hu\/wp-json\/wp\/v2\/pages\/799\/revisions\/2593"}],"wp:attachment":[{"href":"https:\/\/veganbusinesscircle.com\/hu\/wp-json\/wp\/v2\/media?parent=799"}],"curies":[{"name":"wp","href":"https:\/\/api.w.org\/{rel}","templated":true}]}}