{"id":800,"date":"2024-05-26T15:26:21","date_gmt":"2024-05-26T15:26:21","guid":{"rendered":"https:\/\/veganbusinesscircle.com\/penztar\/"},"modified":"2025-04-07T10:21:59","modified_gmt":"2025-04-07T08:21:59","slug":"penztar","status":"publish","type":"page","link":"https:\/\/veganbusinesscircle.com\/hu\/penztar\/","title":{"rendered":"P\u00e9nzt\u00e1r"},"content":{"rendered":"\t\t<div data-elementor-type=\"wp-page\" data-elementor-id=\"800\" class=\"elementor elementor-800\" data-elementor-post-type=\"page\">\n\t\t\t\t<div class=\"elementor-element elementor-element-73d868f e-flex e-con-boxed e-con e-parent\" data-id=\"73d868f\" data-element_type=\"container\" data-e-type=\"container\">\n\t\t\t\t\t<div class=\"e-con-inner\">\n\t\t\t\t\t<\/div>\n\t\t\t\t<\/div>\n\t\t\t\t<\/div>\n\t\t","protected":false},"excerpt":{"rendered":"<p>Sz\u00e1ml\u00e1z\u00e1si adatok Vezet\u00e9kn\u00e9v&nbsp;* Keresztn\u00e9v&nbsp;* C\u00e9g n\u00e9v&nbsp;* Ad\u00f3sz\u00e1m&nbsp;(nem k\u00f6telez\u0151) Orsz\u00e1g&nbsp;*V\u00e1lassz egy orsz\u00e1g\/r\u00e9gi\u00f3t&hellip;Afganiszt\u00e1n\u00c5land-szigetekAlb\u00e1niaAlg\u00e9riaAmerikai Egyes\u00fclt \u00c1llamokAmerikai Egyes\u00fclt \u00c1llamok lakatlan k\u00fclbirtokaiAmerikai SzamoaAmerikai Virgin-szigetekAndorraAngolaAnguillaAntarktiszAntigua \u00e9s\u00a0BarbudaArgent\u00ednaArubaAusztr\u00e1liaAusztriaAzerbajdzs\u00e1nBahama-szigetekBahreinBangladesBarbadosBelaruszBelauBelgiumBelizeBeninBermudaBhut\u00e1nBissau-GuineaBol\u00edviaBonaire, Saint Eustatius \u00e9s SabaBosznia-HercegovinaBotswanaBouvet-szigetBraz\u00edliaBrit Indiai-\u00f3ce\u00e1ni Ter\u00fcletBrit Virgin-szigetekBruneiBulg\u00e1riaBurkina FasoBurundiChileCiprusComore-szigetekCook-szigetekCosta RicaCura&ccedil;aoCs\u00e1dCsehorsz\u00e1gD\u00e1niaD\u00e9l-AfrikaD\u00e9l-Georgia \u00e9s D\u00e9li-Sandwish-szigetekD\u00e9l-KoreaD\u00e9l-Szud\u00e1nDominikaDominikai K\u00f6zt\u00e1rsas\u00e1gDzsibutiEcuadorEgyenl\u00edt\u0151i-GuineaEgyes\u00fclt Arab Em\u00edrs\u00e9gekEgyes\u00fclt Kir\u00e1lys\u00e1gEgyiptomElef\u00e1ntcsontpartEritrea\u00c9szak-Korea\u00c9szak-Maced\u00f3nia\u00c9szaki-Mariana-szigetek\u00c9sztorsz\u00e1gEti\u00f3piaFalkland-szigetekFer\u00f6er-szigetekFidzsi-szigetekFinnorsz\u00e1gFrancia D\u00e9li Ter\u00fcletekFrancia GuyanaFrancia Polin\u00e9ziaFranciaorsz\u00e1gF\u00fcl\u00f6p-szigetekGabonGambiaGh\u00e1naGibralt\u00e1rG\u00f6r\u00f6gorsz\u00e1gGrenadaGr\u00f6nlandGr\u00faziaGuadeloupeGuamGuatemalaGuernseyGuineaGuyanaHaitiHeard-sziget \u00e9s McDonald-szigetekHollandiaHondurasHongkongHorv\u00e1torsz\u00e1gIndiaIndon\u00e9ziaIrakIr\u00e1n\u00cdrorsz\u00e1gIzlandIzraelJamaicaJap\u00e1nJemenJerseyJord\u00e1niaKajm\u00e1n-szigetekKambodzsaKamerunKanadaKar\u00e1csony-szigetKat\u00e1rKazahszt\u00e1nKelet-TimorKenyaK\u00ednaKirgiziszt\u00e1nKiribatiK\u00f3kusz-szigetek\/Keeling-szigetekKolumbiaKong\u00f3Kong\u00f3i Demokratikus K\u00f6zt\u00e1rsas\u00e1gK\u00f6z\u00e9p-afrikai K\u00f6zt\u00e1rsas\u00e1gKubaKuvaitLaoszLengyelorsz\u00e1gLesothoLettorsz\u00e1gLibanonLib\u00e9riaL\u00edbiaLiechtensteinLitv\u00e1niaLuxemburgMadagaszk\u00e1rMagyarorsz\u00e1gMaka\u00f3MalajziaMalawiMaldiv-szigetekMaliM\u00e1ltaManMarokk\u00f3Marshall-szigetekMartiniqueMaurit\u00e1niaMauritiusMayotteMexik\u00f3MianmarMikron\u00e9ziaMoldovaMonacoMong\u00f3liaMontenegr\u00f3MontserratMozambzikNam\u00edbiaNauruN\u00e9metorsz\u00e1gNep\u00e1lNicaraguaNigerNig\u00e9riaNiueNorfolk-szigetNorv\u00e9giaNyugat-SzaharaOlaszorsz\u00e1gOm\u00e1nOroszorsz\u00e1g\u00d6rm\u00e9nyorsz\u00e1gPakiszt\u00e1nPalesztinaPanamaP\u00e1pua \u00daj-GuineaParaguayPeruPitcairn-szigetekPortug\u00e1liaPuerto RicoR\u00e9unionRom\u00e1niaRuandaS&atilde;o Tom&eacute; \u00e9s Pr&iacute;ncipeSaint Kitts \u00e9s NevisSaint LuciaSaint Martin (Francia [&hellip;]<\/p>\n","protected":false},"author":1,"featured_media":0,"parent":0,"menu_order":0,"comment_status":"closed","ping_status":"closed","template":"","meta":{"_acf_changed":false,"inline_featured_image":false,"footnotes":""},"class_list":["post-800","page","type-page","status-publish","hentry"],"acf":[],"_links":{"self":[{"href":"https:\/\/veganbusinesscircle.com\/hu\/wp-json\/wp\/v2\/pages\/800","targetHints":{"allow":["GET"]}}],"collection":[{"href":"https:\/\/veganbusinesscircle.com\/hu\/wp-json\/wp\/v2\/pages"}],"about":[{"href":"https:\/\/veganbusinesscircle.com\/hu\/wp-json\/wp\/v2\/types\/page"}],"author":[{"embeddable":true,"href":"https:\/\/veganbusinesscircle.com\/hu\/wp-json\/wp\/v2\/users\/1"}],"replies":[{"embeddable":true,"href":"https:\/\/veganbusinesscircle.com\/hu\/wp-json\/wp\/v2\/comments?post=800"}],"version-history":[{"count":31,"href":"https:\/\/veganbusinesscircle.com\/hu\/wp-json\/wp\/v2\/pages\/800\/revisions"}],"predecessor-version":[{"id":3785,"href":"https:\/\/veganbusinesscircle.com\/hu\/wp-json\/wp\/v2\/pages\/800\/revisions\/3785"}],"wp:attachment":[{"href":"https:\/\/veganbusinesscircle.com\/hu\/wp-json\/wp\/v2\/media?parent=800"}],"curies":[{"name":"wp","href":"https:\/\/api.w.org\/{rel}","templated":true}]}}