{"id":801,"date":"2024-05-26T15:26:21","date_gmt":"2024-05-26T15:26:21","guid":{"rendered":"https:\/\/veganbusinesscircle.com\/fiokom\/"},"modified":"2024-08-29T07:14:08","modified_gmt":"2024-08-29T05:14:08","slug":"fiokom","status":"publish","type":"page","link":"https:\/\/veganbusinesscircle.com\/hu\/fiokom\/","title":{"rendered":"Fi\u00f3kom"},"content":{"rendered":"\t\t<div data-elementor-type=\"wp-page\" data-elementor-id=\"801\" class=\"elementor elementor-801\" data-elementor-post-type=\"page\">\n\t\t\t\t<div class=\"elementor-element elementor-element-0fcb79d e-flex e-con-boxed e-con e-parent\" data-id=\"0fcb79d\" data-element_type=\"container\" data-e-type=\"container\">\n\t\t\t\t\t<div class=\"e-con-inner\">\n\t\t\t\t\t<\/div>\n\t\t\t\t<\/div>\n\t\t\t\t<\/div>\n\t\t","protected":false},"excerpt":{"rendered":"<p>Fi\u00f3kom Rendel\u00e9sek Let\u00f6lt\u00e9sek C\u00edmek Fizet\u00e9si m\u00f3dok Adatok Kijelentkez\u00e9s \u00dcdv mevelio! (nem mevelio vagy? Kijelentkez\u00e9s) A fi\u00f3kban megtekinthet\u0151k a legut\u00f3bbi rendel\u00e9sek, m\u00f3dos\u00edthat\u00f3k a sz\u00e1ll\u00edt\u00e1si \u00e9s sz\u00e1ml\u00e1z\u00e1si c\u00edmek \u00e9s szerkeszthet\u0151 a jelsz\u00f3, valamint egy\u00e9b fi\u00f3k adatok.<\/p>\n","protected":false},"author":1,"featured_media":0,"parent":0,"menu_order":0,"comment_status":"closed","ping_status":"closed","template":"","meta":{"_acf_changed":false,"inline_featured_image":false,"footnotes":""},"class_list":["post-801","page","type-page","status-publish","hentry"],"acf":[],"_links":{"self":[{"href":"https:\/\/veganbusinesscircle.com\/hu\/wp-json\/wp\/v2\/pages\/801","targetHints":{"allow":["GET"]}}],"collection":[{"href":"https:\/\/veganbusinesscircle.com\/hu\/wp-json\/wp\/v2\/pages"}],"about":[{"href":"https:\/\/veganbusinesscircle.com\/hu\/wp-json\/wp\/v2\/types\/page"}],"author":[{"embeddable":true,"href":"https:\/\/veganbusinesscircle.com\/hu\/wp-json\/wp\/v2\/users\/1"}],"replies":[{"embeddable":true,"href":"https:\/\/veganbusinesscircle.com\/hu\/wp-json\/wp\/v2\/comments?post=801"}],"version-history":[{"count":21,"href":"https:\/\/veganbusinesscircle.com\/hu\/wp-json\/wp\/v2\/pages\/801\/revisions"}],"predecessor-version":[{"id":2208,"href":"https:\/\/veganbusinesscircle.com\/hu\/wp-json\/wp\/v2\/pages\/801\/revisions\/2208"}],"wp:attachment":[{"href":"https:\/\/veganbusinesscircle.com\/hu\/wp-json\/wp\/v2\/media?parent=801"}],"curies":[{"name":"wp","href":"https:\/\/api.w.org\/{rel}","templated":true}]}}