{"id":8778,"date":"2025-12-15T14:54:53","date_gmt":"2025-12-15T13:54:53","guid":{"rendered":"https:\/\/veganbusinesscircle.com\/kapcsolat-2\/"},"modified":"2026-01-19T11:31:05","modified_gmt":"2026-01-19T10:31:05","slug":"kapcsolat-2","status":"publish","type":"page","link":"https:\/\/veganbusinesscircle.com\/hu\/kapcsolat-2\/","title":{"rendered":"Kapcsolat"},"content":{"rendered":"\t\t<div data-elementor-type=\"wp-page\" data-elementor-id=\"8778\" class=\"elementor elementor-8778 elementor-8662\" data-elementor-post-type=\"page\">\n\t\t\t\t<div class=\"elementor-element elementor-element-96378a6 e-flex e-con-boxed e-con e-parent\" data-id=\"96378a6\" data-element_type=\"container\" data-e-type=\"container\">\n\t\t\t\t\t<div class=\"e-con-inner\">\n\t\t\t\t<div class=\"elementor-element elementor-element-f03b596 elementor-widget elementor-widget-heading\" data-id=\"f03b596\" data-element_type=\"widget\" data-e-type=\"widget\" data-widget_type=\"heading.default\">\n\t\t\t\t<div class=\"elementor-widget-container\">\n\t\t\t\t\t<h2 class=\"elementor-heading-title elementor-size-default\">Kapcsolat<\/h2>\t\t\t\t<\/div>\n\t\t\t\t<\/div>\n\t\t\t\t\t<\/div>\n\t\t\t\t<\/div>\n\t\t<div class=\"elementor-element elementor-element-1302edf e-flex e-con-boxed e-con e-parent\" data-id=\"1302edf\" data-element_type=\"container\" data-e-type=\"container\" data-settings=\"{&quot;background_background&quot;:&quot;classic&quot;}\">\n\t\t\t\t\t<div class=\"e-con-inner\">\n\t\t<div class=\"elementor-element elementor-element-b4a79c6 e-con-full e-flex e-con e-child\" data-id=\"b4a79c6\" data-element_type=\"container\" data-e-type=\"container\" data-settings=\"{&quot;background_background&quot;:&quot;classic&quot;}\">\n\t\t\t\t<div class=\"elementor-element elementor-element-5dcfdb2 elementor-button-align-center elementor-widget elementor-widget-form\" data-id=\"5dcfdb2\" data-element_type=\"widget\" data-e-type=\"widget\" data-settings=\"{&quot;step_next_label&quot;:&quot;K\\u00f6vetkez\\u0151&quot;,&quot;step_previous_label&quot;:&quot;El\\u0151z\\u0151&quot;,&quot;button_width&quot;:&quot;100&quot;,&quot;step_type&quot;:&quot;number_text&quot;,&quot;step_icon_shape&quot;:&quot;circle&quot;}\" data-widget_type=\"form.default\">\n\t\t\t\t<div class=\"elementor-widget-container\">\n\t\t\t\t\t\t\t<form class=\"elementor-form\" method=\"post\" name=\"Kapcsolat\" aria-label=\"Kapcsolat\">\n\t\t\t<input type=\"hidden\" name=\"post_id\" value=\"8778\"\/>\n\t\t\t<input type=\"hidden\" name=\"form_id\" value=\"5dcfdb2\"\/>\n\t\t\t<input type=\"hidden\" name=\"referer_title\" value=\"\" \/>\n\n\t\t\t\n\t\t\t<div class=\"elementor-form-fields-wrapper elementor-labels-above\">\n\t\t\t\t\t\t\t\t<div class=\"elementor-field-type-text elementor-field-group elementor-column elementor-field-group-fieldName elementor-col-50 elementor-md-100 elementor-field-required\">\n\t\t\t\t\t\t\t\t\t\t\t\t<label for=\"form-field-fieldName\" class=\"elementor-field-label\">\n\t\t\t\t\t\t\t\tN\u00e9v\t\t\t\t\t\t\t<\/label>\n\t\t\t\t\t\t\t\t\t\t\t\t\t\t<input size=\"1\" type=\"text\" name=\"form_fields[fieldName]\" id=\"form-field-fieldName\" class=\"elementor-field elementor-size-md  elementor-field-textual\" placeholder=\"N\u00e9v\" required=\"required\">\n\t\t\t\t\t\t\t\t\t\t\t<\/div>\n\t\t\t\t\t\t\t\t<div class=\"elementor-field-type-email elementor-field-group elementor-column elementor-field-group-fieldEmail elementor-col-50 elementor-md-100 elementor-field-required\">\n\t\t\t\t\t\t\t\t\t\t\t\t<label for=\"form-field-fieldEmail\" class=\"elementor-field-label\">\n\t\t\t\t\t\t\t\tEmail\t\t\t\t\t\t\t<\/label>\n\t\t\t\t\t\t\t\t\t\t\t\t\t\t<input size=\"1\" type=\"email\" name=\"form_fields[fieldEmail]\" id=\"form-field-fieldEmail\" class=\"elementor-field elementor-size-md  elementor-field-textual\" placeholder=\"Email\" required=\"required\">\n\t\t\t\t\t\t\t\t\t\t\t<\/div>\n\t\t\t\t\t\t\t\t<div class=\"elementor-field-type-select elementor-field-group elementor-column elementor-field-group-fieldChapter elementor-col-50 elementor-md-100 elementor-field-required\">\n\t\t\t\t\t\t\t\t\t\t\t\t<label for=\"form-field-fieldChapter\" class=\"elementor-field-label\">\n\t\t\t\t\t\t\t\tOrsz\u00e1g\t\t\t\t\t\t\t<\/label>\n\t\t\t\t\t\t\t\t<div class=\"elementor-field elementor-select-wrapper remove-before \">\n\t\t\t<div class=\"select-caret-down-wrapper\">\n\t\t\t\t<i aria-hidden=\"true\" class=\"eicon-caret-down\"><\/i>\t\t\t<\/div>\n\t\t\t<select name=\"form_fields[fieldChapter]\" id=\"form-field-fieldChapter\" class=\"elementor-field-textual elementor-size-md\" required=\"required\">\n\t\t\t\t\t\t\t\t\t<option value=\"Select a chapter\" selected=\"selected\">V\u00e1lassz orsz\u00e1got<\/option>\n\t\t\t\t\t\t\t\t\t<option value=\"Hungary\">Magyarorsz\u00e1g<\/option>\n\t\t\t\t\t\t\t\t\t<option value=\"United Kingdom\">Egyes\u00fclt kir\u00e1lys\u00e1g<\/option>\n\t\t\t\t\t\t\t\t\t<option value=\"France\">Franciaorsz\u00e1g<\/option>\n\t\t\t\t\t\t\t\t\t<option value=\"Germany\">N\u00e9metorsz\u00e1g<\/option>\n\t\t\t\t\t\t\t\t\t<option value=\"Belgium\">Belgium<\/option>\n\t\t\t\t\t\t\t\t\t<option value=\"Romania\">Rom\u00e1nia<\/option>\n\t\t\t\t\t\t\t\t\t<option value=\"Serbia\">Szerbia<\/option>\n\t\t\t\t\t\t\t\t\t<option value=\"Croatia\">Horv\u00e1torsz\u00e1g<\/option>\n\t\t\t\t\t\t\t\t\t<option value=\"Czechia\">Csehorsz\u00e1g<\/option>\n\t\t\t\t\t\t\t\t\t<option value=\"Switzerland\">Sv\u00e1jc<\/option>\n\t\t\t\t\t\t\t\t\t<option value=\"Other\">Egy\u00e9b<\/option>\n\t\t\t\t\t\t\t<\/select>\n\t\t<\/div>\n\t\t\t\t\t\t<\/div>\n\t\t\t\t\t\t\t\t<div class=\"elementor-field-type-select elementor-field-group elementor-column elementor-field-group-fieldTopic elementor-col-50 elementor-md-100 elementor-field-required\">\n\t\t\t\t\t\t\t\t\t\t\t\t<label for=\"form-field-fieldTopic\" class=\"elementor-field-label\">\n\t\t\t\t\t\t\t\tEzzel kapcsolatban szeretn\u00e9k \u00e9rdelk\u0151dni\t\t\t\t\t\t\t<\/label>\n\t\t\t\t\t\t\t\t<div class=\"elementor-field elementor-select-wrapper remove-before \">\n\t\t\t<div class=\"select-caret-down-wrapper\">\n\t\t\t\t<i aria-hidden=\"true\" class=\"eicon-caret-down\"><\/i>\t\t\t<\/div>\n\t\t\t<select name=\"form_fields[fieldTopic]\" id=\"form-field-fieldTopic\" class=\"elementor-field-textual elementor-size-md\" required=\"required\">\n\t\t\t\t\t\t\t\t\t<option value=\"Select a topic\" selected=\"selected\">V\u00e1lassz t\u00e9mak\u00f6rt<\/option>\n\t\t\t\t\t\t\t\t\t<option value=\"Becoming a Member\">Tagg\u00e1v\u00e1l\u00e1s<\/option>\n\t\t\t\t\t\t\t\t\t<option value=\"Event\">Esem\u00e9nyek<\/option>\n\t\t\t\t\t\t\t\t\t<option value=\"Launching a VBC chapter in my country\">VBC csoport ind\u00edt\u00e1sa<\/option>\n\t\t\t\t\t\t\t\t\t<option value=\"Collaboration\">Egy\u00fcttm\u0171k\u00f6d\u00e9s<\/option>\n\t\t\t\t\t\t\t\t\t<option value=\"Invoicing\">Sz\u00e1ml\u00e1z\u00e1s<\/option>\n\t\t\t\t\t\t\t\t\t<option value=\"Other\">Egy\u00e9b<\/option>\n\t\t\t\t\t\t\t<\/select>\n\t\t<\/div>\n\t\t\t\t\t\t<\/div>\n\t\t\t\t\t\t\t\t<div class=\"elementor-field-type-textarea elementor-field-group elementor-column elementor-field-group-fieldMessage elementor-col-100 elementor-field-required\">\n\t\t\t\t\t\t\t\t\t\t\t\t<label for=\"form-field-fieldMessage\" class=\"elementor-field-label\">\n\t\t\t\t\t\t\t\t\u00dczenet\t\t\t\t\t\t\t<\/label>\n\t\t\t\t\t\t<textarea class=\"elementor-field-textual elementor-field  elementor-size-md\" name=\"form_fields[fieldMessage]\" id=\"form-field-fieldMessage\" rows=\"4\" required=\"required\"><\/textarea>\t\t\t\t<\/div>\n\t\t\t\t\t\t\t\t<div class=\"elementor-field-type-hidden elementor-field-group elementor-column elementor-field-group-fieldCurrentTime elementor-col-100\">\n\t\t\t\t\t\t\t\t\t\t\t\t\t<input size=\"1\" type=\"hidden\" name=\"form_fields[fieldCurrentTime]\" id=\"form-field-fieldCurrentTime\" class=\"elementor-field elementor-size-md  elementor-field-textual\" value=\"2026.05.07. 01:34\">\n\t\t\t\t\t\t\t\t\t\t\t<\/div>\n\t\t\t\t\t\t\t\t<div class=\"elementor-field-type-hidden elementor-field-group elementor-column elementor-field-group-fieldPageTitle elementor-col-100\">\n\t\t\t\t\t\t\t\t\t\t\t\t\t<input size=\"1\" type=\"hidden\" name=\"form_fields[fieldPageTitle]\" id=\"form-field-fieldPageTitle\" class=\"elementor-field elementor-size-md  elementor-field-textual\">\n\t\t\t\t\t\t\t\t\t\t\t<\/div>\n\t\t\t\t\t\t\t\t<div class=\"elementor-field-group elementor-column elementor-field-type-submit elementor-col-100 e-form__buttons\">\n\t\t\t\t\t<button class=\"elementor-button elementor-size-sm\" type=\"submit\">\n\t\t\t\t\t\t<span class=\"elementor-button-content-wrapper\">\n\t\t\t\t\t\t\t\t\t\t\t\t\t\t\t\t\t\t\t\t\t\t<span class=\"elementor-button-text\">\u00dczenet k\u00fcld\u00e9se<\/span>\n\t\t\t\t\t\t\t\t\t\t\t\t\t<\/span>\n\t\t\t\t\t<\/button>\n\t\t\t\t<\/div>\n\t\t\t<\/div>\n\t\t<\/form>\n\t\t\t\t\t\t<\/div>\n\t\t\t\t<\/div>\n\t\t\t\t<\/div>\n\t\t\t\t\t<\/div>\n\t\t\t\t<\/div>\n\t\t\t\t<\/div>\n\t\t","protected":false},"excerpt":{"rendered":"<p>Kapcsolat<\/p>\n","protected":false},"author":15,"featured_media":0,"parent":0,"menu_order":0,"comment_status":"closed","ping_status":"closed","template":"","meta":{"_acf_changed":false,"inline_featured_image":false,"footnotes":""},"class_list":["post-8778","page","type-page","status-publish","hentry"],"acf":[],"_links":{"self":[{"href":"https:\/\/veganbusinesscircle.com\/hu\/wp-json\/wp\/v2\/pages\/8778","targetHints":{"allow":["GET"]}}],"collection":[{"href":"https:\/\/veganbusinesscircle.com\/hu\/wp-json\/wp\/v2\/pages"}],"about":[{"href":"https:\/\/veganbusinesscircle.com\/hu\/wp-json\/wp\/v2\/types\/page"}],"author":[{"embeddable":true,"href":"https:\/\/veganbusinesscircle.com\/hu\/wp-json\/wp\/v2\/users\/15"}],"replies":[{"embeddable":true,"href":"https:\/\/veganbusinesscircle.com\/hu\/wp-json\/wp\/v2\/comments?post=8778"}],"version-history":[{"count":7,"href":"https:\/\/veganbusinesscircle.com\/hu\/wp-json\/wp\/v2\/pages\/8778\/revisions"}],"predecessor-version":[{"id":8914,"href":"https:\/\/veganbusinesscircle.com\/hu\/wp-json\/wp\/v2\/pages\/8778\/revisions\/8914"}],"wp:attachment":[{"href":"https:\/\/veganbusinesscircle.com\/hu\/wp-json\/wp\/v2\/media?parent=8778"}],"curies":[{"name":"wp","href":"https:\/\/api.w.org\/{rel}","templated":true}]}}